{"id":16830,"date":"2018-11-14T20:01:42","date_gmt":"2018-11-14T20:01:42","guid":{"rendered":"https:\/\/topholds.com\/numeradas\/"},"modified":"2025-10-02T14:37:31","modified_gmt":"2025-10-02T14:37:31","slug":"numeradas","status":"publish","type":"product","link":"https:\/\/topholds.com\/sv\/erbjudande\/klattringrepp\/barn\/numeradas\/","title":{"rendered":"Kl\u00e4ttergrepp Paket Numeradas"},"content":{"rendered":"<p><strong>Numeradas \u00e4r ett paket med 10 kl\u00e4ttergrepp<\/strong> med en mjuk sandstensyta, designade f\u00f6r att passa olika niv\u00e5er av f\u00e4rdighet och grepppreferenser.<\/p>\n<p>Paketen Numeradas erbjuder <strong>grepp i sk\u00e5l perfekt f\u00f6r barn eller nyb\u00f6rjare<\/strong>, men om man v\u00e4nder dem blir de trubbiga med tunna kanter f\u00f6r dem som gillar en st\u00f6rre utmaning n\u00e4r de kl\u00e4ttrar.<\/p>\n<p>Greppen \u00e4r numrerade fr\u00e5n 1 till 10, vilket m\u00f6jligg\u00f6r riktade tr\u00e4ningar och spel f\u00f6r de sm\u00e5, vilket tillf\u00f6r b\u00e5de n\u00f6je och motivation. Dessa grepp \u00e4r l\u00e4mpliga f\u00f6r alla \u00f6verh\u00e4ng, vilket g\u00f6r dem idealiska b\u00e5de f\u00f6r kl\u00e4tterv\u00e4ggar hemma och i gymmet.<\/p>\n<p>Varje grepp har ett h\u00e5l f\u00f6r skruv som f\u00f6rhindrar rotation, vilket ger st\u00f6rre stabilitet och s\u00e4kerhet under anv\u00e4ndning. Det rekommenderas att <strong>anv\u00e4nda skruvar M10x40 eller M8x40<\/strong> f\u00f6r att s\u00e4kerst\u00e4lla en fast och h\u00e5llbar installation.<\/p>\n<p>T\u00e4nk p\u00e5 att produktens f\u00e4rger kan variera fr\u00e5n bilden som visas. Om du \u00f6nskar en specifik f\u00e4rg, tveka inte att kontakta oss.<\/p>\n","protected":false},"excerpt":{"rendered":"<ul>\n<li>Numererade \u00e4r ett paket med 10 kl\u00e4ttergrepp.<\/li>\n<li>Mjukt sandstensliknande yta.<\/li>\n<li>Grepp i sk\u00e5lsform f\u00f6r barn eller nyb\u00f6rjare.<\/li>\n<li>Numrerade fr\u00e5n 1 till 10 f\u00f6r att genomf\u00f6ra riktade tr\u00e4ningar och spel f\u00f6r de sm\u00e5.<\/li>\n<li>F\u00f6r alla \u00f6verh\u00e4ng.<\/li>\n<\/ul>\n","protected":false},"featured_media":19719,"comment_status":"open","ping_status":"closed","template":"","meta":[],"product_brand":[],"product_cat":[479,425],"product_tag":[],"class_list":{"0":"post-16830","1":"product","2":"type-product","3":"status-publish","4":"has-post-thumbnail","6":"product_cat-barn","7":"product_cat-klattringrepp","9":"first","10":"instock","11":"taxable","12":"shipping-taxable","13":"purchasable","14":"product-type-simple"},"_links":{"self":[{"href":"https:\/\/topholds.com\/sv\/wp-json\/wp\/v2\/product\/16830","targetHints":{"allow":["GET"]}}],"collection":[{"href":"https:\/\/topholds.com\/sv\/wp-json\/wp\/v2\/product"}],"about":[{"href":"https:\/\/topholds.com\/sv\/wp-json\/wp\/v2\/types\/product"}],"replies":[{"embeddable":true,"href":"https:\/\/topholds.com\/sv\/wp-json\/wp\/v2\/comments?post=16830"}],"wp:featuredmedia":[{"embeddable":true,"href":"https:\/\/topholds.com\/sv\/wp-json\/wp\/v2\/media\/19719"}],"wp:attachment":[{"href":"https:\/\/topholds.com\/sv\/wp-json\/wp\/v2\/media?parent=16830"}],"wp:term":[{"taxonomy":"product_brand","embeddable":true,"href":"https:\/\/topholds.com\/sv\/wp-json\/wp\/v2\/product_brand?post=16830"},{"taxonomy":"product_cat","embeddable":true,"href":"https:\/\/topholds.com\/sv\/wp-json\/wp\/v2\/product_cat?post=16830"},{"taxonomy":"product_tag","embeddable":true,"href":"https:\/\/topholds.com\/sv\/wp-json\/wp\/v2\/product_tag?post=16830"}],"curies":[{"name":"wp","href":"https:\/\/api.w.org\/{rel}","templated":true}]}}