{"id":16835,"date":"2018-11-18T19:20:16","date_gmt":"2018-11-18T19:20:16","guid":{"rendered":"https:\/\/topholds.com\/bestial\/"},"modified":"2024-08-26T04:11:54","modified_gmt":"2024-08-26T04:11:54","slug":"bestial","status":"publish","type":"product","link":"https:\/\/topholds.com\/sv\/erbjudande\/hinderbana\/traning\/upphangningar\/bestial\/","title":{"rendered":"Hinderbana Upph\u00e4ngningar Bestial"},"content":{"rendered":"<p><strong>Bestial, en m\u00e5ngsidig komponent f\u00f6r upph\u00e4ngningar och dragningar<\/strong>, designad f\u00f6r dem som vill tillf\u00f6ra sp\u00e4nning och utmaning till sina tr\u00e4ningar.<\/p>\n<p><em>Suspension OCR Bestial<\/em> erbjuder flera greppalternativ f\u00f6r pull-ups, men under det dynamiska steget till\u00e5ter den bara ett som kr\u00e4ver mer teknik \u00e4n bollar.<\/p>\n<p>Med en perfekt ergonomi f\u00f6r handen och en <strong>mjuk men klibbig textur<\/strong>, blir Bestial ett <strong>exceptionellt verktyg f\u00f6r dina kl\u00e4ttrings-, OCR- och Crossfit-tr\u00e4ningar<\/strong>.<\/p>\n<p>Dess l\u00e4tta design g\u00f6r den idealisk att ta med sig \u00f6verallt och anv\u00e4nda i dina utomhustr\u00e4ningar eller p\u00e5 gymmet.<\/p>\n<p>Vi har valt ett dubbelt sn\u00f6re p\u00e5 6 mm av flera anledningar:<\/p>\n<ul>\n<li>Inga hinder i greppet.<\/li>\n<li>P\u00e5 endast 3 sekunder, med en larksnod, kan du h\u00e4nga det p\u00e5 vilken gren, pull-up-st\u00e5ng etc. som helst.<\/li>\n<li>Med en karbinhake kan du h\u00e4nga det f\u00f6r tak- eller \u00f6verh\u00e4ngning.<\/li>\n<\/ul>\n<p>Produktens f\u00e4rger kan variera fr\u00e5n bilden som visas. Om du \u00f6nskar en specifik f\u00e4rg, tveka inte att kontakta oss.<\/p>\n","protected":false},"excerpt":{"rendered":"<ul>\n<li>Bestial \u00e4r ett element f\u00f6r upph\u00e4ngningar\/traktioner.<\/li>\n<li>Mycket l\u00e4tta, perfekta att ta med till v\u00e5ra tr\u00e4ningspass var som helst.<\/li>\n<li>Inga hinder i greppet.<\/li>\n<li>P\u00e5 3 sekunder h\u00e4nger vi dem med en skyltdragknut p\u00e5 vilken gren, pull-up-bar, etc. som helst.<\/li>\n<li>Med en karbinhake h\u00e4nger vi dem f\u00f6r tak- eller \u00f6verh\u00e4ngs\u00f6vningar.<\/li>\n<\/ul>\n","protected":false},"featured_media":6886,"comment_status":"open","ping_status":"closed","template":"","meta":[],"product_brand":[],"product_cat":[416,515,517],"product_tag":[],"class_list":{"0":"post-16835","1":"product","2":"type-product","3":"status-publish","4":"has-post-thumbnail","6":"product_cat-hinderbana","7":"product_cat-traning","8":"product_cat-upphangningar","10":"first","11":"instock","12":"taxable","13":"shipping-taxable","14":"purchasable","15":"product-type-simple"},"_links":{"self":[{"href":"https:\/\/topholds.com\/sv\/wp-json\/wp\/v2\/product\/16835","targetHints":{"allow":["GET"]}}],"collection":[{"href":"https:\/\/topholds.com\/sv\/wp-json\/wp\/v2\/product"}],"about":[{"href":"https:\/\/topholds.com\/sv\/wp-json\/wp\/v2\/types\/product"}],"replies":[{"embeddable":true,"href":"https:\/\/topholds.com\/sv\/wp-json\/wp\/v2\/comments?post=16835"}],"wp:featuredmedia":[{"embeddable":true,"href":"https:\/\/topholds.com\/sv\/wp-json\/wp\/v2\/media\/6886"}],"wp:attachment":[{"href":"https:\/\/topholds.com\/sv\/wp-json\/wp\/v2\/media?parent=16835"}],"wp:term":[{"taxonomy":"product_brand","embeddable":true,"href":"https:\/\/topholds.com\/sv\/wp-json\/wp\/v2\/product_brand?post=16835"},{"taxonomy":"product_cat","embeddable":true,"href":"https:\/\/topholds.com\/sv\/wp-json\/wp\/v2\/product_cat?post=16835"},{"taxonomy":"product_tag","embeddable":true,"href":"https:\/\/topholds.com\/sv\/wp-json\/wp\/v2\/product_tag?post=16835"}],"curies":[{"name":"wp","href":"https:\/\/api.w.org\/{rel}","templated":true}]}}