{"id":16840,"date":"2018-12-30T19:18:08","date_gmt":"2018-12-30T19:18:08","guid":{"rendered":"https:\/\/topholds.com\/nunchaku-grips\/"},"modified":"2026-03-08T20:22:18","modified_gmt":"2026-03-08T20:22:18","slug":"nunchaku-grips","status":"publish","type":"product","link":"https:\/\/topholds.com\/sv\/erbjudande\/hinderbana\/traning\/upphangningar\/nunchaku-grips\/","title":{"rendered":"Hinderbana Upph\u00e4ngningar Nunchaku Grips"},"content":{"rendered":"<p><strong>Nunchaku Grips \u00e4r OCR-h\u00e4ngningar<\/strong> inspirerade av nunchaku, det traditionella japanska vapnet. De har en h\u00f6jd p\u00e5 18 cm och en diameter p\u00e5 3,7 cm.<\/p>\n<p>Deras ergonomi och mjuka men greppv\u00e4nliga yta g\u00f6r dem till <strong>brutala grepp f\u00f6r att f\u00f6rb\u00e4ttra din styrka och uth\u00e5llighet inom kl\u00e4ttring, OCR och Crossfit<\/strong>.<\/p>\n<p>Nunchaku Grips \u00e4r <strong>mycket l\u00e4tta och enkla att transportera<\/strong>. Du kan h\u00e4nga dem var som helst med ett dubbelt sn\u00f6re p\u00e5 6 mm som ing\u00e5r: en gren, en chinning-bar, en karbinhake\u2026 S\u00e5 att du kan \u00f6va tak- eller \u00f6verh\u00e4ngningsutg\u00e5ngar med mer bekv\u00e4mlighet.<\/p>\n<p>F\u00e4rgerna p\u00e5 nunchaku grips kan variera j\u00e4mf\u00f6rt med bilden. Om du vill v\u00e4lja en specifik f\u00e4rg, kontakta oss.<\/p>\n","protected":false},"excerpt":{"rendered":"<ul>\n<li>Perfekt ergonomi f\u00f6r handen.<\/li>\n<li>Mycket l\u00e4tta, idealiska att ta med till v\u00e5ra tr\u00e4ningar var som helst.<\/li>\n<li>P\u00e5 3 sekunder med en alondra-knut h\u00e4nger vi dem p\u00e5 vilken gren som helst&#8230;<\/li>\n<li>Med en karbinhake h\u00e4nger vi dem f\u00f6r tak- eller \u00f6verh\u00e4ngsutflykter.<\/li>\n<\/ul>\n","protected":false},"featured_media":6975,"comment_status":"open","ping_status":"closed","template":"","meta":[],"product_brand":[],"product_cat":[416,515,517],"product_tag":[],"class_list":{"0":"post-16840","1":"product","2":"type-product","3":"status-publish","4":"has-post-thumbnail","6":"product_cat-hinderbana","7":"product_cat-traning","8":"product_cat-upphangningar","10":"first","11":"instock","12":"sale","13":"taxable","14":"shipping-taxable","15":"purchasable","16":"product-type-simple"},"_links":{"self":[{"href":"https:\/\/topholds.com\/sv\/wp-json\/wp\/v2\/product\/16840","targetHints":{"allow":["GET"]}}],"collection":[{"href":"https:\/\/topholds.com\/sv\/wp-json\/wp\/v2\/product"}],"about":[{"href":"https:\/\/topholds.com\/sv\/wp-json\/wp\/v2\/types\/product"}],"replies":[{"embeddable":true,"href":"https:\/\/topholds.com\/sv\/wp-json\/wp\/v2\/comments?post=16840"}],"wp:featuredmedia":[{"embeddable":true,"href":"https:\/\/topholds.com\/sv\/wp-json\/wp\/v2\/media\/6975"}],"wp:attachment":[{"href":"https:\/\/topholds.com\/sv\/wp-json\/wp\/v2\/media?parent=16840"}],"wp:term":[{"taxonomy":"product_brand","embeddable":true,"href":"https:\/\/topholds.com\/sv\/wp-json\/wp\/v2\/product_brand?post=16840"},{"taxonomy":"product_cat","embeddable":true,"href":"https:\/\/topholds.com\/sv\/wp-json\/wp\/v2\/product_cat?post=16840"},{"taxonomy":"product_tag","embeddable":true,"href":"https:\/\/topholds.com\/sv\/wp-json\/wp\/v2\/product_tag?post=16840"}],"curies":[{"name":"wp","href":"https:\/\/api.w.org\/{rel}","templated":true}]}}