{"id":16850,"date":"2019-03-28T20:19:28","date_gmt":"2019-03-28T20:19:28","guid":{"rendered":"https:\/\/topholds.com\/terra-3\/"},"modified":"2024-08-26T04:13:52","modified_gmt":"2024-08-26T04:13:52","slug":"terra-3","status":"publish","type":"product","link":"https:\/\/topholds.com\/sv\/erbjudande\/klattringrepp\/terra-3\/","title":{"rendered":"Kl\u00e4ttergrepp Paket Terra 3"},"content":{"rendered":"<p><strong>Terra 3 \u00e4r ett paket med 3 kl\u00e4ttergrepp<\/strong> med en attraktiv mjuk sandstensliknande textur och djup struktur, designade f\u00f6r att f\u00f6rb\u00e4ttra din prestation p\u00e5 v\u00e4ggen.<\/p>\n<p>Varje grepp \u00e4r <strong>utrustat med ett anti-rotation skruvh\u00e5l<\/strong>, vilket s\u00e4kerst\u00e4ller st\u00f6rre stabilitet och f\u00f6rhindrar o\u00f6nskade r\u00f6relser under anv\u00e4ndning.<\/p>\n<p>F\u00f6r en s\u00e4ker och h\u00e5llbar installation rekommenderas det att <strong>anv\u00e4nda M10x40 skruvar (rekommenderas) eller M8x40 f\u00f6r att installera greppen<\/strong>.<\/p>\n<p>T\u00e4nk p\u00e5 att f\u00e4rgerna p\u00e5 produkten kan variera fr\u00e5n bilden som visas. Om du \u00f6nskar en specifik f\u00e4rg, tveka inte att kontakta oss.<\/p>\n","protected":false},"excerpt":{"rendered":"<ul>\n<li>Terra 3 \u00e4r en upps\u00e4ttning av 3 kl\u00e4ttergrepp.<\/li>\n<li>Mjukt sandstensliknande textur och en mycket djup struktur.<\/li>\n<li>Alla har ett h\u00e5l f\u00f6r anti-rotationsskruv.<\/li>\n<\/ul>\n<p>&nbsp;<\/p>\n","protected":false},"featured_media":19769,"comment_status":"open","ping_status":"closed","template":"","meta":[],"product_brand":[],"product_cat":[425],"product_tag":[],"class_list":{"0":"post-16850","1":"product","2":"type-product","3":"status-publish","4":"has-post-thumbnail","6":"product_cat-klattringrepp","8":"first","9":"instock","10":"taxable","11":"shipping-taxable","12":"purchasable","13":"product-type-simple"},"_links":{"self":[{"href":"https:\/\/topholds.com\/sv\/wp-json\/wp\/v2\/product\/16850","targetHints":{"allow":["GET"]}}],"collection":[{"href":"https:\/\/topholds.com\/sv\/wp-json\/wp\/v2\/product"}],"about":[{"href":"https:\/\/topholds.com\/sv\/wp-json\/wp\/v2\/types\/product"}],"replies":[{"embeddable":true,"href":"https:\/\/topholds.com\/sv\/wp-json\/wp\/v2\/comments?post=16850"}],"wp:featuredmedia":[{"embeddable":true,"href":"https:\/\/topholds.com\/sv\/wp-json\/wp\/v2\/media\/19769"}],"wp:attachment":[{"href":"https:\/\/topholds.com\/sv\/wp-json\/wp\/v2\/media?parent=16850"}],"wp:term":[{"taxonomy":"product_brand","embeddable":true,"href":"https:\/\/topholds.com\/sv\/wp-json\/wp\/v2\/product_brand?post=16850"},{"taxonomy":"product_cat","embeddable":true,"href":"https:\/\/topholds.com\/sv\/wp-json\/wp\/v2\/product_cat?post=16850"},{"taxonomy":"product_tag","embeddable":true,"href":"https:\/\/topholds.com\/sv\/wp-json\/wp\/v2\/product_tag?post=16850"}],"curies":[{"name":"wp","href":"https:\/\/api.w.org\/{rel}","templated":true}]}}