{"id":16855,"date":"2019-03-29T07:14:43","date_gmt":"2019-03-29T07:14:43","guid":{"rendered":"https:\/\/topholds.com\/terra-35\/"},"modified":"2024-08-26T04:14:48","modified_gmt":"2024-08-26T04:14:48","slug":"terra-35","status":"publish","type":"product","link":"https:\/\/topholds.com\/sv\/erbjudande\/klattringrepp\/terra-35\/","title":{"rendered":"Kl\u00e4ttergrepp Paket Terra 35"},"content":{"rendered":"<div class=\"flex-1 overflow-hidden\">\n<div class=\"react-scroll-to-bottom--css-ogubs-79elbk h-full dark:bg-gray-800\">\n<div class=\"react-scroll-to-bottom--css-ogubs-1n7m0yu\">\n<div class=\"flex flex-col items-center text-sm dark:bg-gray-800\">\n<div class=\"group w-full text-gray-800 dark:text-gray-100 border-b border-black\/10 dark:border-gray-900\/50 bg-gray-50 dark:bg-[#444654]\">\n<div class=\"text-base gap-4 md:gap-6 md:max-w-2xl lg:max-w-2xl xl:max-w-3xl p-4 md:py-6 flex lg:px-0 m-auto\">\n<div class=\"relative flex w-[calc(100%-50px)] flex-col gap-1 md:gap-3 lg:w-[calc(100%-115px)]\">\n<div class=\"flex flex-grow flex-col gap-3\">\n<div class=\"min-h-[20px] flex flex-col items-start gap-4 whitespace-pre-wrap\">\n<div class=\"markdown prose w-full break-words dark:prose-invert light\">\n<p><strong>Terra 35 \u00e4r ett paket med 3 kl\u00e4ttringshandtag<\/strong> med mjuk sandstensyt och djup struktur.<\/p>\n<p>Dessa handtag erbjuder stora sk\u00e5lar att greppa med b\u00e5da h\u00e4nder, <strong>idealiska f\u00f6r att \u00f6vervinna \u00f6verh\u00e4ng och tak<\/strong>. Om du v\u00e4nder dem upp och ner, hittar du utmanande platta och listiga taggar som kr\u00e4ver ett fast grepp, vilket m\u00f6jligg\u00f6r en stor variation av konfigurationer p\u00e5 din kl\u00e4tterv\u00e4gg.<\/p>\n<p>Varje handtag \u00e4r utrustat med ett h\u00e5l f\u00f6r skruv som f\u00f6rhindrar rotation, vilket garanterar <strong>st\u00f6rre stabilitet och f\u00f6rhindrar o\u00f6nskade r\u00f6relser under anv\u00e4ndning<\/strong>.<\/p>\n<p>F\u00f6r installation rekommenderar vi att <strong>anv\u00e4nda M10x40 skruvar (rekommenderas) eller M8x40<\/strong>.<\/p>\n<p>Observera att produktens f\u00e4rger kan variera fr\u00e5n den visade bilden. Om du f\u00f6redrar en specifik f\u00e4rg, tveka inte att kontakta oss.<\/p>\n<\/div>\n<\/div>\n<\/div>\n<\/div>\n<\/div>\n<\/div>\n<\/div>\n<\/div>\n<\/div>\n","protected":false},"excerpt":{"rendered":"<ul>\n<li>Terra 35 \u00e4r ett set med 3 kl\u00e4ttergrepp.<\/li>\n<li>Mjukt sandstensyt och en mycket djup struktur.<\/li>\n<li>Stora grepp f\u00f6r tv\u00e5 h\u00e4nder.<\/li>\n<li>Passar f\u00f6r alla \u00f6verh\u00e4ng och tak.<\/li>\n<li>Alla f\u00f6rsedda med h\u00e5l f\u00f6r skruv med anti-rotationsfunktion.<\/li>\n<\/ul>\n","protected":false},"featured_media":19794,"comment_status":"open","ping_status":"closed","template":"","meta":[],"product_brand":[],"product_cat":[425],"product_tag":[],"class_list":{"0":"post-16855","1":"product","2":"type-product","3":"status-publish","4":"has-post-thumbnail","6":"product_cat-klattringrepp","8":"first","9":"instock","10":"taxable","11":"shipping-taxable","12":"purchasable","13":"product-type-simple"},"_links":{"self":[{"href":"https:\/\/topholds.com\/sv\/wp-json\/wp\/v2\/product\/16855","targetHints":{"allow":["GET"]}}],"collection":[{"href":"https:\/\/topholds.com\/sv\/wp-json\/wp\/v2\/product"}],"about":[{"href":"https:\/\/topholds.com\/sv\/wp-json\/wp\/v2\/types\/product"}],"replies":[{"embeddable":true,"href":"https:\/\/topholds.com\/sv\/wp-json\/wp\/v2\/comments?post=16855"}],"wp:featuredmedia":[{"embeddable":true,"href":"https:\/\/topholds.com\/sv\/wp-json\/wp\/v2\/media\/19794"}],"wp:attachment":[{"href":"https:\/\/topholds.com\/sv\/wp-json\/wp\/v2\/media?parent=16855"}],"wp:term":[{"taxonomy":"product_brand","embeddable":true,"href":"https:\/\/topholds.com\/sv\/wp-json\/wp\/v2\/product_brand?post=16855"},{"taxonomy":"product_cat","embeddable":true,"href":"https:\/\/topholds.com\/sv\/wp-json\/wp\/v2\/product_cat?post=16855"},{"taxonomy":"product_tag","embeddable":true,"href":"https:\/\/topholds.com\/sv\/wp-json\/wp\/v2\/product_tag?post=16855"}],"curies":[{"name":"wp","href":"https:\/\/api.w.org\/{rel}","templated":true}]}}