{"id":16860,"date":"2019-03-29T07:36:43","date_gmt":"2019-03-29T07:36:43","guid":{"rendered":"https:\/\/topholds.com\/terra-8\/"},"modified":"2024-08-26T04:15:24","modified_gmt":"2024-08-26T04:15:24","slug":"terra-8","status":"publish","type":"product","link":"https:\/\/topholds.com\/sv\/erbjudande\/klattringrepp\/terra-8\/","title":{"rendered":"Kl\u00e4ttergrepp Paket Terra 8"},"content":{"rendered":"<div class=\"flex-1 overflow-hidden\">\n<div class=\"react-scroll-to-bottom--css-ogubs-79elbk h-full dark:bg-gray-800\">\n<div class=\"react-scroll-to-bottom--css-ogubs-1n7m0yu\">\n<div class=\"flex flex-col items-center text-sm dark:bg-gray-800\">\n<div class=\"group w-full text-gray-800 dark:text-gray-100 border-b border-black\/10 dark:border-gray-900\/50 bg-gray-50 dark:bg-[#444654]\">\n<div class=\"text-base gap-4 md:gap-6 md:max-w-2xl lg:max-w-2xl xl:max-w-3xl p-4 md:py-6 flex lg:px-0 m-auto\">\n<div class=\"relative flex w-[calc(100%-50px)] flex-col gap-1 md:gap-3 lg:w-[calc(100%-115px)]\">\n<div class=\"flex flex-grow flex-col gap-3\">\n<div class=\"min-h-[20px] flex flex-col items-start gap-4 whitespace-pre-wrap\">\n<div class=\"markdown prose w-full break-words dark:prose-invert light\">\n<p><strong>Terra8 \u00e4r ett paket med 8 kl\u00e4ttringsgrepp<\/strong> med mjuk sandstensyta och djup struktur, designade f\u00f6r att ge dig en o\u00f6vertr\u00e4ffad kl\u00e4tterupplevelse.<\/p>\n<p>Terra8-greppen har en <strong>mjuk sandstensyta och djup struktur<\/strong>, vilket ger ett exceptionellt grepp och en bra kl\u00e4tterupplevelse.<\/p>\n<p>Dessa grepp \u00e4r <strong>l\u00e4mpliga f\u00f6r alla typer av \u00f6verh\u00e4ng och tak<\/strong>, och genom att v\u00e4nda dem hittar du runda grepp och sm\u00e5 kanter att greppa, vilket g\u00f6r att du kan designa utmanande och varierande rutter p\u00e5 din kl\u00e4tterv\u00e4gg.<\/p>\n<p>Alla grepp \u00e4r utrustade med ett h\u00e5l f\u00f6r antivridskruv, vilket garanterar \u00f6kad stabilitet och f\u00f6rhindrar o\u00f6nskade r\u00f6relser under anv\u00e4ndning.<\/p>\n<p>F\u00f6r att s\u00e4kerst\u00e4lla ett fast och h\u00e5llbart f\u00e4ste rekommenderas det att <strong>anv\u00e4nda skruvar M10x40 eller M8x40 vid installation av greppen<\/strong>.<\/p>\n<p>T\u00e4nk p\u00e5 att f\u00e4rgerna p\u00e5 produkten kan variera j\u00e4mf\u00f6rt med bilden som visas. Om du \u00f6nskar en specifik f\u00e4rg, tveka inte att kontakta oss.<\/p>\n<\/div>\n<\/div>\n<\/div>\n<\/div>\n<\/div>\n<\/div>\n<\/div>\n<\/div>\n<\/div>\n","protected":false},"excerpt":{"rendered":"<ul>\n<li>Terra 8 \u00e4r ett paket med 8 kl\u00e4ttergrepp.<\/li>\n<li>Mjukt sandstensutseende och en mycket djup struktur.<\/li>\n<li>L\u00e4mpliga f\u00f6r alla \u00f6verh\u00e4ng och tak.<\/li>\n<li>Alla f\u00f6rsedda med h\u00e5l f\u00f6r skruv med anti-rotationsfunktion.<\/li>\n<\/ul>\n<p>&nbsp;<\/p>\n","protected":false},"featured_media":19814,"comment_status":"open","ping_status":"closed","template":"","meta":[],"product_brand":[],"product_cat":[425],"product_tag":[],"class_list":{"0":"post-16860","1":"product","2":"type-product","3":"status-publish","4":"has-post-thumbnail","6":"product_cat-klattringrepp","8":"first","9":"instock","10":"taxable","11":"shipping-taxable","12":"purchasable","13":"product-type-simple"},"_links":{"self":[{"href":"https:\/\/topholds.com\/sv\/wp-json\/wp\/v2\/product\/16860","targetHints":{"allow":["GET"]}}],"collection":[{"href":"https:\/\/topholds.com\/sv\/wp-json\/wp\/v2\/product"}],"about":[{"href":"https:\/\/topholds.com\/sv\/wp-json\/wp\/v2\/types\/product"}],"replies":[{"embeddable":true,"href":"https:\/\/topholds.com\/sv\/wp-json\/wp\/v2\/comments?post=16860"}],"wp:featuredmedia":[{"embeddable":true,"href":"https:\/\/topholds.com\/sv\/wp-json\/wp\/v2\/media\/19814"}],"wp:attachment":[{"href":"https:\/\/topholds.com\/sv\/wp-json\/wp\/v2\/media?parent=16860"}],"wp:term":[{"taxonomy":"product_brand","embeddable":true,"href":"https:\/\/topholds.com\/sv\/wp-json\/wp\/v2\/product_brand?post=16860"},{"taxonomy":"product_cat","embeddable":true,"href":"https:\/\/topholds.com\/sv\/wp-json\/wp\/v2\/product_cat?post=16860"},{"taxonomy":"product_tag","embeddable":true,"href":"https:\/\/topholds.com\/sv\/wp-json\/wp\/v2\/product_tag?post=16860"}],"curies":[{"name":"wp","href":"https:\/\/api.w.org\/{rel}","templated":true}]}}