{"id":16865,"date":"2019-03-29T07:43:45","date_gmt":"2019-03-29T07:43:45","guid":{"rendered":"https:\/\/topholds.com\/terra-10\/"},"modified":"2024-08-26T04:16:02","modified_gmt":"2024-08-26T04:16:02","slug":"terra-10","status":"publish","type":"product","link":"https:\/\/topholds.com\/sv\/erbjudande\/klattringrepp\/terra-10\/","title":{"rendered":"Kl\u00e4ttergrepp Paket Terra 10"},"content":{"rendered":"<p><strong>Terra 10 \u00e4r ett paket med 10 kl\u00e4ttergrepp<\/strong> med en mjuk sandstensstruktur och ett djupt m\u00f6nster som g\u00f6r att du kan n\u00e5 nya h\u00f6jder i din tr\u00e4ning.<\/p>\n<p>Varje ett av de 10 greppen har en <strong>mjuk sandstensstruktur och ett djupt m\u00f6nster<\/strong>, vilket ger ett optimalt grepp och en stimulerande kl\u00e4ttringsupplevelse.<\/p>\n<p>De <em>Terra 10-greppen<\/em> \u00e4r <strong>l\u00e4mpliga f\u00f6r alla typer av tak och \u00f6verh\u00e4ng<\/strong>, vilket g\u00f6r att du kan skapa utmanande och dynamiska rutter p\u00e5 din kl\u00e4tterv\u00e4gg. Alla grepp har ett h\u00e5l f\u00f6r antimixskruv, vilket s\u00e4kerst\u00e4ller \u00f6kad stabilitet och f\u00f6rhindrar o\u00f6nskade vridningar under anv\u00e4ndning.<\/p>\n<p>F\u00f6r att s\u00e4kerst\u00e4lla en s\u00e4ker och h\u00e5llbar installation rekommenderas det att <strong>anv\u00e4nda skruvar M10x40 eller M8x40 vid installation av greppen<\/strong>.<\/p>\n<p>T\u00e4nk p\u00e5 att f\u00e4rgerna p\u00e5 produkten kan variera fr\u00e5n bilden som visas. Om du f\u00f6redrar en specifik f\u00e4rg, tveka inte att kontakta oss.<\/p>\n","protected":false},"excerpt":{"rendered":"<ul>\n<li>Terra 10 \u00e4r ett paket med 10 kl\u00e4ttergrepp.<\/li>\n<li>Sl\u00e4t sandstensstruktur och en mycket djup profil.<\/li>\n<li>Passar f\u00f6r alla slags \u00f6verh\u00e4ng och tak.<\/li>\n<li>Alla utrustade med ett h\u00e5l f\u00f6r anti-rotationsskruv.<\/li>\n<\/ul>\n","protected":false},"featured_media":19834,"comment_status":"open","ping_status":"closed","template":"","meta":[],"product_brand":[],"product_cat":[425],"product_tag":[],"class_list":{"0":"post-16865","1":"product","2":"type-product","3":"status-publish","4":"has-post-thumbnail","6":"product_cat-klattringrepp","8":"first","9":"instock","10":"taxable","11":"shipping-taxable","12":"purchasable","13":"product-type-simple"},"_links":{"self":[{"href":"https:\/\/topholds.com\/sv\/wp-json\/wp\/v2\/product\/16865","targetHints":{"allow":["GET"]}}],"collection":[{"href":"https:\/\/topholds.com\/sv\/wp-json\/wp\/v2\/product"}],"about":[{"href":"https:\/\/topholds.com\/sv\/wp-json\/wp\/v2\/types\/product"}],"replies":[{"embeddable":true,"href":"https:\/\/topholds.com\/sv\/wp-json\/wp\/v2\/comments?post=16865"}],"wp:featuredmedia":[{"embeddable":true,"href":"https:\/\/topholds.com\/sv\/wp-json\/wp\/v2\/media\/19834"}],"wp:attachment":[{"href":"https:\/\/topholds.com\/sv\/wp-json\/wp\/v2\/media?parent=16865"}],"wp:term":[{"taxonomy":"product_brand","embeddable":true,"href":"https:\/\/topholds.com\/sv\/wp-json\/wp\/v2\/product_brand?post=16865"},{"taxonomy":"product_cat","embeddable":true,"href":"https:\/\/topholds.com\/sv\/wp-json\/wp\/v2\/product_cat?post=16865"},{"taxonomy":"product_tag","embeddable":true,"href":"https:\/\/topholds.com\/sv\/wp-json\/wp\/v2\/product_tag?post=16865"}],"curies":[{"name":"wp","href":"https:\/\/api.w.org\/{rel}","templated":true}]}}