{"id":16875,"date":"2019-05-20T19:06:19","date_gmt":"2019-05-20T19:06:19","guid":{"rendered":"https:\/\/topholds.com\/chain-grip-evolution\/"},"modified":"2026-03-12T23:04:06","modified_gmt":"2026-03-12T23:04:06","slug":"chain-grip-evolution","status":"publish","type":"product","link":"https:\/\/topholds.com\/sv\/erbjudande\/hinderbana\/traning\/upphangningar\/chain-grip-evolution\/","title":{"rendered":"Hinderbana Upph\u00e4ngningar Chain Grip Evolution"},"content":{"rendered":"<p>De <strong>Chain Grip Evolution och Chain Grip Evolution MAX<\/strong> \u00e4r handtag med krok som \u00e4r <strong>idealiska f\u00f6r att genomf\u00f6ra horisontella och vertikala progressioner p\u00e5 kedjor<\/strong>, sm\u00e5 ringar och alla typer av strukturer, s\u00e4rskilt med MAX-modellen som breddar anv\u00e4ndningsm\u00f6jligheterna i dina tr\u00e4ningspass.<\/p>\n<p>Evolution-serien representerar ett framsteg i kvalitet och effektivitet inom OCR-v\u00e4rlden.<\/p>\n<p>Tillverkade med komponenter av h\u00f6gsta kvalitet, f\u00f6rb\u00e4ttrar TopHolds produkter i denna nya familj inte bara estetiken, utan ocks\u00e5 f\u00e4stkroken, som nu \u00e4r <strong>tillverkad av h\u00e4rdat h\u00f6gkvalitetsst\u00e5l<\/strong>. Den mer \u00f6ppna och avl\u00e5nga designen j\u00e4mf\u00f6rt med den tidigare Chain-serien m\u00f6jligg\u00f6r ett mer effektivt arbete med hindren.<\/p>\n<p><iframe title=\"YouTube video player\" src=\"https:\/\/www.youtube.com\/embed\/n2_DwBUEgdU\" width=\"560\" height=\"315\" frameborder=\"0\" allowfullscreen=\"allowfullscreen\"><\/iframe><\/p>\n<p>Den v\u00e4lk\u00e4nda texturen hos TopHolds garanterar ett klibbigt och mjukt grepp med h\u00e4nderna, <strong>vilket f\u00f6rhindrar glidning och l\u00e5ter dig tr\u00e4na uth\u00e5llighet under l\u00e4ngre perioder<\/strong>. Dessa <strong>OCR-h\u00e4ngningar<\/strong> \u00e4r perfekta f\u00f6r att berika dina kl\u00e4ttringstr\u00e4ningar, OCR och Crossfit.<\/p>\n<p>Chain Grip Evolution och Evolution MAX \u00e4r extremt l\u00e4tta, vilket g\u00f6r dem idealiska att ta med till dina tr\u00e4ningspass var som helst och n\u00e4r som helst, vilket underl\u00e4ttar inf\u00f6randet av extra utmaningar i din dagliga rutin.<\/p>\n<p>T\u00e4nk p\u00e5 att produktens f\u00e4rger kan variera i f\u00f6rh\u00e5llande till fotot. Tveka inte att kontakta oss om du \u00f6nskar en specifik f\u00e4rg.<\/p>\n","protected":false},"excerpt":{"rendered":"<ul>\n<li>Manglar med krok f\u00f6r att g\u00f6ra horisontella eller vertikala progressioner i kedjor eller sm\u00e5 ringar.<\/li>\n<li>\u00c4ven progressioner i alla typer av strukturer med Evolution MAX, vilket multiplicerar m\u00f6jligheterna.<\/li>\n<li>Berikar dina kl\u00e4ttringstr\u00e4ningar, OCR och Crossfit.<\/li>\n<\/ul>\n<p>&nbsp;<\/p>\n<p>&nbsp;<\/p>\n<p>&nbsp;<\/p>\n<p>&nbsp;<\/p>\n<p>&nbsp;<\/p>\n<p>&nbsp;<\/p>\n","protected":false},"featured_media":12510,"comment_status":"open","ping_status":"closed","template":"","meta":[],"product_brand":[],"product_cat":[416,515,517],"product_tag":[],"class_list":{"0":"post-16875","1":"product","2":"type-product","3":"status-publish","4":"has-post-thumbnail","6":"product_cat-hinderbana","7":"product_cat-traning","8":"product_cat-upphangningar","10":"first","11":"instock","12":"sale","13":"taxable","14":"shipping-taxable","15":"purchasable","16":"product-type-variable"},"_links":{"self":[{"href":"https:\/\/topholds.com\/sv\/wp-json\/wp\/v2\/product\/16875","targetHints":{"allow":["GET"]}}],"collection":[{"href":"https:\/\/topholds.com\/sv\/wp-json\/wp\/v2\/product"}],"about":[{"href":"https:\/\/topholds.com\/sv\/wp-json\/wp\/v2\/types\/product"}],"replies":[{"embeddable":true,"href":"https:\/\/topholds.com\/sv\/wp-json\/wp\/v2\/comments?post=16875"}],"wp:featuredmedia":[{"embeddable":true,"href":"https:\/\/topholds.com\/sv\/wp-json\/wp\/v2\/media\/12510"}],"wp:attachment":[{"href":"https:\/\/topholds.com\/sv\/wp-json\/wp\/v2\/media?parent=16875"}],"wp:term":[{"taxonomy":"product_brand","embeddable":true,"href":"https:\/\/topholds.com\/sv\/wp-json\/wp\/v2\/product_brand?post=16875"},{"taxonomy":"product_cat","embeddable":true,"href":"https:\/\/topholds.com\/sv\/wp-json\/wp\/v2\/product_cat?post=16875"},{"taxonomy":"product_tag","embeddable":true,"href":"https:\/\/topholds.com\/sv\/wp-json\/wp\/v2\/product_tag?post=16875"}],"curies":[{"name":"wp","href":"https:\/\/api.w.org\/{rel}","templated":true}]}}