{"id":16880,"date":"2019-07-07T16:26:53","date_gmt":"2019-07-07T16:26:53","guid":{"rendered":"https:\/\/topholds.com\/organisk-silikongel-75ml-climbskin\/"},"modified":"2024-08-26T04:17:58","modified_gmt":"2024-08-26T04:17:58","slug":"organisk-silikongel-75ml-climbskin","status":"publish","type":"product","link":"https:\/\/topholds.com\/sv\/erbjudande\/tillbehor\/kram\/organisk-silikongel-75ml-climbskin\/","title":{"rendered":"Organisk Silikongel 75 ml Climbskin"},"content":{"rendered":"<p>[vc_row][vc_column][vc_column_text]Ny GEL som inkluderar extrakt och oljor av h\u00f6gsta kvalitet med antiinflammatoriska och sm\u00e4rtlindrande egenskaper, kombinerade med organiskt kisel i en unik och innovativ formel. Dessa ingredienser hj\u00e4lper under alla faser av behandlingen vid \u00e5terh\u00e4mtning fr\u00e5n muskel-, sena- och ledskador. S\u00e4rskilt indicerat f\u00f6r idrottsskador, artropatier, bl\u00e5m\u00e4rken, samt f\u00f6r att p\u00e5skynda och optimera \u00e5terh\u00e4mtningen av v\u00e4vnader efter intensiva kl\u00e4ttringspass, tr\u00e4ning eller t\u00e4vling.<\/p>\n<p><strong>Vad skiljer det fr\u00e5n andra produkter?<\/strong><\/p>\n<p>De flesta produkter p\u00e5 marknaden fokuserar enbart p\u00e5 att behandla konsekvenserna av en skada: sm\u00e4rta och inflammation. Men \u00e4ven om detta \u00e4r n\u00f6dv\u00e4ndigt och gel\u00e9n med organiskt kisel ocks\u00e5 g\u00f6r det p\u00e5 ett mycket effektivt s\u00e4tt, finns det ett viktigare arbete att g\u00f6ra, att hj\u00e4lpa till att \u00e5terst\u00e4lla skadade eller tr\u00f6tta v\u00e4vnader. Kvaliteten p\u00e5 det organiska kislet och hur det har inf\u00f6rlivats i formeln \u00e4r <strong>NYCKELN<\/strong> i denna process.<\/p>\n<p>F\u00f6r professionellt eller privat bruk.<\/p>\n<p><strong>S\u00e5 h\u00e4r anv\u00e4nder du den.<\/strong><\/p>\n<p>Till\u00e4mpa en liten m\u00e4ngd p\u00e5 det omr\u00e5de som ska behandlas, genom en mjuk massage. V\u00e4nta 1 minut med gel\u00e9n utbredd f\u00f6r ett optimalt effekt av dess aktiva ingredienser och forts\u00e4tt massera tills n\u00e4stan total absorption.<\/p>\n<p>Upprepa 2-3 g\u00e5nger om dagen.<\/p>\n<p>Undvik kontakt med \u00f6gonen, s\u00e5r och slemhinnor. Denna gel \u00e4r f\u00f6r extern anv\u00e4ndning. Inhalera ej.<\/p>\n<p><strong>HUVUDINGREDIENSER<\/strong><\/p>\n<p><strong>+Organiskt Kisel:<\/strong><\/p>\n<p>Kisel \u00e4r det n\u00e4st vanligaste kemiska elementet i jordskorpan (endast \u00f6vertr\u00e4ffat av syre), d\u00e4r det f\u00f6rekommer i form av silikater, som naturligt filtreras i sm\u00e5 m\u00e4ngder som l\u00f6slig silikat, eller &#8217;kiselsyra&#8217; i floder, sj\u00f6ar och k\u00e4llor.<\/p>\n<p>Kiseldioxid \u00e4r, per definition, oorganisk, eftersom det \u00e4r sand, men v\u00e4xter absorberar dessa kiselkomponenter och omvandlar dem till fitoliter, en icke-kristallin form som kan assimileras av levande organismer, ocks\u00e5 k\u00e4nd som organiskt kisel. P\u00e5 s\u00e5 s\u00e4tt \u00e4r kisel tillg\u00e4ngligt i alla levande varelser, framf\u00f6r allt i <span class=\"goog-text-highlight\">v\u00e4xterna.<\/span><\/p>\n<p><strong>Skyddar ben och leder<\/strong>: det \u00e4r en grundl\u00e4ggande del av mineraliseringen av ben. Dess n\u00e4rvaro \u00e4r avg\u00f6rande f\u00f6r syntesen av fibrer, som elastin och kollagen, d\u00e4r kisel finns i stor m\u00e4ngd. H\u00e5ller lederna flexibla och f\u00f6rhindrar nedbrytning av brosk.<\/p>\n<ul>\n<li><strong>\u00c4r en kraftfull sm\u00e4rtlindrare och l\u00e4kningsmedel.<\/strong><\/li>\n<li><strong>Skyddar mot fria radikaler och cellul\u00e4r oxidation.<\/strong><\/li>\n<li><strong>Spelar en viktig roll i kroppens allm\u00e4nna \u00e4mnesoms\u00e4ttning<\/strong>: \u00e4r involverad i den regenerativa processen av celler genom att \u00e5terst\u00e4lla den elektrolytiska balansen hos de som \u00e4r skadade eller f\u00f6rsvagade och \u00f6kar cellul\u00e4r utbyte.<\/li>\n<\/ul>\n<p><strong>+Arnica:<\/strong><\/p>\n<ul>\n<li><strong>Egenskaper: <\/strong>sm\u00e4rtlindrande, antiinflammatoriska och antimikrobiella.<\/li>\n<\/ul>\n<p>Arnica har ocks\u00e5 en h\u00f6g rubefacient kapacitet, vilket inneb\u00e4r att den kan stimulera blodcirkulationen i det omr\u00e5de d\u00e4r den appliceras.<\/p>\n<p><strong>+Eugenia Caryophyllus (Kryddnejlika):<\/strong><\/p>\n<p>Kryddnejlikor anv\u00e4nds i Indien i <a class=\"mw-redirect\" title=\"Ayurvedisk medicin\" href=\"https:\/\/es.wikipedia.org\/wiki\/Medicina_Ayurveda\" target=\"_blank\" rel=\"noopener\">ayurvedisk medicin<\/a>, <a class=\"mw-redirect\" title=\"Kinesisk traditionell medicin\" href=\"https:\/\/es.wikipedia.org\/wiki\/Medicina_tradicional_china\" target=\"_blank\" rel=\"noopener\">kinesisk traditionell medicin<\/a>, v\u00e4sterl\u00e4ndsk \u00f6rtmedicin och tandv\u00e5rd, d\u00e4r <a title=\"Eterisk olja\" href=\"https:\/\/es.wikipedia.org\/wiki\/Aceite_esencial\" target=\"_blank\" rel=\"noopener\">den eteriska oljan<\/a> fungerar som ett lugnande medel (sm\u00e4rtlindrande).<\/p>\n<p><strong>+Symphytum Officinale (Baldrian):<\/strong><\/p>\n<ul>\n<li><strong>Egenskaper<\/strong>: cellregenererande, sammandragande, demulcerande, antiinflammatorisk och l\u00e4kningsmedel.<\/li>\n<\/ul>\n<p><strong>+Camellia Sinensis (Gr\u00f6nt te):<\/strong><\/p>\n<ul>\n<li><strong>Egenskaper<\/strong>: antioxidativa, antiinflammatoriska och anti-aging p\u00e5 grund av sitt inneh\u00e5ll av polyfenoler.<\/li>\n<\/ul>\n<p><strong>+Helichrysum Stoechas (Evighetsblomma):<\/strong><\/p>\n<ul>\n<li><strong>Egenskaper:\u00a0<\/strong>antimikrobiella, antiinflammatoriska och antioxidativa.<\/li>\n<\/ul>\n<p><strong>+Kamfer:<\/strong><\/p>\n<ul>\n<li><strong>Egenskaper: <\/strong>sm\u00e4rtlindrande, antiseptiska, spasmolytiska, sammandragande, cirkulationstimulerande, svettframkallande, termiska och balsamiska.<\/li>\n<\/ul>\n<p><strong>+Mentol:<\/strong><\/p>\n<ul>\n<li><strong>Egenskaper: <\/strong>sm\u00e4rtlindrande, tonande, uppfriskande och antiseptiska.<\/li>\n<\/ul>\n<p><strong>+Ricinolja (Castorolja):<\/strong><\/p>\n<p><em><span id=\"Aceite_de_ricino_o_aceite_de_castor\">Ricinolja eller castorolja?<\/span><\/em><\/p>\n<p>M\u00e5nga m\u00e4nniskor tror att den \u00e4r av animaliskt ursprung, eftersom den ofta kallas castorolja; detta \u00e4r en d\u00e5lig \u00f6vers\u00e4ttning fr\u00e5n engelska d\u00e4r den kallas Castor Oil; ordet Castor i det spr\u00e5ket h\u00e4nvisar till v\u00e4xten Ricinus och inte till djuret som p\u00e5 engelska kallas beaver.<\/p>\n<p>Bland dess medicinska anv\u00e4ndningar rekommenderas den f\u00f6r behandling av sm\u00e4rta, eftersom den har antibakteriella, antivirala och svampd\u00f6dande egenskaper.<\/p>\n<p><strong>Achillea Millefolium (Hj\u00e4rtblomma eller\u00a0<\/strong><strong>Milenrama<\/strong><strong>):<\/strong><\/p>\n<p><em>Den magiska v\u00e4xten<\/em><\/p>\n<p>Milenrama \u00e4r en av dessa v\u00e4xter som har anv\u00e4nts under \u00e5rhundraden i helande drycker, vilket g\u00f6r att den alltid har omgetts av en aura av magi och mysterium p\u00e5 grund av sina utm\u00e4rkta egenskaper. Ursprungligen fr\u00e5n Nordeuropa, m\u00e5ste denna v\u00e4xt fr\u00e5n <a class=\"link_parsed_content\" href=\"https:\/\/www.climbskin.com\/es\/Familia\" target=\"_blank\" rel=\"noopener\">familjen<\/a> Asteraceae f\u00e5r sitt vetenskapliga namn,<em>\u00a0Achillea millefolium L.<\/em>, fr\u00e5n den grekiska hj\u00e4ltinnan Achilles; enligt legenden anv\u00e4nde han den f\u00f6r att hela skador p\u00e5 sina soldater (den \u00e4r ocks\u00e5 k\u00e4nd som &#8221;soldaternas \u00f6rt&#8221;).<\/p>\n<div class=\"post-content\">\n<p>Vilka aktiva ingredienser bidrar till dess &#8221;magi&#8221;?<\/p>\n<p>Den\u00a0eteriska oljan inneh\u00e5ller:<\/p>\n<ul>\n<li>Chamazulen och andra azulener, med antiinflammatorisk aktivitet<\/li>\n<li>Sesquiterpen-laktone som f\u00f6rst\u00e4rker den antiinflammatoriska och antimikrobiella \u00e5tg\u00e4rden<\/li>\n<li>Linalool, kamfer, eukalyptol, cineol och kariofylle.<\/li>\n<li>Tanniner, med hemostatiska och l\u00e4kande effekter genom sin sammandragande verkan.<\/li>\n<li>Flavonoider, s\u00e5som apigenin och rutin, med antiinflammatorisk och spasmolytisk aktivitet.<\/li>\n<li>Alkaloider s\u00e5som akilein, som bidrar till den hemostatiska effekten.<\/li>\n<li>Salicylsyra, med antiinflammatorisk aktivitet.<\/li>\n<\/ul>\n<p>&nbsp;<\/p>\n<p><strong>INCI<\/strong><\/p>\n<table width=\"303\">\n<tbody>\n<tr>\n<td width=\"236\">AQUA<\/td>\n<\/tr>\n<tr>\n<td width=\"236\">PEG-40 HYDROGENATED CASTOR OIL<\/td>\n<\/tr>\n<tr>\n<td width=\"236\">GLYCERIN<\/td>\n<\/tr>\n<tr>\n<td width=\"236\">METHYLSILANOL MANNURONATE<\/td>\n<\/tr>\n<tr>\n<td width=\"236\">MENTHOL<\/td>\n<\/tr>\n<tr>\n<td width=\"236\">CAMPHOR<\/td>\n<\/tr>\n<tr>\n<td width=\"236\">ALCOHOL DENAT<\/td>\n<\/tr>\n<tr>\n<td width=\"236\">PHENOXYETHANOL<\/td>\n<\/tr>\n<tr>\n<td width=\"236\">CARBOMER<\/td>\n<\/tr>\n<tr>\n<td width=\"236\">BOSWELLIA CARTERII OIL<\/td>\n<\/tr>\n<tr>\n<td width=\"236\">SODIUM HYDROXIDE<\/td>\n<\/tr>\n<tr>\n<td width=\"236\">ACHILLEA MILLEFOLIUM FLOWER EXTRACT<\/td>\n<\/tr>\n<tr>\n<td width=\"236\">ARNICA MONTANA FLOWER EXTRACT<\/td>\n<\/tr>\n<tr>\n<td width=\"236\">EUGENIA CARYOPHYLLUS LEAF OIL<\/td>\n<\/tr>\n<tr>\n<td width=\"236\">SYMPHYTUM OFFICINALE LEAF EXTRACT<\/td>\n<\/tr>\n<tr>\n<td width=\"236\">CAMELLIA SINENSIS LEAF EXTRACT<\/td>\n<\/tr>\n<tr>\n<td width=\"236\">POTASSIUM SORBATE<\/td>\n<\/tr>\n<tr>\n<td width=\"236\">SODIUM BENZOATE<\/td>\n<\/tr>\n<tr>\n<td width=\"236\">HELICHRYSUM STOECHAS FLOWER EXTRACT<\/td>\n<\/tr>\n<tr>\n<td width=\"236\">METHYL SALICYLATE<\/td>\n<\/tr>\n<tr>\n<td width=\"236\">SORBIC ACID<\/td>\n<\/tr>\n<tr>\n<td width=\"236\">EUGENOL<\/td>\n<\/tr>\n<tr>\n<td width=\"236\">LIMONENE<\/td>\n<\/tr>\n<\/tbody>\n<\/table>\n<\/div>\n<p>Garanti och tester<\/p>\n<p>+ Registrerad i <strong>CPNP<\/strong>, europeisk portal enligt den nya f\u00f6rordningen 1223\/2009.<\/p>\n<p>+ Testad dermatologiskt <strong>INTE p\u00e5 djur.<\/strong><\/p>\n<p><strong><em>OpenTest<\/em><\/strong>: 0% hudirritabilitet.<\/p>\n<p><strong><em>Challenge Test<\/em>:<\/strong> Mikrobiologiskt test genomf\u00f6rt med 100% effektivitet.<\/p>\n<p><strong>+<\/strong>\u00a0<span lang=\"en\"><strong>100% Vegansk<\/strong>\u00a0<\/span><\/p>\n<p>&nbsp;[\/vc_column_text][\/vc_column][\/vc_row]<\/p>\n","protected":false},"excerpt":{"rendered":"<ul>\n<li>F\u00f6rb\u00e4ttrar hudens elasticitet.<\/li>\n<li>Accelererad cellregenerering.<\/li>\n<li>Djup hydrering av huden.<\/li>\n<li>Snabb absorption utan rester.<\/li>\n<li>St\u00e4rkning av naglar och v\u00e4vnader.<\/li>\n<\/ul>\n","protected":false},"featured_media":7423,"comment_status":"open","ping_status":"closed","template":"","meta":[],"product_brand":[],"product_cat":[502,422],"product_tag":[],"class_list":{"0":"post-16880","1":"product","2":"type-product","3":"status-publish","4":"has-post-thumbnail","6":"product_cat-kram","7":"product_cat-tillbehor","9":"first","10":"instock","11":"sale","12":"taxable","13":"shipping-taxable","14":"purchasable","15":"product-type-simple"},"_links":{"self":[{"href":"https:\/\/topholds.com\/sv\/wp-json\/wp\/v2\/product\/16880","targetHints":{"allow":["GET"]}}],"collection":[{"href":"https:\/\/topholds.com\/sv\/wp-json\/wp\/v2\/product"}],"about":[{"href":"https:\/\/topholds.com\/sv\/wp-json\/wp\/v2\/types\/product"}],"replies":[{"embeddable":true,"href":"https:\/\/topholds.com\/sv\/wp-json\/wp\/v2\/comments?post=16880"}],"wp:featuredmedia":[{"embeddable":true,"href":"https:\/\/topholds.com\/sv\/wp-json\/wp\/v2\/media\/7423"}],"wp:attachment":[{"href":"https:\/\/topholds.com\/sv\/wp-json\/wp\/v2\/media?parent=16880"}],"wp:term":[{"taxonomy":"product_brand","embeddable":true,"href":"https:\/\/topholds.com\/sv\/wp-json\/wp\/v2\/product_brand?post=16880"},{"taxonomy":"product_cat","embeddable":true,"href":"https:\/\/topholds.com\/sv\/wp-json\/wp\/v2\/product_cat?post=16880"},{"taxonomy":"product_tag","embeddable":true,"href":"https:\/\/topholds.com\/sv\/wp-json\/wp\/v2\/product_tag?post=16880"}],"curies":[{"name":"wp","href":"https:\/\/api.w.org\/{rel}","templated":true}]}}