{"id":16885,"date":"2019-07-07T16:55:45","date_gmt":"2019-07-07T16:55:45","guid":{"rendered":"https:\/\/topholds.com\/fil-reservdelar-climbskin\/"},"modified":"2024-08-26T04:18:43","modified_gmt":"2024-08-26T04:18:43","slug":"fil-reservdelar-climbskin","status":"publish","type":"product","link":"https:\/\/topholds.com\/sv\/erbjudande\/tillbehor\/kram\/fil-reservdelar-climbskin\/","title":{"rendered":"Fil och Reservdelar Climbskin"},"content":{"rendered":"<p><strong>Lima Climbskin<\/strong> \u00e4r det perfekta tillbeh\u00f6ret f\u00f6r att komplettera anv\u00e4ndningen av <strong>Climbskin Hand Cream<\/strong>, som \u00e4r designad speciellt f\u00f6r att v\u00e5rda och h\u00e5lla huden p\u00e5 dina h\u00e4nder i optimalt skick. <em>Lima Climbskin<\/em> hj\u00e4lper dig att h\u00e5lla dina fingrar och h\u00e4nder redo f\u00f6r att m\u00f6ta varje utmaning i dina kl\u00e4ttringsaktiviteter och andra sporter.<\/p>\n<p>Lima Climbskin har en storlek p\u00e5 10,5 cm och \u00e4r handgjord, vilket g\u00f6r den idealisk att ha i fickan och alltid ha till hands.<\/p>\n<p>Med en design av b\u00f6jd tr\u00e4 som passar perfekt i formen av dina fingrar, vilket m\u00f6jligg\u00f6r en effektiv och bekv\u00e4m reng\u00f6ring av huden.<\/p>\n<p>Den inkluderar tv\u00e5 utbytbara filtar med olika grovlek och f\u00e4rg p\u00e5 varje sida, f\u00f6r att anpassa sig till dina behov och preferenser f\u00f6r hudv\u00e5rd.<\/p>\n<p>Den levereras med fyra extra utbytbara filtar (2&#215;2), vilket s\u00e4kerst\u00e4ller en l\u00e5ng livsl\u00e4ngd f\u00f6r produkten och kontinuerlig v\u00e5rd av dina h\u00e4nder.<\/p>\n","protected":false},"excerpt":{"rendered":"<ul>\n<li>Idealt komplement f\u00f6r Climbskin Hand Cream.<\/li>\n<li>F\u00f6rbered dina h\u00e4nder f\u00f6r sportaktiviteter.<\/li>\n<li>Allsidighet med utbytbara filar.<\/li>\n<\/ul>\n","protected":false},"featured_media":7424,"comment_status":"open","ping_status":"closed","template":"","meta":[],"product_brand":[],"product_cat":[502,422],"product_tag":[],"class_list":{"0":"post-16885","1":"product","2":"type-product","3":"status-publish","4":"has-post-thumbnail","6":"product_cat-kram","7":"product_cat-tillbehor","9":"first","10":"outofstock","11":"taxable","12":"shipping-taxable","13":"purchasable","14":"product-type-simple"},"_links":{"self":[{"href":"https:\/\/topholds.com\/sv\/wp-json\/wp\/v2\/product\/16885","targetHints":{"allow":["GET"]}}],"collection":[{"href":"https:\/\/topholds.com\/sv\/wp-json\/wp\/v2\/product"}],"about":[{"href":"https:\/\/topholds.com\/sv\/wp-json\/wp\/v2\/types\/product"}],"replies":[{"embeddable":true,"href":"https:\/\/topholds.com\/sv\/wp-json\/wp\/v2\/comments?post=16885"}],"wp:featuredmedia":[{"embeddable":true,"href":"https:\/\/topholds.com\/sv\/wp-json\/wp\/v2\/media\/7424"}],"wp:attachment":[{"href":"https:\/\/topholds.com\/sv\/wp-json\/wp\/v2\/media?parent=16885"}],"wp:term":[{"taxonomy":"product_brand","embeddable":true,"href":"https:\/\/topholds.com\/sv\/wp-json\/wp\/v2\/product_brand?post=16885"},{"taxonomy":"product_cat","embeddable":true,"href":"https:\/\/topholds.com\/sv\/wp-json\/wp\/v2\/product_cat?post=16885"},{"taxonomy":"product_tag","embeddable":true,"href":"https:\/\/topholds.com\/sv\/wp-json\/wp\/v2\/product_tag?post=16885"}],"curies":[{"name":"wp","href":"https:\/\/api.w.org\/{rel}","templated":true}]}}