{"id":16890,"date":"2019-07-28T19:23:43","date_gmt":"2019-07-28T19:23:43","guid":{"rendered":"https:\/\/topholds.com\/oval-chain-grip\/"},"modified":"2026-03-08T20:22:19","modified_gmt":"2026-03-08T20:22:19","slug":"oval-chain-grip","status":"publish","type":"product","link":"https:\/\/topholds.com\/sv\/erbjudande\/hinderbana\/traning\/upphangningar\/oval-chain-grip\/","title":{"rendered":"Hinderbana Upph\u00e4ngningar Oval Chain Grip"},"content":{"rendered":"<p><strong>Oval Chain Grip<\/strong> \u00e4r ett innovativt handtag med krok designat f\u00f6r <strong>att utf\u00f6ra horisontella och vertikala progressioner p\u00e5 kedjor eller sm\u00e5 ringar<\/strong>, vilket optimerar dina tr\u00e4ningspass och maximerar din prestanda.<\/p>\n<p>Dess ergonomiska design i oval form anpassar sig perfekt till handflatan, vilket ger ett s\u00e4kert och bekv\u00e4mt grepp hela tiden.<\/p>\n<p>Den v\u00e4lk\u00e4nda texturen fr\u00e5n TopHolds garanterar ett grepp som \u00e4r f\u00e4stande och mjukt f\u00f6r h\u00e4nderna, <strong>vilket f\u00f6rhindrar glidning och l\u00e5ter dig arbeta med uth\u00e5llighet<\/strong> under l\u00e5nga perioder utan bekymmer.<\/p>\n<p><strong>OCR Oval Chain Grip<\/strong> \u00e4r perfekt f\u00f6r att berika dina <strong>kl\u00e4ttringstr\u00e4ningar, OCR och Crossfit<\/strong>.<\/p>\n<p>Oval Chain Grip \u00e4r extremt l\u00e4tt, vilket g\u00f6r det idealiskt att ta med till dina tr\u00e4ningspass var som helst och n\u00e4r som helst, vilket underl\u00e4ttar inf\u00f6randet av ytterligare utmaningar i din dagliga rutin.<\/p>\n<p>T\u00e4nk p\u00e5 att produktens f\u00e4rger kan variera j\u00e4mf\u00f6rt med fotot. Tveka inte att kontakta oss om du \u00f6nskar en specifik f\u00e4rg.<\/p>\n","protected":false},"excerpt":{"rendered":"<ul>\n<li>Mango med kroka f\u00f6r att g\u00f6ra horisontella eller vertikala progressioner p\u00e5 kedjor eller sm\u00e5 ringar.<\/li>\n<li>Grepp i form av en oval, anpassar sig som en handske till handflatan.<\/li>\n<li>Perfekt f\u00f6r kl\u00e4ttringstr\u00e4ning, OCR och Crossfit.<\/li>\n<\/ul>\n<p>&nbsp;<\/p>\n","protected":false},"featured_media":7486,"comment_status":"open","ping_status":"closed","template":"","meta":[],"product_brand":[],"product_cat":[416,515,517],"product_tag":[],"class_list":{"0":"post-16890","1":"product","2":"type-product","3":"status-publish","4":"has-post-thumbnail","6":"product_cat-hinderbana","7":"product_cat-traning","8":"product_cat-upphangningar","10":"first","11":"instock","12":"taxable","13":"shipping-taxable","14":"purchasable","15":"product-type-simple"},"_links":{"self":[{"href":"https:\/\/topholds.com\/sv\/wp-json\/wp\/v2\/product\/16890","targetHints":{"allow":["GET"]}}],"collection":[{"href":"https:\/\/topholds.com\/sv\/wp-json\/wp\/v2\/product"}],"about":[{"href":"https:\/\/topholds.com\/sv\/wp-json\/wp\/v2\/types\/product"}],"replies":[{"embeddable":true,"href":"https:\/\/topholds.com\/sv\/wp-json\/wp\/v2\/comments?post=16890"}],"wp:featuredmedia":[{"embeddable":true,"href":"https:\/\/topholds.com\/sv\/wp-json\/wp\/v2\/media\/7486"}],"wp:attachment":[{"href":"https:\/\/topholds.com\/sv\/wp-json\/wp\/v2\/media?parent=16890"}],"wp:term":[{"taxonomy":"product_brand","embeddable":true,"href":"https:\/\/topholds.com\/sv\/wp-json\/wp\/v2\/product_brand?post=16890"},{"taxonomy":"product_cat","embeddable":true,"href":"https:\/\/topholds.com\/sv\/wp-json\/wp\/v2\/product_cat?post=16890"},{"taxonomy":"product_tag","embeddable":true,"href":"https:\/\/topholds.com\/sv\/wp-json\/wp\/v2\/product_tag?post=16890"}],"curies":[{"name":"wp","href":"https:\/\/api.w.org\/{rel}","templated":true}]}}