{"id":16895,"date":"2019-07-28T19:36:22","date_gmt":"2019-07-28T19:36:22","guid":{"rendered":"https:\/\/topholds.com\/oval-grips\/"},"modified":"2026-03-08T20:22:18","modified_gmt":"2026-03-08T20:22:18","slug":"oval-grips","status":"publish","type":"product","link":"https:\/\/topholds.com\/sv\/erbjudande\/hinderbana\/traning\/upphangningar\/oval-grips\/","title":{"rendered":"Hinderbana Upph\u00e4ngningar Oval Grips"},"content":{"rendered":"<p><strong>Oval Grips \u00e4r en OCR-suspension<\/strong> som erbjuder ett exceptionellt bekv\u00e4mt och ergonomiskt grepp tack vare sin ovalformade design, som anpassar sig perfekt till handflatan och ger en mycket trevlig anv\u00e4ndarupplevelse.<\/p>\n<p>Den v\u00e4lk\u00e4nda texturen av TopHolds s\u00e4kerst\u00e4ller ett fast och s\u00e4kert grepp, samtidigt som den tar hand om dina h\u00e4nder.<\/p>\n<p>Med en enkel l\u00e4rknut kan du h\u00e4nga upp dina Oval Grips p\u00e5 sekunder p\u00e5 grenar, chins-st\u00e4nger och andra st\u00f6d. Dessutom, om du anv\u00e4nder en karbin, kan du enkelt h\u00e4nga upp dem f\u00f6r att tr\u00e4na takutg\u00e5ngar eller \u00f6verh\u00e4ng.<\/p>\n<p>Dessa <em>OCR-suspensioner<\/em> \u00e4r idealiska f\u00f6r <strong>att f\u00f6rb\u00e4ttra dina tr\u00e4ningspass inom kl\u00e4ttring, OCR och Crossfit<\/strong>, eftersom de \u00e4r extremt l\u00e4tta och b\u00e4rbara, vilket g\u00f6r att du kan ta med dem \u00f6verallt och tr\u00e4na n\u00e4r som helst.<\/p>\n<p>Oval Grips inkluderar ett dubbelt rep av 6 mm h\u00f6g h\u00e5llfasthet.<\/p>\n<p>T\u00e4nk p\u00e5 att produktens f\u00e4rger kan variera fr\u00e5n de som visas p\u00e5 bilden. Tveka inte att fr\u00e5ga oss om du \u00f6nskar en specifik f\u00e4rg.<\/p>\n","protected":false},"excerpt":{"rendered":"<ul>\n<li>Den anpassar sig som en handske till handflatan.<\/li>\n<li>Med en karbinhake h\u00e4nger vi dem f\u00f6r tak- eller \u00f6verh\u00e4ngsutflykter.<\/li>\n<li>P\u00e5 3 sekunder h\u00e4nger vi dem p\u00e5 vilken gren som helst med en l\u00e4rkknut.<\/li>\n<li>Perfekta f\u00f6r kl\u00e4ttringstr\u00e4ning, OCR och Crossfit.<\/li>\n<\/ul>\n<p>&nbsp;<\/p>\n","protected":false},"featured_media":7484,"comment_status":"open","ping_status":"closed","template":"","meta":[],"product_brand":[],"product_cat":[416,515,517],"product_tag":[],"class_list":{"0":"post-16895","1":"product","2":"type-product","3":"status-publish","4":"has-post-thumbnail","6":"product_cat-hinderbana","7":"product_cat-traning","8":"product_cat-upphangningar","10":"first","11":"instock","12":"taxable","13":"shipping-taxable","14":"purchasable","15":"product-type-simple"},"_links":{"self":[{"href":"https:\/\/topholds.com\/sv\/wp-json\/wp\/v2\/product\/16895","targetHints":{"allow":["GET"]}}],"collection":[{"href":"https:\/\/topholds.com\/sv\/wp-json\/wp\/v2\/product"}],"about":[{"href":"https:\/\/topholds.com\/sv\/wp-json\/wp\/v2\/types\/product"}],"replies":[{"embeddable":true,"href":"https:\/\/topholds.com\/sv\/wp-json\/wp\/v2\/comments?post=16895"}],"wp:featuredmedia":[{"embeddable":true,"href":"https:\/\/topholds.com\/sv\/wp-json\/wp\/v2\/media\/7484"}],"wp:attachment":[{"href":"https:\/\/topholds.com\/sv\/wp-json\/wp\/v2\/media?parent=16895"}],"wp:term":[{"taxonomy":"product_brand","embeddable":true,"href":"https:\/\/topholds.com\/sv\/wp-json\/wp\/v2\/product_brand?post=16895"},{"taxonomy":"product_cat","embeddable":true,"href":"https:\/\/topholds.com\/sv\/wp-json\/wp\/v2\/product_cat?post=16895"},{"taxonomy":"product_tag","embeddable":true,"href":"https:\/\/topholds.com\/sv\/wp-json\/wp\/v2\/product_tag?post=16895"}],"curies":[{"name":"wp","href":"https:\/\/api.w.org\/{rel}","templated":true}]}}