{"id":16900,"date":"2019-08-27T17:48:33","date_gmt":"2019-08-27T17:48:33","guid":{"rendered":"https:\/\/topholds.com\/volcano-balls\/"},"modified":"2024-08-26T04:21:02","modified_gmt":"2024-08-26T04:21:02","slug":"volcano-balls","status":"publish","type":"product","link":"https:\/\/topholds.com\/sv\/erbjudande\/hinderbana\/traning\/volcano-balls\/","title":{"rendered":"Kl\u00e4ttergrepp Volcano Balls"},"content":{"rendered":"<p><strong>Volcano Balls<\/strong> \u00e4r det revolutionerande <strong>systmet med rundade bollar med h\u00e5l f\u00f6r Pegboard-handtag<\/strong>.<\/p>\n<p>H\u00f6j din tr\u00e4ning med v\u00e5rt innovativa <strong>system med rundade bollar Volcano Balls<\/strong>, utformat f\u00f6r att passa perfekt p\u00e5 Pegboard-handtag. Med tv\u00e5 s\u00e4tt att tr\u00e4na p\u00e5 en enda hinder \u00e4r m\u00f6jligheterna o\u00e4ndliga!<\/p>\n<p>Upplev en stor variation av konfigurationer genom att placera dem horisontellt, vertikalt, diagonalt, omv\u00e4xlande och mer.<\/p>\n<p>Finns i tv\u00e5 diametrar av 90 och 120 mm, \u00e4r de l\u00e4mpliga f\u00f6r alla vertikala ytor utan att tippa.<\/p>\n<p>F\u00f6r installation beh\u00f6ver du skruvar av typen 4,5 x 60.<\/p>\n<p>F\u00e4rgerna kan skilja sig fr\u00e5n bilden; om du vill ha en annan f\u00e4rg, kontakta oss.<\/p>\n","protected":false},"excerpt":{"rendered":"<ul>\n<li>Volcano balls \u00e4r det system av runda bollar med h\u00e5l f\u00f6r pegboard-handtag.<\/li>\n<li>F\u00f6r anv\u00e4ndning med pegboard-handtag.<\/li>\n<li>Passar f\u00f6r vilken vertikal yta som helst, utan \u00f6verh\u00e4ng.<\/li>\n<li>Finns i tv\u00e5 diametrar p\u00e5 90 och 120 mm.<\/li>\n<\/ul>\n","protected":false},"featured_media":19922,"comment_status":"open","ping_status":"closed","template":"","meta":[],"product_brand":[],"product_cat":[416,515,514,425,478],"product_tag":[],"class_list":{"0":"post-16900","1":"product","2":"type-product","3":"status-publish","4":"has-post-thumbnail","6":"product_cat-hinderbana","7":"product_cat-traning","8":"product_cat-klatterbrada","9":"product_cat-klattringrepp","10":"product_cat-tranings","12":"first","13":"instock","14":"taxable","15":"shipping-taxable","16":"purchasable","17":"product-type-variable","18":"has-default-attributes"},"_links":{"self":[{"href":"https:\/\/topholds.com\/sv\/wp-json\/wp\/v2\/product\/16900","targetHints":{"allow":["GET"]}}],"collection":[{"href":"https:\/\/topholds.com\/sv\/wp-json\/wp\/v2\/product"}],"about":[{"href":"https:\/\/topholds.com\/sv\/wp-json\/wp\/v2\/types\/product"}],"replies":[{"embeddable":true,"href":"https:\/\/topholds.com\/sv\/wp-json\/wp\/v2\/comments?post=16900"}],"wp:featuredmedia":[{"embeddable":true,"href":"https:\/\/topholds.com\/sv\/wp-json\/wp\/v2\/media\/19922"}],"wp:attachment":[{"href":"https:\/\/topholds.com\/sv\/wp-json\/wp\/v2\/media?parent=16900"}],"wp:term":[{"taxonomy":"product_brand","embeddable":true,"href":"https:\/\/topholds.com\/sv\/wp-json\/wp\/v2\/product_brand?post=16900"},{"taxonomy":"product_cat","embeddable":true,"href":"https:\/\/topholds.com\/sv\/wp-json\/wp\/v2\/product_cat?post=16900"},{"taxonomy":"product_tag","embeddable":true,"href":"https:\/\/topholds.com\/sv\/wp-json\/wp\/v2\/product_tag?post=16900"}],"curies":[{"name":"wp","href":"https:\/\/api.w.org\/{rel}","templated":true}]}}