{"id":16905,"date":"2019-08-27T18:56:55","date_gmt":"2019-08-27T18:56:55","guid":{"rendered":"https:\/\/topholds.com\/grepp-klatterbrada\/"},"modified":"2026-04-02T22:13:50","modified_gmt":"2026-04-02T22:13:50","slug":"grepp-klatterbrada","status":"publish","type":"product","link":"https:\/\/topholds.com\/sv\/erbjudande\/hinderbana\/klatterbrada\/grepp-klatterbrada\/","title":{"rendered":"Grepp f\u00f6r Kl\u00e4tterbr\u00e4da"},"content":{"rendered":"<p>Upplev maximal h\u00e5llbarhet med v\u00e5ra <strong>speciellt utformade handtag f\u00f6r Pegboard och Volcano Balls-systemet<\/strong>. Gl\u00f6m de vanliga brott som sker med konventionella handtag av furu och njut av en tr\u00e4ning utan avbrott.<\/p>\n<p>Dessa extremt slitstarka handtag \u00e4r tillverkade av <strong>material av h\u00f6g kvalitet<\/strong>, vilket g\u00f6r dem till det perfekta valet f\u00f6r dina intensiva tr\u00e4ningspass.<\/p>\n","protected":false},"excerpt":{"rendered":"<ul>\n<li>2 mangos f\u00f6r v\u00e5ra Pegboard och Volcano Balls-system.<\/li>\n<li>Tillverkade av ultrastarkt tr\u00e4 f\u00f6r \u00f6kad h\u00e5llbarhet<\/li>\n<li>Designade f\u00f6r att klara av intensiva tr\u00e4ningspass<\/li>\n<\/ul>\n<p>&nbsp;<\/p>\n","protected":false},"featured_media":8263,"comment_status":"open","ping_status":"closed","template":"","meta":[],"product_brand":[],"product_cat":[416,514],"product_tag":[],"class_list":{"0":"post-16905","1":"product","2":"type-product","3":"status-publish","4":"has-post-thumbnail","6":"product_cat-hinderbana","7":"product_cat-klatterbrada","9":"first","10":"instock","11":"taxable","12":"shipping-taxable","13":"purchasable","14":"product-type-simple"},"_links":{"self":[{"href":"https:\/\/topholds.com\/sv\/wp-json\/wp\/v2\/product\/16905","targetHints":{"allow":["GET"]}}],"collection":[{"href":"https:\/\/topholds.com\/sv\/wp-json\/wp\/v2\/product"}],"about":[{"href":"https:\/\/topholds.com\/sv\/wp-json\/wp\/v2\/types\/product"}],"replies":[{"embeddable":true,"href":"https:\/\/topholds.com\/sv\/wp-json\/wp\/v2\/comments?post=16905"}],"wp:featuredmedia":[{"embeddable":true,"href":"https:\/\/topholds.com\/sv\/wp-json\/wp\/v2\/media\/8263"}],"wp:attachment":[{"href":"https:\/\/topholds.com\/sv\/wp-json\/wp\/v2\/media?parent=16905"}],"wp:term":[{"taxonomy":"product_brand","embeddable":true,"href":"https:\/\/topholds.com\/sv\/wp-json\/wp\/v2\/product_brand?post=16905"},{"taxonomy":"product_cat","embeddable":true,"href":"https:\/\/topholds.com\/sv\/wp-json\/wp\/v2\/product_cat?post=16905"},{"taxonomy":"product_tag","embeddable":true,"href":"https:\/\/topholds.com\/sv\/wp-json\/wp\/v2\/product_tag?post=16905"}],"curies":[{"name":"wp","href":"https:\/\/api.w.org\/{rel}","templated":true}]}}