{"id":16910,"date":"2019-08-30T17:59:05","date_gmt":"2019-08-30T17:59:05","guid":{"rendered":"https:\/\/topholds.com\/triton\/"},"modified":"2024-08-26T04:22:26","modified_gmt":"2024-08-26T04:22:26","slug":"triton","status":"publish","type":"product","link":"https:\/\/topholds.com\/sv\/erbjudande\/hinderbana\/traning\/upphangningar\/triton\/","title":{"rendered":"Hinderbana Upph\u00e4ngningar Triton"},"content":{"rendered":"<p>La <strong>suspension de OCR Trit\u00f3n<\/strong> \u00e4r en revolutionerande komponent med o\u00e4ndliga m\u00f6jligheter som anpassar sig efter dina behov. <\/p>\n<p>Anv\u00e4nd den som ett konventionellt ring, utf\u00f6r dynamiska hopp i fly monkeys, l\u00e4gg till variation av grepp i TRX eller gymmaskiner, och mycket mer.<\/p>\n<p>Dess design <strong>m\u00f6jligg\u00f6r enkel upph\u00e4ngning p\u00e5 pull-up-st\u00e4nger<\/strong>, parker, grenar eller andra ytor, vilket ger dig m\u00f6jlighet att utf\u00f6ra ett brett spektrum av \u00f6vningar var som helst.<\/p>\n<p>Med en perfekt ergonomi f\u00f6r ett tv\u00e5handsgrepp i sin texturerade ovandel och ett helt sl\u00e4tt inre grepp, \u00e4r Trit\u00f3n det perfekta verktyget f\u00f6r <strong>kl\u00e4ttringstr\u00e4ning, OCR, calisthenics, ninja-utmaningar, CrossFit<\/strong>, gymnastik och mer.<\/p>\n<p>Upplev den perfekta balansen mellan tr\u00e4ning och n\u00f6je med Trit\u00f3n, verktyget som revolutionerar hur du tr\u00e4nar.<\/p>\n<p>F\u00e4rgerna kan skilja sig fr\u00e5n bilden, kontakta oss om du \u00f6nskar en speciell.<\/p>\n","protected":false},"excerpt":{"rendered":"<ul>\n<li>Perfekt ergonomi f\u00f6r ett tv\u00e5handsgrepp<\/li>\n<li>Halkfri textur f\u00f6r b\u00e4ttre grepp<\/li>\n<li>Perfekt f\u00f6r kl\u00e4ttring, OCR, calisthenics, ninja-utmaningar, CrossFit, gymnastik och mer<\/li>\n<\/ul>\n","protected":false},"featured_media":7592,"comment_status":"open","ping_status":"closed","template":"","meta":[],"product_brand":[],"product_cat":[416,515,517],"product_tag":[],"class_list":{"0":"post-16910","1":"product","2":"type-product","3":"status-publish","4":"has-post-thumbnail","6":"product_cat-hinderbana","7":"product_cat-traning","8":"product_cat-upphangningar","10":"first","11":"instock","12":"taxable","13":"shipping-taxable","14":"purchasable","15":"product-type-simple"},"_links":{"self":[{"href":"https:\/\/topholds.com\/sv\/wp-json\/wp\/v2\/product\/16910","targetHints":{"allow":["GET"]}}],"collection":[{"href":"https:\/\/topholds.com\/sv\/wp-json\/wp\/v2\/product"}],"about":[{"href":"https:\/\/topholds.com\/sv\/wp-json\/wp\/v2\/types\/product"}],"replies":[{"embeddable":true,"href":"https:\/\/topholds.com\/sv\/wp-json\/wp\/v2\/comments?post=16910"}],"wp:featuredmedia":[{"embeddable":true,"href":"https:\/\/topholds.com\/sv\/wp-json\/wp\/v2\/media\/7592"}],"wp:attachment":[{"href":"https:\/\/topholds.com\/sv\/wp-json\/wp\/v2\/media?parent=16910"}],"wp:term":[{"taxonomy":"product_brand","embeddable":true,"href":"https:\/\/topholds.com\/sv\/wp-json\/wp\/v2\/product_brand?post=16910"},{"taxonomy":"product_cat","embeddable":true,"href":"https:\/\/topholds.com\/sv\/wp-json\/wp\/v2\/product_cat?post=16910"},{"taxonomy":"product_tag","embeddable":true,"href":"https:\/\/topholds.com\/sv\/wp-json\/wp\/v2\/product_tag?post=16910"}],"curies":[{"name":"wp","href":"https:\/\/api.w.org\/{rel}","templated":true}]}}