{"id":16915,"date":"2019-12-05T19:19:17","date_gmt":"2019-12-05T19:19:17","guid":{"rendered":"https:\/\/topholds.com\/top-breaker\/"},"modified":"2025-11-17T11:54:50","modified_gmt":"2025-11-17T11:54:50","slug":"top-breaker","status":"publish","type":"product","link":"https:\/\/topholds.com\/sv\/erbjudande\/hinderbana\/traning\/upphangningar\/top-breaker\/","title":{"rendered":"Hinderbana Upph\u00e4ngningar Top Breaker"},"content":{"rendered":"<p>La <strong>suspension av OCR Top Breaker<\/strong> inspirerad av iskl\u00e4ttring \u00e4r v\u00e5rt mest kraftfulla och m\u00e5ngsidiga verktyg f\u00f6r <strong>kl\u00e4ttringstr\u00e4ning, OCR och CrossFit<\/strong>. Utformad f\u00f6r att underl\u00e4tta horisontella och vertikala progressioner, passar den perfekt till ringar, monkey fly-strukturer, stairway to heaven, tr\u00e4balkar och alla \u00f6vningar du kan t\u00e4nka dig.<\/p>\n<p>Tillverkad med blad av <strong>smitt rostfritt st\u00e5l och ett handtag av polyuretan<\/strong> av senaste generation, \u00e4r Top Breaker praktiskt taget of\u00f6rst\u00f6rbar, idealisk f\u00f6r de <strong>mest intensiva tr\u00e4ningarna inomhus och utomhus<\/strong>, \u00e4ven under extrema f\u00f6rh\u00e5llanden.<\/p>\n<p>Dess intelligenta koppling och ergonomiska handtag f\u00f6rhindrar \u00f6verbelastning av underarmen, vilket g\u00f6r att du kan arbeta p\u00e5 uth\u00e5llighet under l\u00e4ngre perioder.<\/p>\n<p>Den \u00e4r l\u00e4tt och portabel, s\u00e5 du kan ta den med dig vart som helst f\u00f6r att maximera dina tr\u00e4ningspass.<\/p>\n<p>Det kommer 2 enheter.<\/p>\n<p><span style=\"font-weight: 400;\">F\u00e4rgerna kan skilja sig fr\u00e5n de p\u00e5 bilden, kontakta oss om du \u00f6nskar en speciell.<\/span><\/p>\n","protected":false},"excerpt":{"rendered":"<ul>\n<li>Ergonomisk design, f\u00f6rhindrar \u00f6verbelastning i underarmen<\/li>\n<li>Underl\u00e4ttar horisontella och vertikala progressioner<\/li>\n<li>Kompatibel med ringar och olika strukturer<\/li>\n<li>Idealisk f\u00f6r kl\u00e4ttring, OCR och CrossFit<\/li>\n<li>Inkluderar 2 enheter<\/li>\n<\/ul>\n","protected":false},"featured_media":7846,"comment_status":"open","ping_status":"closed","template":"","meta":[],"product_brand":[],"product_cat":[416,515,517],"product_tag":[],"class_list":{"0":"post-16915","1":"product","2":"type-product","3":"status-publish","4":"has-post-thumbnail","6":"product_cat-hinderbana","7":"product_cat-traning","8":"product_cat-upphangningar","10":"first","11":"instock","12":"sale","13":"taxable","14":"shipping-taxable","15":"purchasable","16":"product-type-simple"},"_links":{"self":[{"href":"https:\/\/topholds.com\/sv\/wp-json\/wp\/v2\/product\/16915","targetHints":{"allow":["GET"]}}],"collection":[{"href":"https:\/\/topholds.com\/sv\/wp-json\/wp\/v2\/product"}],"about":[{"href":"https:\/\/topholds.com\/sv\/wp-json\/wp\/v2\/types\/product"}],"replies":[{"embeddable":true,"href":"https:\/\/topholds.com\/sv\/wp-json\/wp\/v2\/comments?post=16915"}],"wp:featuredmedia":[{"embeddable":true,"href":"https:\/\/topholds.com\/sv\/wp-json\/wp\/v2\/media\/7846"}],"wp:attachment":[{"href":"https:\/\/topholds.com\/sv\/wp-json\/wp\/v2\/media?parent=16915"}],"wp:term":[{"taxonomy":"product_brand","embeddable":true,"href":"https:\/\/topholds.com\/sv\/wp-json\/wp\/v2\/product_brand?post=16915"},{"taxonomy":"product_cat","embeddable":true,"href":"https:\/\/topholds.com\/sv\/wp-json\/wp\/v2\/product_cat?post=16915"},{"taxonomy":"product_tag","embeddable":true,"href":"https:\/\/topholds.com\/sv\/wp-json\/wp\/v2\/product_tag?post=16915"}],"curies":[{"name":"wp","href":"https:\/\/api.w.org\/{rel}","templated":true}]}}