{"id":16920,"date":"2019-12-05T20:01:13","date_gmt":"2019-12-05T20:01:13","guid":{"rendered":"https:\/\/topholds.com\/anilla-basica\/"},"modified":"2024-08-26T04:23:38","modified_gmt":"2024-08-26T04:23:38","slug":"anilla-basica","status":"publish","type":"product","link":"https:\/\/topholds.com\/sv\/erbjudande\/hinderbana\/traning\/upphangningar\/anilla-basica\/","title":{"rendered":"Hinderbana Upph\u00e4ngningar Anilla Basica"},"content":{"rendered":"<p>Upplev m\u00e5ngsidighet och komfort i dina <strong>OCR-tr\u00e4ningspass<\/strong> med den Grundl\u00e4ggande Ringen.<\/p>\n<p>Dessa ringar med en diameter p\u00e5 75 mm \u00e4r designade f\u00f6r att m\u00f6ta dina kl\u00e4ttringsbehov. F\u00e4st kompatibla produkter p\u00e5 dem s\u00e5 kan du <strong>utf\u00f6ra progressioner b\u00e5de horisontellt och vertikalt<\/strong> med l\u00e4tthet.<\/p>\n<p>Kompatibel med Top Breaker, Chain Grip Evolution, Chain Grip Evolution MAX, Ball Chain Evolution, Cross Chain Evolution, Delta Raks, Yaguer Chain Evolution och Kong Chain.<\/p>\n<p>Denna <strong>OCR-suspension<\/strong> integreras perfekt i din tr\u00e4ningsyta och ger flera alternativ f\u00f6r att anpassa sig till din stil och f\u00e4rdighetsniv\u00e5.<\/p>\n<p>Den levereras med en inkluderad snodd.<\/p>\n","protected":false},"excerpt":{"rendered":"<ul>\n<li>Grundringar med snodd fr\u00e5n TopHolds<\/li>\n<li>Du kan g\u00f6ra horisontella eller vertikala progressioner genom att f\u00e4sta v\u00e5ra Top Breaker, Chain Grip Evolution, Chain Grip Evolution MAX, Ball Chain Evolution, Cross Chain Evolution, Delta Raks, Yaguer Chain Evolution och Kong Chain p\u00e5 dem.<\/li>\n<li>Allsidighet i OCR-tr\u00e4ning<\/li>\n<li>Diameter: 75 mm<\/li>\n<\/ul>\n<p>&nbsp;<\/p>\n","protected":false},"featured_media":7850,"comment_status":"open","ping_status":"closed","template":"","meta":[],"product_brand":[],"product_cat":[416,515,517],"product_tag":[],"class_list":{"0":"post-16920","1":"product","2":"type-product","3":"status-publish","4":"has-post-thumbnail","6":"product_cat-hinderbana","7":"product_cat-traning","8":"product_cat-upphangningar","10":"first","11":"instock","12":"sale","13":"taxable","14":"shipping-taxable","15":"purchasable","16":"product-type-simple"},"_links":{"self":[{"href":"https:\/\/topholds.com\/sv\/wp-json\/wp\/v2\/product\/16920","targetHints":{"allow":["GET"]}}],"collection":[{"href":"https:\/\/topholds.com\/sv\/wp-json\/wp\/v2\/product"}],"about":[{"href":"https:\/\/topholds.com\/sv\/wp-json\/wp\/v2\/types\/product"}],"replies":[{"embeddable":true,"href":"https:\/\/topholds.com\/sv\/wp-json\/wp\/v2\/comments?post=16920"}],"wp:featuredmedia":[{"embeddable":true,"href":"https:\/\/topholds.com\/sv\/wp-json\/wp\/v2\/media\/7850"}],"wp:attachment":[{"href":"https:\/\/topholds.com\/sv\/wp-json\/wp\/v2\/media?parent=16920"}],"wp:term":[{"taxonomy":"product_brand","embeddable":true,"href":"https:\/\/topholds.com\/sv\/wp-json\/wp\/v2\/product_brand?post=16920"},{"taxonomy":"product_cat","embeddable":true,"href":"https:\/\/topholds.com\/sv\/wp-json\/wp\/v2\/product_cat?post=16920"},{"taxonomy":"product_tag","embeddable":true,"href":"https:\/\/topholds.com\/sv\/wp-json\/wp\/v2\/product_tag?post=16920"}],"curies":[{"name":"wp","href":"https:\/\/api.w.org\/{rel}","templated":true}]}}