{"id":16925,"date":"2020-03-11T20:20:28","date_gmt":"2020-03-11T20:20:28","guid":{"rendered":"https:\/\/topholds.com\/ball-chain-evolution\/"},"modified":"2026-03-12T23:04:05","modified_gmt":"2026-03-12T23:04:05","slug":"ball-chain-evolution","status":"publish","type":"product","link":"https:\/\/topholds.com\/sv\/erbjudande\/hinderbana\/traning\/upphangningar\/ball-chain-evolution\/","title":{"rendered":"Hinderbana Upph\u00e4ngningar Ball Chain Evolution"},"content":{"rendered":"<p><strong>Ball Chain Evolution \u00e4r en tr\u00e4ningsboll<\/strong> perfekt f\u00f6r att genomf\u00f6ra horisontella eller vertikala progressioner med kedjor eller sm\u00e5 ringar. Dess reducerade diameter passar bekv\u00e4mt i handflatan, vilket g\u00f6r den till en idealisk enhet f\u00f6r alla f\u00e4rdighetsniv\u00e5er.<\/p>\n<p>Den nya Evolution-serien representerar ett framsteg i kvalitet inom OCR-v\u00e4rlden. TopHolds-produkter tillverkas alltid med <strong>komponenter av h\u00f6gsta kvalitet<\/strong>, men denna nya familj f\u00f6rb\u00e4ttrar b\u00e5de estetik och f\u00e4stkrok. Nu tillverkad av h\u00f6gdragst\u00e5l \u00e4r kroken mycket mer \u00f6ppen och f\u00f6rl\u00e4ngd \u00e4n v\u00e5r gamla Chain-serie, vilket m\u00f6jligg\u00f6r <strong>ett mer effektivt arbete med hindren<\/strong>.<\/p>\n<p>I denna f\u00f6rb\u00e4ttrade boll har den obekv\u00e4ma hylsan fr\u00e5n den gamla kroken tagits bort, vilket g\u00f6r att st\u00e5let \u00e4r praktiskt taget osynligt mellan fingrarna. Dessutom har logotypen tagits bort fr\u00e5n toppen f\u00f6r att ytterligare rundas av bollen och s\u00e4kerst\u00e4lla en perfekt passform i handen utan hinder.<\/p>\n<p><iframe title=\"YouTube video player\" src=\"https:\/\/www.youtube.com\/embed\/n2_DwBUEgdU\" width=\"560\" height=\"315\" frameborder=\"0\" allowfullscreen=\"allowfullscreen\"><\/iframe><\/p>\n<p>Den v\u00e4lk\u00e4nda TopHolds-texturen, som \u00e4r greppv\u00e4nlig och mjuk vid ber\u00f6ring, f\u00f6rhindrar glidningar och <strong>m\u00f6jligg\u00f6r att du kan tr\u00e4na uth\u00e5llighet under l\u00e5nga perioder<\/strong>.<\/p>\n<p>Denna <em>tr\u00e4ningsboll \u00e4r ett utm\u00e4rkt verktyg f\u00f6r att f\u00f6rb\u00e4ttra sig inom kl\u00e4ttring<\/em>, OCR och Crossfit. Dess l\u00e4tta design g\u00f6r den perfekt f\u00f6r att ta med sig var som helst och tr\u00e4na n\u00e4r som helst.<\/p>\n<p>Det finns inga urs\u00e4kter f\u00f6r att inte l\u00e4gga till en liten utmaning i din dagliga rutin.<\/p>\n<p>T\u00e4nk p\u00e5 att f\u00e4rgerna som visas p\u00e5 bilden kan variera. Om du \u00f6nskar en specifik f\u00e4rg, tveka inte att kontakta oss.<\/p>\n","protected":false},"excerpt":{"rendered":"<ul>\n<li>Ideal f\u00f6r horisontella och vertikala progressioner i kedjor eller sm\u00e5 ringar.<\/li>\n<li>Ideal f\u00f6r att f\u00f6rb\u00e4ttra f\u00e4rdigheter i kl\u00e4ttring, OCR, Crossfit och andra sporter som kr\u00e4ver grepp och uth\u00e5llighet.<\/li>\n<li>Klisterande och mjuk textur, f\u00f6rhindrar glidningar och m\u00f6jligg\u00f6r tr\u00e4ning av uth\u00e5llighet under l\u00e4ngre tid.<\/li>\n<li>Ta enkelt med dig var som helst f\u00f6r tr\u00e4ning n\u00e4r som helst.<\/li>\n<\/ul>\n","protected":false},"featured_media":12509,"comment_status":"open","ping_status":"closed","template":"","meta":[],"product_brand":[],"product_cat":[416,515,517],"product_tag":[],"class_list":{"0":"post-16925","1":"product","2":"type-product","3":"status-publish","4":"has-post-thumbnail","6":"product_cat-hinderbana","7":"product_cat-traning","8":"product_cat-upphangningar","10":"first","11":"instock","12":"sale","13":"taxable","14":"shipping-taxable","15":"purchasable","16":"product-type-simple"},"_links":{"self":[{"href":"https:\/\/topholds.com\/sv\/wp-json\/wp\/v2\/product\/16925","targetHints":{"allow":["GET"]}}],"collection":[{"href":"https:\/\/topholds.com\/sv\/wp-json\/wp\/v2\/product"}],"about":[{"href":"https:\/\/topholds.com\/sv\/wp-json\/wp\/v2\/types\/product"}],"replies":[{"embeddable":true,"href":"https:\/\/topholds.com\/sv\/wp-json\/wp\/v2\/comments?post=16925"}],"wp:featuredmedia":[{"embeddable":true,"href":"https:\/\/topholds.com\/sv\/wp-json\/wp\/v2\/media\/12509"}],"wp:attachment":[{"href":"https:\/\/topholds.com\/sv\/wp-json\/wp\/v2\/media?parent=16925"}],"wp:term":[{"taxonomy":"product_brand","embeddable":true,"href":"https:\/\/topholds.com\/sv\/wp-json\/wp\/v2\/product_brand?post=16925"},{"taxonomy":"product_cat","embeddable":true,"href":"https:\/\/topholds.com\/sv\/wp-json\/wp\/v2\/product_cat?post=16925"},{"taxonomy":"product_tag","embeddable":true,"href":"https:\/\/topholds.com\/sv\/wp-json\/wp\/v2\/product_tag?post=16925"}],"curies":[{"name":"wp","href":"https:\/\/api.w.org\/{rel}","templated":true}]}}