{"id":16930,"date":"2020-04-14T08:16:38","date_gmt":"2020-04-14T08:16:38","guid":{"rendered":"https:\/\/topholds.com\/greppbrada-multi-grips\/"},"modified":"2024-08-26T04:24:50","modified_gmt":"2024-08-26T04:24:50","slug":"greppbrada-multi-grips","status":"publish","type":"product","link":"https:\/\/topholds.com\/sv\/erbjudande\/hinderbana\/greppbrador\/greppbrada-multi-grips\/","title":{"rendered":"Greppbr\u00e4da Multi Grips"},"content":{"rendered":"<p><strong>Multi Grips \u00e4r en innovativ och m\u00e5ngsidig multipressbr\u00e4da<\/strong> som erbjuder otaliga m\u00f6jligheter f\u00f6r att f\u00f6rb\u00e4ttra dina fysiska f\u00e4rdigheter.<\/p>\n<p>Placera den p\u00e5 din pull-up-st\u00e5ng, i en park, p\u00e5 en gren eller f\u00e4st den permanent p\u00e5 en v\u00e4gg f\u00f6r att b\u00f6rja utf\u00f6ra en bred m\u00e4ngd \u00f6vningar. Dess 10 f\u00e4stpunkter (metrisk 10) g\u00f6r att du kan <strong>anpassa br\u00e4dan med kl\u00e4ttergrepp, campusreglar, bollar eller platta st\u00e4nger<\/strong> och mycket mer, vilket anpassar sig efter dina behov och m\u00e5l.<\/p>\n<p><em>Multi Grips<\/em> har ocks\u00e5 tv\u00e5 sp\u00e5r f\u00f6r h\u00e4nderna, d\u00e4r du kan <strong>h\u00e4nga dina OCR-repetitioner<\/strong> f\u00f6r att utf\u00f6ra \u00e4nnu mer utmanande och kompletta \u00f6vningar. Koppla samman flera br\u00e4dor vertikalt f\u00f6r att \u00e5terskapa en kl\u00e4tterled eller horisontellt f\u00f6r att simulera kl\u00e4ttrings\u00f6verg\u00e5ngar.<\/p>\n<p>Detta exceptionella tr\u00e4ningsredskap \u00e4r <strong>id\u00e9alt f\u00f6r kl\u00e4ttrare, OCR-ut\u00f6vare, calisthenics, ninja-utmaningar, Crossfit och gymnastik<\/strong>, vilket ger en intensiv tr\u00e4ningsupplevelse.<\/p>\n<p>Dimensioner f\u00f6r Multi Grips: 580 x 290 x 21 millimeter. Inkluderar 10 M10-muttrar och tv\u00e5 sn\u00f6ren f\u00f6r att enkelt h\u00e4nga den, vilket g\u00f6r att du kan b\u00f6rja tr\u00e4na omedelbart.<\/p>\n","protected":false},"excerpt":{"rendered":"<ul>\n<li>10 f\u00e4sten f\u00f6r att l\u00e4gga till grepp, kanter, bollar eller platta st\u00e4nger.<\/li>\n<li>L\u00e4tt att h\u00e4nga p\u00e5 chin-up-st\u00e4nger, parker eller grenar.<\/li>\n<li>L\u00e4mplig f\u00f6r permanent f\u00e4stning p\u00e5 v\u00e4ggen.<\/li>\n<li>M\u00f6jligg\u00f6r att koppla samman flera plattor vertikalt eller horisontellt f\u00f6r att simulera kl\u00e4tterleder och traverser.<\/li>\n<\/ul>\n","protected":false},"featured_media":8473,"comment_status":"open","ping_status":"closed","template":"","meta":[],"product_brand":[],"product_cat":[513,416],"product_tag":[],"class_list":{"0":"post-16930","1":"product","2":"type-product","3":"status-publish","4":"has-post-thumbnail","6":"product_cat-greppbrador","7":"product_cat-hinderbana","9":"first","10":"instock","11":"taxable","12":"shipping-taxable","13":"purchasable","14":"product-type-simple"},"_links":{"self":[{"href":"https:\/\/topholds.com\/sv\/wp-json\/wp\/v2\/product\/16930","targetHints":{"allow":["GET"]}}],"collection":[{"href":"https:\/\/topholds.com\/sv\/wp-json\/wp\/v2\/product"}],"about":[{"href":"https:\/\/topholds.com\/sv\/wp-json\/wp\/v2\/types\/product"}],"replies":[{"embeddable":true,"href":"https:\/\/topholds.com\/sv\/wp-json\/wp\/v2\/comments?post=16930"}],"wp:featuredmedia":[{"embeddable":true,"href":"https:\/\/topholds.com\/sv\/wp-json\/wp\/v2\/media\/8473"}],"wp:attachment":[{"href":"https:\/\/topholds.com\/sv\/wp-json\/wp\/v2\/media?parent=16930"}],"wp:term":[{"taxonomy":"product_brand","embeddable":true,"href":"https:\/\/topholds.com\/sv\/wp-json\/wp\/v2\/product_brand?post=16930"},{"taxonomy":"product_cat","embeddable":true,"href":"https:\/\/topholds.com\/sv\/wp-json\/wp\/v2\/product_cat?post=16930"},{"taxonomy":"product_tag","embeddable":true,"href":"https:\/\/topholds.com\/sv\/wp-json\/wp\/v2\/product_tag?post=16930"}],"curies":[{"name":"wp","href":"https:\/\/api.w.org\/{rel}","templated":true}]}}