{"id":16940,"date":"2020-05-07T14:25:35","date_gmt":"2020-05-07T14:25:35","guid":{"rendered":"https:\/\/topholds.com\/greppbrada-paket-multi-grips-bas\/"},"modified":"2024-08-26T04:26:01","modified_gmt":"2024-08-26T04:26:01","slug":"greppbrada-paket-multi-grips-bas","status":"publish","type":"product","link":"https:\/\/topholds.com\/sv\/erbjudande\/hinderbana\/greppbrador\/greppbrada-paket-multi-grips-bas\/","title":{"rendered":"Greppbr\u00e4da Paket Multi Grips + Bas"},"content":{"rendered":"<p><strong>Pack Multi Grips + Base<\/strong> \u00e4r ett komplett tr\u00e4ningsverktyg som ut\u00f6kar dina tr\u00e4ningsm\u00f6jligheter, perfekt f\u00f6r kl\u00e4ttringsentusiaster, OCR, calisthenics, ninja-utmaningar, Crossfit och gymnastik.<\/p>\n<p>Detta paket inkluderar:<\/p>\n<ul>\n<li>1 Multi Grips<\/li>\n<li>2 Campus grepp 35<\/li>\n<li>2 Campus grepp 28<\/li>\n<li>2 Campus grepp 20<\/li>\n<li>2 Runda bollar 7<\/li>\n<li>8 skruvar M10x40<\/li>\n<\/ul>\n<p><strong>Multi Grips<\/strong> \u00e4r en m\u00e5ngsidig <strong>tr\u00e4ningsbr\u00e4da<\/strong> designad f\u00f6r att anpassas till alla milj\u00f6er. H\u00e4ng den p\u00e5 din pull-up-st\u00e5ng, i parken, p\u00e5 en gren eller installera den fast p\u00e5 en v\u00e4gg. Dess 10 f\u00e4stpunkter (metrisk 10) m\u00f6jligg\u00f6r att du kan l\u00e4gga till kl\u00e4ttringshandtag, campusgrepp, bollar eller runda bollar, och mer, vilket g\u00f6r att den anpassar sig efter dina behov.<\/p>\n<p>Br\u00e4dan har tv\u00e5 handsg\u00e5ende sp\u00e5r, d\u00e4r du ocks\u00e5 kan h\u00e4nga dina OCR-rep och utf\u00f6ra mer omfattande \u00f6vningar. Anslut flera Multi Grips vertikalt f\u00f6r att simulera en kl\u00e4tterv\u00e4g eller horisontellt f\u00f6r kl\u00e4ttringstravs.<\/p>\n<p>Pack <em>Multi Grips +<\/em> Base \u00e4r ett exceptionellt verktyg som kombinerar tr\u00e4ning och n\u00f6je, vilket f\u00f6rb\u00e4ttrar din prestation inom olika idrotter.<\/p>\n<p>Dimensioner av Multi Grips: 580 x 290 x 21 millimeter. Inkluderar 10 M10-mutter och tv\u00e5 sn\u00f6ren f\u00f6r enkel upph\u00e4ngning.<\/p>\n","protected":false},"excerpt":{"rendered":"<ul>\n<li>Simulerar en v\u00e4g eller en kl\u00e4tterled med flera Multi Grips.<\/li>\n<li>M\u00f6jlighet att koppla ihop flera plankor vertikalt eller horisontellt.<\/li>\n<li>Anpassningsbar med olika typer av grepp.<\/li>\n<li>F\u00f6rb\u00e4ttra din prestation inom kl\u00e4ttring, OCR, calisthenics och mer.<\/li>\n<li>Enkel att installera och h\u00e4nga upp i olika milj\u00f6er.<\/li>\n<\/ul>\n","protected":false},"featured_media":8782,"comment_status":"open","ping_status":"closed","template":"","meta":[],"product_brand":[],"product_cat":[513,416],"product_tag":[],"class_list":{"0":"post-16940","1":"product","2":"type-product","3":"status-publish","4":"has-post-thumbnail","6":"product_cat-greppbrador","7":"product_cat-hinderbana","9":"first","10":"instock","11":"sale","12":"taxable","13":"shipping-taxable","14":"purchasable","15":"product-type-simple"},"_links":{"self":[{"href":"https:\/\/topholds.com\/sv\/wp-json\/wp\/v2\/product\/16940","targetHints":{"allow":["GET"]}}],"collection":[{"href":"https:\/\/topholds.com\/sv\/wp-json\/wp\/v2\/product"}],"about":[{"href":"https:\/\/topholds.com\/sv\/wp-json\/wp\/v2\/types\/product"}],"replies":[{"embeddable":true,"href":"https:\/\/topholds.com\/sv\/wp-json\/wp\/v2\/comments?post=16940"}],"wp:featuredmedia":[{"embeddable":true,"href":"https:\/\/topholds.com\/sv\/wp-json\/wp\/v2\/media\/8782"}],"wp:attachment":[{"href":"https:\/\/topholds.com\/sv\/wp-json\/wp\/v2\/media?parent=16940"}],"wp:term":[{"taxonomy":"product_brand","embeddable":true,"href":"https:\/\/topholds.com\/sv\/wp-json\/wp\/v2\/product_brand?post=16940"},{"taxonomy":"product_cat","embeddable":true,"href":"https:\/\/topholds.com\/sv\/wp-json\/wp\/v2\/product_cat?post=16940"},{"taxonomy":"product_tag","embeddable":true,"href":"https:\/\/topholds.com\/sv\/wp-json\/wp\/v2\/product_tag?post=16940"}],"curies":[{"name":"wp","href":"https:\/\/api.w.org\/{rel}","templated":true}]}}