{"id":16945,"date":"2020-07-27T10:42:22","date_gmt":"2020-07-27T10:42:22","guid":{"rendered":"https:\/\/topholds.com\/urban-top\/"},"modified":"2024-08-26T04:30:09","modified_gmt":"2024-08-26T04:30:09","slug":"urban-top","status":"publish","type":"product","link":"https:\/\/topholds.com\/sv\/erbjudande\/hinderbana\/klader\/trojor\/urban-top\/","title":{"rendered":"Hinderbana tr\u00f6ja Urban Top"},"content":{"rendered":"<p>La <strong>camisettan OCR Urban Top<\/strong> \u00e4r gjord av en trevlig blandning av mjukt <strong><em>kammad bomull<\/em><\/strong> och elastan, vilket g\u00f6r den till en h\u00f6gkvalitativ t-shirt.<\/p>\n<p>Sl\u00e4t stickning, f\u00f6rst\u00e4rkt axels\u00f6m, med kontrasterande nackband.<\/p>\n<p>F\u00e4rg svart med TopHolds-logotypen p\u00e5 br\u00f6stet.<\/p>\n<p>&nbsp;<\/p>\n<p>95% kammad bomull, 5% elastan<\/p>\n<p><img decoding=\"async\" src=\"https:\/\/www.stedman.eu\/img\/washing-cat-VII.png\" \/><\/p>\n<p>&nbsp;<\/p>\n<p><strong>m\u00e5ttf\u00f6rslag f\u00f6r kvinnor<\/strong><\/p>\n<p>Storlek\u00a0 \u00a0 \u00a0 \u00a0 \u00a0 \u00a0 \u00a0 S\u00a0 \u00a0 \u00a0 \u00a0 \u00a0 \u00a0 \u00a0 \u00a0 M\u00a0 \u00a0 \u00a0 \u00a0 \u00a0 \u00a0 \u00a0L\u00a0 \u00a0 \u00a0 \u00a0 \u00a0 \u00a0 \u00a0 \u00a0XL<br \/>\nL\u00e4ngd (cm)\u00a0 \u00a0 \u00a0 \u00a0 62\u00a0 \u00a0 \u00a0 \u00a0 \u00a0 \u00a0 \u00a0 63\u00a0 \u00a0 \u00a0 \u00a0 \u00a0 \u00a0 64,5\u00a0 \u00a0 \u00a0 \u00a0 \u00a0 \u00a065<br \/>\nBredd (cm)\u00a0 \u00a0 \u00a0 \u00a0 42\u00a0 \u00a0 \u00a0 \u00a0 \u00a0 \u00a0 \u00a0 45\u00a0 \u00a0 \u00a0 \u00a0 \u00a0 \u00a0 48\u00a0 \u00a0 \u00a0 \u00a0 \u00a0 \u00a0 \u00a0 52  <\/p>\n<p><strong>m\u00e5ttf\u00f6rslag f\u00f6r m\u00e4n<\/strong><\/p>\n<p>Storlek\u00a0 \u00a0 \u00a0 \u00a0 \u00a0 \u00a0 \u00a0 S\u00a0 \u00a0 \u00a0 \u00a0 \u00a0 \u00a0 \u00a0 \u00a0 M\u00a0 \u00a0 \u00a0 \u00a0 \u00a0 \u00a0 \u00a0L\u00a0 \u00a0 \u00a0 \u00a0 \u00a0 \u00a0 \u00a0 \u00a0XL<br \/>\nL\u00e4ngd (cm)\u00a0 \u00a0 \u00a0 \u00a0 69\u00a0 \u00a0 \u00a0 \u00a0 \u00a0 \u00a0 \u00a0 71\u00a0 \u00a0 \u00a0 \u00a0 \u00a0 \u00a0 \u00a0 73\u00a0 \u00a0 \u00a0 \u00a0 \u00a0 \u00a0 \u00a075<br \/>\nBredd (cm)\u00a0 \u00a0 \u00a0 \u00a0 46\u00a0 \u00a0 \u00a0 \u00a0 \u00a0 \u00a0 \u00a0 49\u00a0 \u00a0 \u00a0 \u00a0 \u00a0 \u00a0 \u00a052\u00a0 \u00a0 \u00a0 \u00a0 \u00a0 \u00a0 \u00a056  <\/p>\n<p><em>Det kan h\u00e4nda att plagget inte exakt motsvarar dessa m\u00e5tt p\u00e5 grund av till\u00e5tna variationsm\u00e5tt.<\/em><\/p>\n","protected":false},"excerpt":{"rendered":"<ul>\n<li>Blandning av bomull och elastan.<\/li>\n<li>T-shirt av h\u00f6g kvalitet.<\/li>\n<li>Bekv\u00e4m sl\u00e4tstickad kvalitet.<\/li>\n<\/ul>\n","protected":false},"featured_media":9167,"comment_status":"open","ping_status":"closed","template":"","meta":[],"product_brand":[],"product_cat":[416,512,519],"product_tag":[],"class_list":{"0":"post-16945","1":"product","2":"type-product","3":"status-publish","4":"has-post-thumbnail","6":"product_cat-hinderbana","7":"product_cat-klader","8":"product_cat-trojor","9":"product_shipping_class-ekonomifrakt","11":"first","12":"instock","13":"taxable","14":"shipping-taxable","15":"purchasable","16":"product-type-variable"},"_links":{"self":[{"href":"https:\/\/topholds.com\/sv\/wp-json\/wp\/v2\/product\/16945","targetHints":{"allow":["GET"]}}],"collection":[{"href":"https:\/\/topholds.com\/sv\/wp-json\/wp\/v2\/product"}],"about":[{"href":"https:\/\/topholds.com\/sv\/wp-json\/wp\/v2\/types\/product"}],"replies":[{"embeddable":true,"href":"https:\/\/topholds.com\/sv\/wp-json\/wp\/v2\/comments?post=16945"}],"wp:featuredmedia":[{"embeddable":true,"href":"https:\/\/topholds.com\/sv\/wp-json\/wp\/v2\/media\/9167"}],"wp:attachment":[{"href":"https:\/\/topholds.com\/sv\/wp-json\/wp\/v2\/media?parent=16945"}],"wp:term":[{"taxonomy":"product_brand","embeddable":true,"href":"https:\/\/topholds.com\/sv\/wp-json\/wp\/v2\/product_brand?post=16945"},{"taxonomy":"product_cat","embeddable":true,"href":"https:\/\/topholds.com\/sv\/wp-json\/wp\/v2\/product_cat?post=16945"},{"taxonomy":"product_tag","embeddable":true,"href":"https:\/\/topholds.com\/sv\/wp-json\/wp\/v2\/product_tag?post=16945"}],"curies":[{"name":"wp","href":"https:\/\/api.w.org\/{rel}","templated":true}]}}