{"id":16955,"date":"2020-06-15T18:20:37","date_gmt":"2020-06-15T18:20:37","guid":{"rendered":"https:\/\/topholds.com\/flytande-krita-top-plus\/"},"modified":"2024-08-26T04:27:13","modified_gmt":"2024-08-26T04:27:13","slug":"flytande-krita-top-plus","status":"publish","type":"product","link":"https:\/\/topholds.com\/sv\/erbjudande\/tillbehor\/krita\/flytande-krita-top-plus\/","title":{"rendered":"Flytande Krita Top+"},"content":{"rendered":"<p><strong>Magnesio Top+<\/strong> har designatspecifikt f\u00f6r att tillgodose de hygieniska behoven hos <strong>sportcenter, gym, Crossfit-boxar och hinderbanelopp<\/strong>, vilket ger skydd mot virus, bakterier och svampar.<\/p>\n<p>Vi f\u00f6rst\u00e5r att anv\u00e4ndningen av alkoholbaserade geler kan g\u00f6ra h\u00e4nderna hala, vilket g\u00f6r det sv\u00e5rt att f\u00e5 grepp vid sportaktiviteter. D\u00e4rf\u00f6r har vi utvecklat en <strong>innovativ och dermatologiskt<\/strong> testad formula som desinficerar h\u00e4nderna och torkar p\u00e5 endast 10-15 sekunder. N\u00e4r den torkar efterl\u00e4mnar den ett lager av magnesium som f\u00f6rb\u00e4ttrar greppet och minskar svett, vilket garanterar en l\u00e5ngvarig effekt.<\/p>\n<p>En av de mest framtr\u00e4dande egenskaperna hos denna produkt \u00e4r dess <strong>kraftfulla desinfektionsverkan<\/strong>, med snabb aktivering, torkning och effektivitet.<\/p>\n<p>Finns i f\u00f6rpackningar om 100 och 250 ml, samt 5 liters beh\u00e5llare f\u00f6r branschproffs (kontakta oss!).<\/p>\n<p><strong>Produktens egenskaper:<\/strong><\/p>\n<ul>\n<li>Alkoholbaserad och desinficerande f\u00f6r frisk hud<\/li>\n<li>Formulerad med h\u00f6g koncentration av etanol (70%)<\/li>\n<li>Inneh\u00e5ller ingen isopropylalkohol i sin formulation<\/li>\n<li>Designad specifikt f\u00f6r att ge hygienisk s\u00e4kerhet vid anv\u00e4ndning av flytande magnesium p\u00e5 h\u00e4nderna<\/li>\n<li>Minimalt aktiverings- och torktidskrav<\/li>\n<li>Maximalt grepp och effektivitet<\/li>\n<\/ul>\n<p><strong>Anv\u00e4ndningss\u00e4tt:<\/strong><\/p>\n<ol>\n<li>Skaka f\u00f6re anv\u00e4ndning<\/li>\n<li>Till\u00e4mpa cirka 2 milliliter av produkten p\u00e5 handflatan<\/li>\n<li>Gnugga energiskt och sprid produkten \u00f6ver b\u00e5da h\u00e4nderna tills den \u00e4r helt avdunstad, utan behov av efterf\u00f6ljande sk\u00f6ljning<\/li>\n<li>F\u00f6rvara beh\u00e5llaren v\u00e4l st\u00e4ngd f\u00f6r att f\u00f6rhindra avdunstning av alkoholen<\/li>\n<\/ol>\n","protected":false},"excerpt":{"rendered":"<ul>\n<li>Potent desinficerande \u00e5tg\u00e4rd mot virus, bakterier och svamp.<\/li>\n<li>Innovativ formel och dermatologiskt testad.<\/li>\n<li>Snabb torkning p\u00e5 endast 10-15 sekunder.<\/li>\n<li>F\u00f6rb\u00e4ttrar vidh\u00e4ftning genom att l\u00e4mna ett lager av magnesium.<\/li>\n<li>Minskar svettning i h\u00e4nderna.<\/li>\n<\/ul>\n","protected":false},"featured_media":20017,"comment_status":"open","ping_status":"closed","template":"","meta":[],"product_brand":[],"product_cat":[416,505,422],"product_tag":[],"class_list":{"0":"post-16955","1":"product","2":"type-product","3":"status-publish","4":"has-post-thumbnail","6":"product_cat-hinderbana","7":"product_cat-krita","8":"product_cat-tillbehor","9":"product_shipping_class-ekonomifrakt","11":"first","12":"instock","13":"sale","14":"featured","15":"taxable","16":"shipping-taxable","17":"purchasable","18":"product-type-variable"},"_links":{"self":[{"href":"https:\/\/topholds.com\/sv\/wp-json\/wp\/v2\/product\/16955","targetHints":{"allow":["GET"]}}],"collection":[{"href":"https:\/\/topholds.com\/sv\/wp-json\/wp\/v2\/product"}],"about":[{"href":"https:\/\/topholds.com\/sv\/wp-json\/wp\/v2\/types\/product"}],"replies":[{"embeddable":true,"href":"https:\/\/topholds.com\/sv\/wp-json\/wp\/v2\/comments?post=16955"}],"wp:featuredmedia":[{"embeddable":true,"href":"https:\/\/topholds.com\/sv\/wp-json\/wp\/v2\/media\/20017"}],"wp:attachment":[{"href":"https:\/\/topholds.com\/sv\/wp-json\/wp\/v2\/media?parent=16955"}],"wp:term":[{"taxonomy":"product_brand","embeddable":true,"href":"https:\/\/topholds.com\/sv\/wp-json\/wp\/v2\/product_brand?post=16955"},{"taxonomy":"product_cat","embeddable":true,"href":"https:\/\/topholds.com\/sv\/wp-json\/wp\/v2\/product_cat?post=16955"},{"taxonomy":"product_tag","embeddable":true,"href":"https:\/\/topholds.com\/sv\/wp-json\/wp\/v2\/product_tag?post=16955"}],"curies":[{"name":"wp","href":"https:\/\/api.w.org\/{rel}","templated":true}]}}