{"id":16960,"date":"2020-07-05T17:53:51","date_gmt":"2020-07-05T17:53:51","guid":{"rendered":"https:\/\/topholds.com\/kettlebell\/"},"modified":"2025-06-10T10:56:54","modified_gmt":"2025-06-10T10:56:54","slug":"kettlebell","status":"publish","type":"product","link":"https:\/\/topholds.com\/sv\/erbjudande\/hinderbana\/traning\/grepp\/kettlebell\/","title":{"rendered":"Hinderbana Grepp Kettlebell"},"content":{"rendered":"<p>F\u00f6rb\u00e4ttra din tr\u00e4ning med <strong>OCR-grepp<\/strong> <strong>Kettlebell<\/strong>. Detta <strong>drag- och h\u00e4nggrepp<\/strong> \u00e4r speciellt designat f\u00f6r <strong>\u00e4lskare av OCR och kl\u00e4ttring<\/strong>. Detta grepp \u00e4r perfekt f\u00f6r anv\u00e4ndning i h\u00e4ngande kl\u00e4tterv\u00e4ggar, campusomr\u00e5den och som en nedstigningskomponent i kl\u00e4tterblock.<\/p>\n<p>Tillverkat med en ergonomisk toppdiameter, garanterar greppet en bekv\u00e4m och s\u00e4ker vila f\u00f6r dina h\u00e4nder under tr\u00e4ningspassen. Dess m\u00e5ngsidighet g\u00f6r den <strong>l\u00e4mplig f\u00f6r alla lutningar, vare sig det handlar om \u00f6verh\u00e4ng eller tak<\/strong>.<\/p>\n<p>Njut av dess mjuka och behagliga yta, som <strong>minskar risken f\u00f6r hudskador<\/strong>.<\/p>\n<p>F\u00f6r en korrekt installation rekommenderas det att anv\u00e4nda skruvar M10x40 eller M8x40.<\/p>\n<p>T\u00e4nk p\u00e5 att f\u00e4rgerna som visas p\u00e5 bilden kan variera. Om du \u00f6nskar en specifik f\u00e4rg, tveka inte att kontakta oss.<\/p>\n","protected":false},"excerpt":{"rendered":"<ul>\n<li>Press f\u00f6r att g\u00f6ra drag och upph\u00e4ngningar.<\/li>\n<li>Ideal f\u00f6r OCR-kl\u00e4tterv\u00e4ggar, campus och f\u00f6r att g\u00f6ra rutter f\u00f6r att g\u00e5 ner fr\u00e5n blocken.<\/li>\n<li>Diameter av den \u00f6vre kanten \u00e4r mycket bekv\u00e4m f\u00f6r ett idealiskt vila av handen.<\/li>\n<li>L\u00e4mplig f\u00f6r alla \u00f6verh\u00e4ng och tak.<\/li>\n<\/ul>\n","protected":false},"featured_media":20039,"comment_status":"open","ping_status":"closed","template":"","meta":[],"product_brand":[],"product_cat":[416,518,515,425,478],"product_tag":[],"class_list":{"0":"post-16960","1":"product","2":"type-product","3":"status-publish","4":"has-post-thumbnail","6":"product_cat-hinderbana","7":"product_cat-grepp","8":"product_cat-traning","9":"product_cat-klattringrepp","10":"product_cat-tranings","12":"first","13":"instock","14":"taxable","15":"shipping-taxable","16":"purchasable","17":"product-type-simple"},"_links":{"self":[{"href":"https:\/\/topholds.com\/sv\/wp-json\/wp\/v2\/product\/16960","targetHints":{"allow":["GET"]}}],"collection":[{"href":"https:\/\/topholds.com\/sv\/wp-json\/wp\/v2\/product"}],"about":[{"href":"https:\/\/topholds.com\/sv\/wp-json\/wp\/v2\/types\/product"}],"replies":[{"embeddable":true,"href":"https:\/\/topholds.com\/sv\/wp-json\/wp\/v2\/comments?post=16960"}],"wp:featuredmedia":[{"embeddable":true,"href":"https:\/\/topholds.com\/sv\/wp-json\/wp\/v2\/media\/20039"}],"wp:attachment":[{"href":"https:\/\/topholds.com\/sv\/wp-json\/wp\/v2\/media?parent=16960"}],"wp:term":[{"taxonomy":"product_brand","embeddable":true,"href":"https:\/\/topholds.com\/sv\/wp-json\/wp\/v2\/product_brand?post=16960"},{"taxonomy":"product_cat","embeddable":true,"href":"https:\/\/topholds.com\/sv\/wp-json\/wp\/v2\/product_cat?post=16960"},{"taxonomy":"product_tag","embeddable":true,"href":"https:\/\/topholds.com\/sv\/wp-json\/wp\/v2\/product_tag?post=16960"}],"curies":[{"name":"wp","href":"https:\/\/api.w.org\/{rel}","templated":true}]}}