{"id":16965,"date":"2020-07-05T19:14:14","date_gmt":"2020-07-05T19:14:14","guid":{"rendered":"https:\/\/topholds.com\/troja-topholds\/"},"modified":"2024-08-26T04:28:37","modified_gmt":"2024-08-26T04:28:37","slug":"troja-topholds","status":"publish","type":"product","link":"https:\/\/topholds.com\/sv\/erbjudande\/hinderbana\/klader\/trojor\/troja-topholds\/","title":{"rendered":"Hinderbana tr\u00f6ja TopHolds"},"content":{"rendered":"<p>Njut av maximal komfort och optimalandningsf\u00f6rm\u00e5ga med <strong>OCR TopHolds t-shirten<\/strong>, tillverkad av mikroperforerad polyesterv\u00e4v p\u00e5 140g\/m2. Tack vare sina mikroperforeringar m\u00f6jligg\u00f6r den en <strong>utm\u00e4rkt luftcirkulation<\/strong>, vilket h\u00e5ller din hud sval och ventilerad hela tiden.<\/p>\n<p>Dessutom <strong>beh\u00e5ller den h\u00f6gkvalitativa polyesterkompositionen torrhet \u00e4ven under de mest intensiva aktiviteterna<\/strong>. Denna <em>OCR t-shirt<\/em> g\u00f6r att du kan fokusera p\u00e5 det som verkligen betyder n\u00e5got: att forts\u00e4tta fram\u00e5t och n\u00e5 dina m\u00e5l.<\/p>\n<p><strong>m\u00e5ttinformation<\/strong><\/p>\n<p><a href=\"https:\/\/topholds.com\/wp-content\/uploads\/2020\/07\/medidas-camisetas.jpg\"><img fetchpriority=\"high\" decoding=\"async\" class=\"alignnone size-medium wp-image-9181\" src=\"https:\/\/topholds.com\/wp-content\/uploads\/2020\/07\/medidas-camisetas-277x300.jpg\" alt=\"m\u00e5tt p\u00e5 t-shirts\" width=\"277\" height=\"300\" \/><\/a><\/p>\n<p><em>Det kan h\u00e4nda att plagget inte exakt motsvarar dessa m\u00e5tt p\u00e5 grund av till\u00e5tna m\u00e5ttoleranser.<\/em><\/p>\n","protected":false},"excerpt":{"rendered":"<ul>\n<li>Microperforerat polyestertyg.<\/li>\n<li>Optimal ventilation och fr\u00e4schhet.<\/li>\n<li>H\u00e5ller huden torr.<\/li>\n<li>Ideal f\u00f6r aktiviteter med h\u00f6g intensitet.<\/li>\n<\/ul>\n","protected":false},"featured_media":20068,"comment_status":"open","ping_status":"closed","template":"","meta":[],"product_brand":[],"product_cat":[416,512,519],"product_tag":[],"class_list":{"0":"post-16965","1":"product","2":"type-product","3":"status-publish","4":"has-post-thumbnail","6":"product_cat-hinderbana","7":"product_cat-klader","8":"product_cat-trojor","9":"product_shipping_class-ekonomifrakt","11":"first","12":"instock","13":"taxable","14":"shipping-taxable","15":"purchasable","16":"product-type-variable"},"_links":{"self":[{"href":"https:\/\/topholds.com\/sv\/wp-json\/wp\/v2\/product\/16965","targetHints":{"allow":["GET"]}}],"collection":[{"href":"https:\/\/topholds.com\/sv\/wp-json\/wp\/v2\/product"}],"about":[{"href":"https:\/\/topholds.com\/sv\/wp-json\/wp\/v2\/types\/product"}],"replies":[{"embeddable":true,"href":"https:\/\/topholds.com\/sv\/wp-json\/wp\/v2\/comments?post=16965"}],"wp:featuredmedia":[{"embeddable":true,"href":"https:\/\/topholds.com\/sv\/wp-json\/wp\/v2\/media\/20068"}],"wp:attachment":[{"href":"https:\/\/topholds.com\/sv\/wp-json\/wp\/v2\/media?parent=16965"}],"wp:term":[{"taxonomy":"product_brand","embeddable":true,"href":"https:\/\/topholds.com\/sv\/wp-json\/wp\/v2\/product_brand?post=16965"},{"taxonomy":"product_cat","embeddable":true,"href":"https:\/\/topholds.com\/sv\/wp-json\/wp\/v2\/product_cat?post=16965"},{"taxonomy":"product_tag","embeddable":true,"href":"https:\/\/topholds.com\/sv\/wp-json\/wp\/v2\/product_tag?post=16965"}],"curies":[{"name":"wp","href":"https:\/\/api.w.org\/{rel}","templated":true}]}}