{"id":16970,"date":"2020-07-15T18:41:31","date_gmt":"2020-07-15T18:41:31","guid":{"rendered":"https:\/\/topholds.com\/kettlebell-nyckelring\/"},"modified":"2024-08-26T04:29:26","modified_gmt":"2024-08-26T04:29:26","slug":"kettlebell-nyckelring","status":"publish","type":"product","link":"https:\/\/topholds.com\/sv\/erbjudande\/tillbehor\/nyckelringar\/kettlebell-nyckelring\/","title":{"rendered":"Kettlebell Nyckelring"},"content":{"rendered":"<p>Det ser ut som att du inte har inkluderat n\u00e5gon text att \u00f6vers\u00e4tta. V\u00e4nligen ge mig texten s\u00e5 kommer jag att \u00f6vers\u00e4tta den till svenska!<\/p>\n","protected":false},"excerpt":{"rendered":"<p>Det nya nyckelbandet TopHolds.<\/p>\n<p>V\u00e4lj din favoritf\u00e4rg p\u00e5 kettlebellen.<\/p>\n","protected":false},"featured_media":20142,"comment_status":"open","ping_status":"closed","template":"","meta":[],"product_brand":[],"product_cat":[508,422,478],"product_tag":[],"class_list":{"0":"post-16970","1":"product","2":"type-product","3":"status-publish","4":"has-post-thumbnail","6":"product_cat-nyckelringar","7":"product_cat-tillbehor","8":"product_cat-tranings","9":"product_shipping_class-ekonomifrakt","11":"first","12":"instock","13":"taxable","14":"shipping-taxable","15":"purchasable","16":"product-type-variable"},"_links":{"self":[{"href":"https:\/\/topholds.com\/sv\/wp-json\/wp\/v2\/product\/16970","targetHints":{"allow":["GET"]}}],"collection":[{"href":"https:\/\/topholds.com\/sv\/wp-json\/wp\/v2\/product"}],"about":[{"href":"https:\/\/topholds.com\/sv\/wp-json\/wp\/v2\/types\/product"}],"replies":[{"embeddable":true,"href":"https:\/\/topholds.com\/sv\/wp-json\/wp\/v2\/comments?post=16970"}],"wp:featuredmedia":[{"embeddable":true,"href":"https:\/\/topholds.com\/sv\/wp-json\/wp\/v2\/media\/20142"}],"wp:attachment":[{"href":"https:\/\/topholds.com\/sv\/wp-json\/wp\/v2\/media?parent=16970"}],"wp:term":[{"taxonomy":"product_brand","embeddable":true,"href":"https:\/\/topholds.com\/sv\/wp-json\/wp\/v2\/product_brand?post=16970"},{"taxonomy":"product_cat","embeddable":true,"href":"https:\/\/topholds.com\/sv\/wp-json\/wp\/v2\/product_cat?post=16970"},{"taxonomy":"product_tag","embeddable":true,"href":"https:\/\/topholds.com\/sv\/wp-json\/wp\/v2\/product_tag?post=16970"}],"curies":[{"name":"wp","href":"https:\/\/api.w.org\/{rel}","templated":true}]}}