{"id":16980,"date":"2020-09-05T12:04:29","date_gmt":"2020-09-05T12:04:29","guid":{"rendered":"https:\/\/topholds.com\/hammer-time\/"},"modified":"2026-02-16T12:56:14","modified_gmt":"2026-02-16T12:56:14","slug":"hammer-time","status":"publish","type":"product","link":"https:\/\/topholds.com\/sv\/erbjudande\/hinderbana\/traning\/upphangningar\/hammer-time\/","title":{"rendered":"Hinderbana Upph\u00e4ngningar Hammer Time"},"content":{"rendered":"<p><strong>Hammer Time<\/strong> \u00e4r det revolutionerande hindret fr\u00e5n TopHolds. Detta <strong>OCR-h\u00e4ngningsredskap<\/strong> \u00e4r utformat f\u00f6r att erbjuda dig o\u00e4ndliga s\u00e4tt att \u00f6vervinna det och f\u00f6rb\u00e4ttra dina tr\u00e4ningar. Denna m\u00e5ngsidiga h\u00e4ngning h\u00e4ngs enkelt upp p\u00e5 en pull-up-bar, i parken eller p\u00e5 en gren, vilket g\u00f6r det m\u00f6jligt att utf\u00f6ra en bred variation av \u00f6vningar var som helst.<\/p>\n<p>Maximera potentialen hos <em>Hammer Time<\/em> genom att koppla ihop den med andra vertikalt, skapa unika och anpassade utmaningar f\u00f6r dina behov. Dess noggrant utformade design g\u00f6r att du kan utnyttja dina tr\u00e4ningar maximalt, utan att beh\u00f6va mycket utrymme f\u00f6r att g\u00f6ra kombinationer av valfri l\u00e4ngd.<\/p>\n<p><em>Hammer Time<\/em> \u00e4r ett exceptionellt verktyg f\u00f6r <strong>OCR-tr\u00e4ning, kalistenik, ninja-utmaningar, kl\u00e4ttring, Crossfit, gymnastik<\/strong> och mycket mer. Dessutom ger det inte bara en effektiv tr\u00e4ning, utan ocks\u00e5 mycket n\u00f6je. V\u00e5gar du prova det?<\/p>\n<p>&nbsp;<\/p>\n<p><iframe src=\"https:\/\/www.youtube.com\/embed\/wKQ2ywKLmcw?start=2\" width=\"560\" height=\"315\" frameborder=\"0\" allowfullscreen=\"allowfullscreen\"><\/iframe><\/p>\n<p>&nbsp;<\/p>\n<p>Det \u00e4r viktigt att anv\u00e4nda <strong>Hammer Time-h\u00e4ngningen<\/strong> enligt instruktionerna i demostrationsvideon och att endast anv\u00e4nda v\u00e5ra &#8221;handtag f\u00f6r peg board&#8221; eller andra med identiska m\u00e5tt i &#8221;peg board&#8221;-l\u00e4ge. Vi tar inget ansvar f\u00f6r felaktig anv\u00e4ndning av produkten eller anv\u00e4ndning av material som inte rekommenderas, vilket kan orsaka skador p\u00e5 delen.<\/p>\n<p>V\u00e4nligen observera att f\u00e4rgerna p\u00e5 Hammer Time kan variera j\u00e4mf\u00f6rt med bilden som visas. Om du \u00f6nskar en specifik f\u00e4rg, tveka inte att fr\u00e5ga oss.<\/p>\n","protected":false},"excerpt":{"rendered":"<ul>\n<li>Enkel att h\u00e4nga upp p\u00e5 vilken plats som helst.<\/li>\n<li>Idealisk f\u00f6r OCR-tr\u00e4ning, calisthenics, ninjautmaningar, kl\u00e4ttring, Crossfit.<\/li>\n<li>Flexibel och anpassningsbar design.<\/li>\n<li>Perfekt f\u00f6r tr\u00e5nga utrymmen.<\/li>\n<li>L\u00e4mplig f\u00f6r olika tr\u00e4ningsformer.<\/li>\n<\/ul>\n","protected":false},"featured_media":20214,"comment_status":"open","ping_status":"closed","template":"","meta":[],"product_brand":[],"product_cat":[416,515,517,514],"product_tag":[],"class_list":{"0":"post-16980","1":"product","2":"type-product","3":"status-publish","4":"has-post-thumbnail","6":"product_cat-hinderbana","7":"product_cat-traning","8":"product_cat-upphangningar","9":"product_cat-klatterbrada","11":"first","12":"instock","13":"sale","14":"taxable","15":"shipping-taxable","16":"purchasable","17":"product-type-simple"},"_links":{"self":[{"href":"https:\/\/topholds.com\/sv\/wp-json\/wp\/v2\/product\/16980","targetHints":{"allow":["GET"]}}],"collection":[{"href":"https:\/\/topholds.com\/sv\/wp-json\/wp\/v2\/product"}],"about":[{"href":"https:\/\/topholds.com\/sv\/wp-json\/wp\/v2\/types\/product"}],"replies":[{"embeddable":true,"href":"https:\/\/topholds.com\/sv\/wp-json\/wp\/v2\/comments?post=16980"}],"wp:featuredmedia":[{"embeddable":true,"href":"https:\/\/topholds.com\/sv\/wp-json\/wp\/v2\/media\/20214"}],"wp:attachment":[{"href":"https:\/\/topholds.com\/sv\/wp-json\/wp\/v2\/media?parent=16980"}],"wp:term":[{"taxonomy":"product_brand","embeddable":true,"href":"https:\/\/topholds.com\/sv\/wp-json\/wp\/v2\/product_brand?post=16980"},{"taxonomy":"product_cat","embeddable":true,"href":"https:\/\/topholds.com\/sv\/wp-json\/wp\/v2\/product_cat?post=16980"},{"taxonomy":"product_tag","embeddable":true,"href":"https:\/\/topholds.com\/sv\/wp-json\/wp\/v2\/product_tag?post=16980"}],"curies":[{"name":"wp","href":"https:\/\/api.w.org\/{rel}","templated":true}]}}