{"id":16985,"date":"2020-09-07T16:06:00","date_gmt":"2020-09-07T16:06:00","guid":{"rendered":"https:\/\/topholds.com\/anilla-top-breaker\/"},"modified":"2024-08-26T04:32:01","modified_gmt":"2024-08-26T04:32:01","slug":"anilla-top-breaker","status":"publish","type":"product","link":"https:\/\/topholds.com\/sv\/erbjudande\/hinderbana\/traning\/upphangningar\/anilla-top-breaker\/","title":{"rendered":"Hinderbana Upph\u00e4ngningar Anilla Top Breaker"},"content":{"rendered":"<p>Las <strong>anringar Top Breaker \u00e4r OCR-h\u00e4ngningar<\/strong> tillverkade av rostfritt st\u00e5l som g\u00f6r att du kan tr\u00e4na med intensitet.<\/p>\n<p>De <em>anringar Top Breaker<\/em> \u00e4r extremt robusta och of\u00f6r\u00e4nderliga mot v\u00e4derf\u00f6rh\u00e5llanden, vilket g\u00f6r dem till det ideala valet f\u00f6r dem som s\u00f6ker h\u00f6gpresterande utrustning i alla milj\u00f6er.<\/p>\n<p>Dessutom g\u00f6r deras m\u00e5ngsidiga design att du kan <strong>utf\u00f6ra horisontella och vertikala progressioner<\/strong>, d\u00e4r du kan f\u00e4sta tillbeh\u00f6r som v\u00e5ra Top Breaker, Chain Grip Evolution, Chain Grip Evolution MAX, Ball Chain Evolution, Cross Chain Evolution, Delta Raks, Yaguer Chain Evolution och Kong Chain.<\/p>\n<p>De kommer med TopHolds-sn\u00f6ret s\u00e5 att du enkelt kan h\u00e4nga upp dem.<\/p>\n","protected":false},"excerpt":{"rendered":"<ul>\n<li>Faciliterar horisontella och vertikala progressioner.<\/li>\n<li>Tillverkning i h\u00f6gkvalitativt rostfritt st\u00e5l.<\/li>\n<li>Passar f\u00f6r intensiv tr\u00e4ning inomhus och utomhus.<\/li>\n<li>Kompabilitet med Top Breaker, Chain Grip Evolution, Chain Grip Evolution MAX, Ball Chain Evolution, Cross Chain Evolution, Delta Raks, Yaguer Chain Evolution och Kong Chain.<\/li>\n<\/ul>\n","protected":false},"featured_media":20229,"comment_status":"open","ping_status":"closed","template":"","meta":[],"product_brand":[],"product_cat":[416,515,517],"product_tag":[],"class_list":{"0":"post-16985","1":"product","2":"type-product","3":"status-publish","4":"has-post-thumbnail","6":"product_cat-hinderbana","7":"product_cat-traning","8":"product_cat-upphangningar","10":"first","11":"instock","12":"taxable","13":"shipping-taxable","14":"purchasable","15":"product-type-simple"},"_links":{"self":[{"href":"https:\/\/topholds.com\/sv\/wp-json\/wp\/v2\/product\/16985","targetHints":{"allow":["GET"]}}],"collection":[{"href":"https:\/\/topholds.com\/sv\/wp-json\/wp\/v2\/product"}],"about":[{"href":"https:\/\/topholds.com\/sv\/wp-json\/wp\/v2\/types\/product"}],"replies":[{"embeddable":true,"href":"https:\/\/topholds.com\/sv\/wp-json\/wp\/v2\/comments?post=16985"}],"wp:featuredmedia":[{"embeddable":true,"href":"https:\/\/topholds.com\/sv\/wp-json\/wp\/v2\/media\/20229"}],"wp:attachment":[{"href":"https:\/\/topholds.com\/sv\/wp-json\/wp\/v2\/media?parent=16985"}],"wp:term":[{"taxonomy":"product_brand","embeddable":true,"href":"https:\/\/topholds.com\/sv\/wp-json\/wp\/v2\/product_brand?post=16985"},{"taxonomy":"product_cat","embeddable":true,"href":"https:\/\/topholds.com\/sv\/wp-json\/wp\/v2\/product_cat?post=16985"},{"taxonomy":"product_tag","embeddable":true,"href":"https:\/\/topholds.com\/sv\/wp-json\/wp\/v2\/product_tag?post=16985"}],"curies":[{"name":"wp","href":"https:\/\/api.w.org\/{rel}","templated":true}]}}