{"id":16995,"date":"2021-01-17T12:20:13","date_gmt":"2021-01-17T12:20:13","guid":{"rendered":"https:\/\/topholds.com\/soft-2\/"},"modified":"2024-08-26T04:33:18","modified_gmt":"2024-08-26T04:33:18","slug":"soft-2","status":"publish","type":"product","link":"https:\/\/topholds.com\/sv\/erbjudande\/klattringrepp\/soft-2\/","title":{"rendered":"Kl\u00e4ttergrepp Paket Soft 2"},"content":{"rendered":"<p><strong>Soft 2 \u00e4r ett paket med 10 kl\u00e4ttringsholkar<\/strong> designade med en mjuk och realistisk sandstensyta som garanterar ett bekv\u00e4mt och s\u00e4kert grepp under dina kl\u00e4ttringspass.<\/p>\n<p>Varje holk \u00e4r utrustad med ett <strong>anti-rotationsskruvh\u00e5l<\/strong>, vilket s\u00e4kerst\u00e4ller stabilitet och f\u00f6rhindrar o\u00f6nskade r\u00f6relser under kl\u00e4ttringen.<\/p>\n<p>F\u00f6r en optimal installation rekommenderas det att anv\u00e4nda skruvar M10x50 eller M8x50 (ing\u00e5r inte).<\/p>\n<p>Om du \u00f6nskar en speciell f\u00e4rg, skriv det i &#8221;noter&#8221; eller kontakta oss.<\/p>\n","protected":false},"excerpt":{"rendered":"<ul>\n<li>Soft 2 \u00e4r ett paket med 10 kl\u00e4ttringshandtag.<\/li>\n<li>Mjukt sandstensm\u00f6nster.<\/li>\n<li>Alla har ett h\u00e5l f\u00f6r en anti-rotation skruv.<\/li>\n<\/ul>\n<p>&nbsp;<\/p>\n","protected":false},"featured_media":9970,"comment_status":"open","ping_status":"closed","template":"","meta":[],"product_brand":[],"product_cat":[425],"product_tag":[],"class_list":{"0":"post-16995","1":"product","2":"type-product","3":"status-publish","4":"has-post-thumbnail","6":"product_cat-klattringrepp","8":"first","9":"instock","10":"taxable","11":"shipping-taxable","12":"purchasable","13":"product-type-simple"},"_links":{"self":[{"href":"https:\/\/topholds.com\/sv\/wp-json\/wp\/v2\/product\/16995","targetHints":{"allow":["GET"]}}],"collection":[{"href":"https:\/\/topholds.com\/sv\/wp-json\/wp\/v2\/product"}],"about":[{"href":"https:\/\/topholds.com\/sv\/wp-json\/wp\/v2\/types\/product"}],"replies":[{"embeddable":true,"href":"https:\/\/topholds.com\/sv\/wp-json\/wp\/v2\/comments?post=16995"}],"wp:featuredmedia":[{"embeddable":true,"href":"https:\/\/topholds.com\/sv\/wp-json\/wp\/v2\/media\/9970"}],"wp:attachment":[{"href":"https:\/\/topholds.com\/sv\/wp-json\/wp\/v2\/media?parent=16995"}],"wp:term":[{"taxonomy":"product_brand","embeddable":true,"href":"https:\/\/topholds.com\/sv\/wp-json\/wp\/v2\/product_brand?post=16995"},{"taxonomy":"product_cat","embeddable":true,"href":"https:\/\/topholds.com\/sv\/wp-json\/wp\/v2\/product_cat?post=16995"},{"taxonomy":"product_tag","embeddable":true,"href":"https:\/\/topholds.com\/sv\/wp-json\/wp\/v2\/product_tag?post=16995"}],"curies":[{"name":"wp","href":"https:\/\/api.w.org\/{rel}","templated":true}]}}