{"id":17000,"date":"2021-01-17T12:31:30","date_gmt":"2021-01-17T12:31:30","guid":{"rendered":"https:\/\/topholds.com\/soft-1\/"},"modified":"2024-08-26T04:33:51","modified_gmt":"2024-08-26T04:33:51","slug":"soft-1","status":"publish","type":"product","link":"https:\/\/topholds.com\/sv\/erbjudande\/klattringrepp\/soft-1\/","title":{"rendered":"Kl\u00e4ttergrepp Paket Soft 1"},"content":{"rendered":"<p><strong>Soft 1 \u00e4r ett paket med 10 kl\u00e4ttringsholkar<\/strong> med en mjuk och realistisk sandstensstruktur som \u00e5terskapar k\u00e4nslan av naturlig sten.<\/p>\n<p>De har ett <strong>huvud f\u00f6r sj\u00e4lvg\u00e4ngande skruv som f\u00f6rhindrar rotation<\/strong>, vilket g\u00f6r att de inte r\u00f6r sig eller faller av.<\/p>\n<p>F\u00f6r att montera dem korrekt rekommenderar vi att du anv\u00e4nder skruvar M10x40 eller M8x40.<\/p>\n<p>Om du \u00f6nskar en speciell f\u00e4rg, skriv det i &#8221;anteckningar&#8221; eller kontakta oss.<\/p>\n","protected":false},"excerpt":{"rendered":"<ul>\n<li>Soft 1 \u00e4r en upps\u00e4ttning av 10 kl\u00e4ttergrepp<\/li>\n<li>Mjukt sandstenstextur.<\/li>\n<li>Alla har ett h\u00e5l f\u00f6r en anti-rotationsskruv.<\/li>\n<\/ul>\n<p>&nbsp;<\/p>\n","protected":false},"featured_media":9964,"comment_status":"open","ping_status":"closed","template":"","meta":[],"product_brand":[],"product_cat":[425],"product_tag":[],"class_list":{"0":"post-17000","1":"product","2":"type-product","3":"status-publish","4":"has-post-thumbnail","6":"product_cat-klattringrepp","8":"first","9":"instock","10":"taxable","11":"shipping-taxable","12":"purchasable","13":"product-type-simple"},"_links":{"self":[{"href":"https:\/\/topholds.com\/sv\/wp-json\/wp\/v2\/product\/17000","targetHints":{"allow":["GET"]}}],"collection":[{"href":"https:\/\/topholds.com\/sv\/wp-json\/wp\/v2\/product"}],"about":[{"href":"https:\/\/topholds.com\/sv\/wp-json\/wp\/v2\/types\/product"}],"replies":[{"embeddable":true,"href":"https:\/\/topholds.com\/sv\/wp-json\/wp\/v2\/comments?post=17000"}],"wp:featuredmedia":[{"embeddable":true,"href":"https:\/\/topholds.com\/sv\/wp-json\/wp\/v2\/media\/9964"}],"wp:attachment":[{"href":"https:\/\/topholds.com\/sv\/wp-json\/wp\/v2\/media?parent=17000"}],"wp:term":[{"taxonomy":"product_brand","embeddable":true,"href":"https:\/\/topholds.com\/sv\/wp-json\/wp\/v2\/product_brand?post=17000"},{"taxonomy":"product_cat","embeddable":true,"href":"https:\/\/topholds.com\/sv\/wp-json\/wp\/v2\/product_cat?post=17000"},{"taxonomy":"product_tag","embeddable":true,"href":"https:\/\/topholds.com\/sv\/wp-json\/wp\/v2\/product_tag?post=17000"}],"curies":[{"name":"wp","href":"https:\/\/api.w.org\/{rel}","templated":true}]}}