{"id":17005,"date":"2021-01-24T12:17:09","date_gmt":"2021-01-24T12:17:09","guid":{"rendered":"https:\/\/topholds.com\/puppy-trail\/"},"modified":"2024-08-26T04:34:32","modified_gmt":"2024-08-26T04:34:32","slug":"puppy-trail","status":"publish","type":"product","link":"https:\/\/topholds.com\/sv\/erbjudande\/klattringrepp\/barn\/puppy-trail\/","title":{"rendered":"Barnkl\u00e4ttergrepp Paket Puppy Trail"},"content":{"rendered":"<p><strong>Puppy Trail \u00e4r ett paket med 6 kl\u00e4ttringsgrepp f\u00f6r barn<\/strong> med mjuk sandstensstruktur.<\/p>\n<p>De \u00e4r utformade s\u00e5 att barn kan njuta av kl\u00e4ttringen med s\u00e4kerhet och komfort. De passar olika hand- och fotstorlekar.<\/p>\n<p>Du kan enkelt och bekv\u00e4mt <strong>installera dem p\u00e5 vilken yta som helst<\/strong> med skruvar. F\u00f6r br\u00e4dor av 20 mm rekommenderar vi att anv\u00e4nda skruvar p\u00e5 5 x 45 mm.<\/p>\n<p>Om du \u00f6nskar en speciell f\u00e4rg, skriv det i &#8221;noteringar&#8221; eller kontakta oss.<\/p>\n","protected":false},"excerpt":{"rendered":"<ul>\n<li>Puppy Trail \u00e4r ett set med 6 kl\u00e4ttringsgrepp f\u00f6r barn<\/li>\n<li>Mjukt sandstensliknande material.<\/li>\n<li>Perfekta f\u00f6r barn i alla \u00e5ldrar.<\/li>\n<li>Enkel installation p\u00e5 vilken yta som helst med skruvar.<\/li>\n<\/ul>\n","protected":false},"featured_media":20294,"comment_status":"open","ping_status":"closed","template":"","meta":[],"product_brand":[],"product_cat":[479],"product_tag":[],"class_list":{"0":"post-17005","1":"product","2":"type-product","3":"status-publish","4":"has-post-thumbnail","6":"product_cat-barn","8":"first","9":"instock","10":"sale","11":"taxable","12":"shipping-taxable","13":"purchasable","14":"product-type-simple"},"_links":{"self":[{"href":"https:\/\/topholds.com\/sv\/wp-json\/wp\/v2\/product\/17005","targetHints":{"allow":["GET"]}}],"collection":[{"href":"https:\/\/topholds.com\/sv\/wp-json\/wp\/v2\/product"}],"about":[{"href":"https:\/\/topholds.com\/sv\/wp-json\/wp\/v2\/types\/product"}],"replies":[{"embeddable":true,"href":"https:\/\/topholds.com\/sv\/wp-json\/wp\/v2\/comments?post=17005"}],"wp:featuredmedia":[{"embeddable":true,"href":"https:\/\/topholds.com\/sv\/wp-json\/wp\/v2\/media\/20294"}],"wp:attachment":[{"href":"https:\/\/topholds.com\/sv\/wp-json\/wp\/v2\/media?parent=17005"}],"wp:term":[{"taxonomy":"product_brand","embeddable":true,"href":"https:\/\/topholds.com\/sv\/wp-json\/wp\/v2\/product_brand?post=17005"},{"taxonomy":"product_cat","embeddable":true,"href":"https:\/\/topholds.com\/sv\/wp-json\/wp\/v2\/product_cat?post=17005"},{"taxonomy":"product_tag","embeddable":true,"href":"https:\/\/topholds.com\/sv\/wp-json\/wp\/v2\/product_tag?post=17005"}],"curies":[{"name":"wp","href":"https:\/\/api.w.org\/{rel}","templated":true}]}}