{"id":17010,"date":"2021-04-16T11:49:28","date_gmt":"2021-04-16T11:49:28","guid":{"rendered":"https:\/\/topholds.com\/cross-chain-evolution\/"},"modified":"2026-03-28T07:50:08","modified_gmt":"2026-03-28T07:50:08","slug":"cross-chain-evolution","status":"publish","type":"product","link":"https:\/\/topholds.com\/sv\/erbjudande\/hinderbana\/traning\/upphangningar\/cross-chain-evolution\/","title":{"rendered":"Hinderbana Upph\u00e4ngningar Cross Chain Evolution"},"content":{"rendered":"<p>La <strong>suspension av OCR Cross Chain Evolution<\/strong> \u00e4r en cylinder med hake designad f\u00f6r <strong>horisontella eller vertikala progressioner<\/strong> i kedjor eller sm\u00e5 ringar.<\/p>\n<p>Dess storlek \u00e4r justerbar till handens storlek, vilket g\u00f6r den l\u00e4tt att anv\u00e4nda f\u00f6r alla tr\u00e4ningsniv\u00e5er.<\/p>\n<p>Den nya serien Evolution fr\u00e5n TopHolds erbjuder en f\u00f6rb\u00e4ttring av kvaliteten p\u00e5 <em>suspensioner OCR<\/em>. Produkterna \u00e4r tillverkade med <strong>f\u00f6rstklassiga komponenter<\/strong> och estetiken har f\u00f6rb\u00e4ttrats.<\/p>\n<p>Haken har f\u00f6rb\u00e4ttrats och \u00e4r nu tillverkad av h\u00f6g h\u00e5llfast h\u00e4rdat st\u00e5l, vilket g\u00f6r det m\u00f6jligt att arbeta mer effektivt med hinder.<\/p>\n<p>I den nya <strong>Cross Chain Evolution<\/strong> har den obekv\u00e4ma hylsan fr\u00e5n den gamla haken tagits bort f\u00f6r <strong>st\u00f6rre komfort i greppet<\/strong>.<\/p>\n<p>Cylinderns botten har rundats f\u00f6r en perfekt passform i handen och har f\u00f6rst\u00e4rkts med st\u00e5l f\u00f6r att f\u00f6rhindra brott vid d\u00e5liga sidogrepp.<\/p>\n<p><iframe title=\"YouTube video player\" src=\"https:\/\/www.youtube.com\/embed\/n2_DwBUEgdU\" width=\"560\" height=\"315\" frameborder=\"0\" allowfullscreen=\"allowfullscreen\"><\/iframe><\/p>\n<p>Den har en <strong>mycket klibbig och mjuk yta<\/strong> mot h\u00e4nderna, vilket f\u00f6rhindrar att den glider och g\u00f6r att du kan arbeta med uth\u00e5llighet under en l\u00e5ng tid. Det \u00e4r det perfekta komplementet f\u00f6r dina <strong>kl\u00e4ttertr\u00e4ningar, OCR och Crossfit<\/strong>.<\/p>\n<p>Mycket l\u00e4tta, ideala att ta med till v\u00e5ra tr\u00e4ningar var som helst.<\/p>\n<p>F\u00e4rgerna kan skilja sig fr\u00e5n bilden, kontakta oss om du \u00f6nskar en speciell.<\/p>\n","protected":false},"excerpt":{"rendered":"<ul>\n<li>Cylinder med krok f\u00f6r progressioner i kedjor eller sm\u00e5 ringar<\/li>\n<li>Justerbar storlek f\u00f6r alla tr\u00e4ningsniv\u00e5er<\/li>\n<li>Krok f\u00f6r f\u00e4ste tillverkad av h\u00f6gkvalitativt h\u00e4rdat st\u00e5l<\/li>\n<li>Klistrig och mjuk textur f\u00f6r att arbeta med uth\u00e5llighet<\/li>\n<\/ul>\n","protected":false},"featured_media":20299,"comment_status":"open","ping_status":"closed","template":"","meta":[],"product_brand":[],"product_cat":[416,515,517],"product_tag":[],"class_list":{"0":"post-17010","1":"product","2":"type-product","3":"status-publish","4":"has-post-thumbnail","6":"product_cat-hinderbana","7":"product_cat-traning","8":"product_cat-upphangningar","10":"first","11":"instock","12":"sale","13":"taxable","14":"shipping-taxable","15":"purchasable","16":"product-type-simple"},"_links":{"self":[{"href":"https:\/\/topholds.com\/sv\/wp-json\/wp\/v2\/product\/17010","targetHints":{"allow":["GET"]}}],"collection":[{"href":"https:\/\/topholds.com\/sv\/wp-json\/wp\/v2\/product"}],"about":[{"href":"https:\/\/topholds.com\/sv\/wp-json\/wp\/v2\/types\/product"}],"replies":[{"embeddable":true,"href":"https:\/\/topholds.com\/sv\/wp-json\/wp\/v2\/comments?post=17010"}],"wp:featuredmedia":[{"embeddable":true,"href":"https:\/\/topholds.com\/sv\/wp-json\/wp\/v2\/media\/20299"}],"wp:attachment":[{"href":"https:\/\/topholds.com\/sv\/wp-json\/wp\/v2\/media?parent=17010"}],"wp:term":[{"taxonomy":"product_brand","embeddable":true,"href":"https:\/\/topholds.com\/sv\/wp-json\/wp\/v2\/product_brand?post=17010"},{"taxonomy":"product_cat","embeddable":true,"href":"https:\/\/topholds.com\/sv\/wp-json\/wp\/v2\/product_cat?post=17010"},{"taxonomy":"product_tag","embeddable":true,"href":"https:\/\/topholds.com\/sv\/wp-json\/wp\/v2\/product_tag?post=17010"}],"curies":[{"name":"wp","href":"https:\/\/api.w.org\/{rel}","templated":true}]}}