{"id":17015,"date":"2021-04-16T11:54:44","date_gmt":"2021-04-16T11:54:44","guid":{"rendered":"https:\/\/topholds.com\/moon-balls\/"},"modified":"2026-04-01T20:41:07","modified_gmt":"2026-04-01T20:41:07","slug":"moon-balls","status":"publish","type":"product","link":"https:\/\/topholds.com\/sv\/erbjudande\/hinderbana\/traning\/upphangningar\/moon-balls\/","title":{"rendered":"Hinderbana Upph\u00e4ngningar Moon Balls"},"content":{"rendered":"<p><strong>Moon Balls<\/strong> \u00e4r mycket mer \u00e4n bara n\u00e5gra <strong>OCR-h\u00e4ngbollar<\/strong>: de \u00e4r din perfekta tr\u00e4ningspartner f\u00f6r OCR, calisthenics, kl\u00e4ttring eller Crossfit. H\u00e4r \u00e4r n\u00e5gra anledningar till varf\u00f6r du kommer att \u00e4lska dem:<\/p>\n<p>De har en diameter p\u00e5 12 cm och ett h\u00e5l som g\u00f6r att du kan f\u00e4sta dem p\u00e5 handtagen av pegboard och skapa dina egna kombinationer. Du kan <strong>justera sv\u00e5righetsgraden<\/strong> genom att \u00e4ndra avst\u00e5ndet mellan bollarna.<\/p>\n<p>De har en mjuk och ergonomisk design som passar bekv\u00e4mt i din hand och f\u00f6rhindrar skavs\u00e5r eller skador.<\/p>\n<p>De <strong>hj\u00e4lper dig att utveckla greppstyrka<\/strong>, koordination, balans, uth\u00e5llighet och smidighet. Du kan anv\u00e4nda dem f\u00f6r <strong>h\u00e4ngande \u00f6vningar<\/strong>, sv\u00e4ngande r\u00f6relser, dynamiska \u00f6verg\u00e5ngar och mer.<\/p>\n<p>Du kan h\u00e4nga dem p\u00e5 vilken gren, pull-up-bar, offentlig park eller d\u00e4r du hittar en l\u00e4mplig plats. Inga urs\u00e4kter f\u00f6r att hoppa \u00f6ver din tr\u00e4ning!<\/p>\n<p>F\u00e4rgerna kan skilja sig fr\u00e5n bilderna (kontakta oss om du vill ha en speciell). <\/p>\n<p>Priset avser en boll med sn\u00f6re. Handtagen f\u00f6r pegboard ing\u00e5r inte och m\u00e5ste k\u00f6pas separat vid behov.<\/p>\n","protected":false},"excerpt":{"rendered":"<ul>\n<li>Kombinera bollarna med pegboard-handtagen efter din smak och niv\u00e5.<\/li>\n<li>Njut av deras mjuka k\u00e4nsla och ergonomiska form som skonar dina h\u00e4nder.<\/li>\n<li>F\u00f6rb\u00e4ttra din styrka, koordination, balans och uth\u00e5llighet med varierade och roliga \u00f6vningar.<\/li>\n<li>Tr\u00e4na var som helst genom att h\u00e4nga bollarna p\u00e5 valfri st\u00e4llning.<\/li>\n<\/ul>\n","protected":false},"featured_media":20314,"comment_status":"open","ping_status":"closed","template":"","meta":[],"product_brand":[],"product_cat":[416,515,517,514],"product_tag":[],"class_list":{"0":"post-17015","1":"product","2":"type-product","3":"status-publish","4":"has-post-thumbnail","6":"product_cat-hinderbana","7":"product_cat-traning","8":"product_cat-upphangningar","9":"product_cat-klatterbrada","11":"first","12":"instock","13":"sale","14":"taxable","15":"shipping-taxable","16":"purchasable","17":"product-type-simple"},"_links":{"self":[{"href":"https:\/\/topholds.com\/sv\/wp-json\/wp\/v2\/product\/17015","targetHints":{"allow":["GET"]}}],"collection":[{"href":"https:\/\/topholds.com\/sv\/wp-json\/wp\/v2\/product"}],"about":[{"href":"https:\/\/topholds.com\/sv\/wp-json\/wp\/v2\/types\/product"}],"replies":[{"embeddable":true,"href":"https:\/\/topholds.com\/sv\/wp-json\/wp\/v2\/comments?post=17015"}],"wp:featuredmedia":[{"embeddable":true,"href":"https:\/\/topholds.com\/sv\/wp-json\/wp\/v2\/media\/20314"}],"wp:attachment":[{"href":"https:\/\/topholds.com\/sv\/wp-json\/wp\/v2\/media?parent=17015"}],"wp:term":[{"taxonomy":"product_brand","embeddable":true,"href":"https:\/\/topholds.com\/sv\/wp-json\/wp\/v2\/product_brand?post=17015"},{"taxonomy":"product_cat","embeddable":true,"href":"https:\/\/topholds.com\/sv\/wp-json\/wp\/v2\/product_cat?post=17015"},{"taxonomy":"product_tag","embeddable":true,"href":"https:\/\/topholds.com\/sv\/wp-json\/wp\/v2\/product_tag?post=17015"}],"curies":[{"name":"wp","href":"https:\/\/api.w.org\/{rel}","templated":true}]}}