{"id":17020,"date":"2021-05-21T12:44:45","date_gmt":"2021-05-21T12:44:45","guid":{"rendered":"https:\/\/topholds.com\/climbskin-twins\/"},"modified":"2024-08-26T04:36:36","modified_gmt":"2024-08-26T04:36:36","slug":"climbskin-twins","status":"publish","type":"product","link":"https:\/\/topholds.com\/sv\/erbjudande\/hinderbana\/traning\/upphangningar\/climbskin-twins\/","title":{"rendered":"Hinderbana Upph\u00e4ngningar Climbskin Twins"},"content":{"rendered":"<p>Las <strong>suspension Climbskin Twins<\/strong> \u00e4r m\u00e5ngsidiga skivor som erbjuder m\u00e5nga tr\u00e4ningsm\u00f6jligheter. Du kan anv\u00e4nda dem ensamma eller i kombination med andra element, anpassa dem efter din niv\u00e5 och dina m\u00e5l.<\/p>\n<p>I <em>paketet ing\u00e5r 2 dualtexture multipress-skivor<\/em> som g\u00f6r att du kan tr\u00e4na suspensioner med olika vinklar och avst\u00e5nd. De f\u00e4sts p\u00e5 en panel med knoppar som inte kr\u00e4ver nyckel, s\u00e5 du kan enkelt byta dem beroende p\u00e5 dina preferenser eller behov.<\/p>\n<p><strong>Portabla Skivor<\/strong> (inkluderar 2 sn\u00f6ren) \u00e4r grepp som du kan ta med dig vart som helst. Du kan h\u00e4nga dem fr\u00e5n en gren, en st\u00e5ng eller ett f\u00e4ste f\u00f6r att v\u00e4rma upp eller tr\u00e4na din styrka och uth\u00e5llighet.<\/p>\n<p><strong>De kan f\u00e4stas p\u00e5 din TRX<\/strong> f\u00f6r att kombinera suspensions\u00f6vningar med din egen kroppsvikt och f\u00f6rb\u00e4ttra din balans och stabilitet.<\/p>\n<p><strong>Uppv\u00e4rmning med elastiska band<\/strong>. Du kan anv\u00e4nda elastiska band f\u00f6r att v\u00e4rma upp dina muskler och leder innan du tr\u00e4nar med multipress-skivorna. P\u00e5 s\u00e5 s\u00e4tt undviker du skador och f\u00f6rbereder din kropp f\u00f6r anstr\u00e4ngningen.<\/p>\n<p><strong>Dra ett sn\u00f6re<\/strong> dubbelt genom det centrala h\u00e5let och arbeta med vikter. Om du vill \u00f6ka sv\u00e5righetsgraden p\u00e5 dina suspensioner kan du l\u00e4gga till extra vikt p\u00e5 multipress-skivorna genom att dra ett sn\u00f6re dubbelt genom det centrala h\u00e5let och h\u00e4nga en ryggs\u00e4ck, ett viktsystem eller vad du vill.<\/p>\n<p><strong>Systembr\u00e4da<\/strong>. Du kan anv\u00e4nda multipress-skivorna som en del av en systembr\u00e4da, en br\u00e4da med flera grepp placerade symmetriskt som g\u00f6r att du kan tr\u00e4na specifika kl\u00e4ttringsr\u00f6relser och f\u00f6rb\u00e4ttra din teknik och koordination.<\/p>\n","protected":false},"excerpt":{"rendered":"<ul>\n<li>Portabla discon (inkluderar 2 sn\u00f6ren) v\u00e4rma upp och tr\u00e4na var du vill.<\/li>\n<li>Kan f\u00e4stas vid din TRX.<\/li>\n<li>Uppv\u00e4rmning med elastiska band.<\/li>\n<li>Dra ett sn\u00f6re dubbelt genom det centrala h\u00e5let och arbeta med vikt.<\/li>\n<li>Passar f\u00f6r System Board<\/li>\n<\/ul>\n","protected":false},"featured_media":20339,"comment_status":"open","ping_status":"closed","template":"","meta":[],"product_brand":[],"product_cat":[513,416,515,517],"product_tag":[],"class_list":{"0":"post-17020","1":"product","2":"type-product","3":"status-publish","4":"has-post-thumbnail","6":"product_cat-greppbrador","7":"product_cat-hinderbana","8":"product_cat-traning","9":"product_cat-upphangningar","10":"product_shipping_class-ekonomifrakt","12":"first","13":"instock","14":"taxable","15":"shipping-taxable","16":"purchasable","17":"product-type-simple"},"_links":{"self":[{"href":"https:\/\/topholds.com\/sv\/wp-json\/wp\/v2\/product\/17020","targetHints":{"allow":["GET"]}}],"collection":[{"href":"https:\/\/topholds.com\/sv\/wp-json\/wp\/v2\/product"}],"about":[{"href":"https:\/\/topholds.com\/sv\/wp-json\/wp\/v2\/types\/product"}],"replies":[{"embeddable":true,"href":"https:\/\/topholds.com\/sv\/wp-json\/wp\/v2\/comments?post=17020"}],"wp:featuredmedia":[{"embeddable":true,"href":"https:\/\/topholds.com\/sv\/wp-json\/wp\/v2\/media\/20339"}],"wp:attachment":[{"href":"https:\/\/topholds.com\/sv\/wp-json\/wp\/v2\/media?parent=17020"}],"wp:term":[{"taxonomy":"product_brand","embeddable":true,"href":"https:\/\/topholds.com\/sv\/wp-json\/wp\/v2\/product_brand?post=17020"},{"taxonomy":"product_cat","embeddable":true,"href":"https:\/\/topholds.com\/sv\/wp-json\/wp\/v2\/product_cat?post=17020"},{"taxonomy":"product_tag","embeddable":true,"href":"https:\/\/topholds.com\/sv\/wp-json\/wp\/v2\/product_tag?post=17020"}],"curies":[{"name":"wp","href":"https:\/\/api.w.org\/{rel}","templated":true}]}}