{"id":17030,"date":"2021-08-17T18:37:55","date_gmt":"2021-08-17T18:37:55","guid":{"rendered":"https:\/\/topholds.com\/lunas-l6\/"},"modified":"2024-08-26T04:37:44","modified_gmt":"2024-08-26T04:37:44","slug":"lunas-l6","status":"publish","type":"product","link":"https:\/\/topholds.com\/sv\/erbjudande\/klattringrepp\/lunas-l6\/","title":{"rendered":"Kl\u00e4ttergrepp Paket Lunas L6"},"content":{"rendered":"<p><strong>Lunas L6 \u00e4r ett paket med 6 kl\u00e4ttergrepp<\/strong> med en mjuk sandstensstruktur.<\/p>\n<p>Detta <em>kl\u00e4ttergreppspaket<\/em> erbjuder dig tv\u00e5 alternativ f\u00f6r grepp: <strong>positiva reglar och kramgrepp<\/strong>. Du kan placera dem efter din egen preferens eller sv\u00e5righetsgrad. Dessutom har de 2 sm\u00e5 h\u00e5l och ett stort, s\u00e5 att du kan <strong>installera dem med insexskruvar eller med skruvar<\/strong>.<\/p>\n<p>De rekommenderade skruvarna f\u00f6r installation \u00e4r M10x40, men du kan \u00e4ven anv\u00e4nda M8x40.<\/p>\n<p>Greppen kan variera i f\u00e4rg beroende p\u00e5 lagret. Om du f\u00f6redrar en specifik f\u00e4rg, kontakta oss.<\/p>\n","protected":false},"excerpt":{"rendered":"<ul>\n<li>Lunas L6 \u00e4r en sats med 6 grepp med mjuk sandstensstruktur.<\/li>\n<li>Grepp med positiva reglar och pincher.<\/li>\n<li>Enkel och s\u00e4ker installation med skruvar eller pluggskruvar.<\/li>\n<\/ul>\n<p>&nbsp;<\/p>\n","protected":false},"featured_media":20389,"comment_status":"open","ping_status":"closed","template":"","meta":[],"product_brand":[],"product_cat":[425],"product_tag":[],"class_list":{"0":"post-17030","1":"product","2":"type-product","3":"status-publish","4":"has-post-thumbnail","6":"product_cat-klattringrepp","8":"first","9":"instock","10":"taxable","11":"shipping-taxable","12":"purchasable","13":"product-type-simple"},"_links":{"self":[{"href":"https:\/\/topholds.com\/sv\/wp-json\/wp\/v2\/product\/17030","targetHints":{"allow":["GET"]}}],"collection":[{"href":"https:\/\/topholds.com\/sv\/wp-json\/wp\/v2\/product"}],"about":[{"href":"https:\/\/topholds.com\/sv\/wp-json\/wp\/v2\/types\/product"}],"replies":[{"embeddable":true,"href":"https:\/\/topholds.com\/sv\/wp-json\/wp\/v2\/comments?post=17030"}],"wp:featuredmedia":[{"embeddable":true,"href":"https:\/\/topholds.com\/sv\/wp-json\/wp\/v2\/media\/20389"}],"wp:attachment":[{"href":"https:\/\/topholds.com\/sv\/wp-json\/wp\/v2\/media?parent=17030"}],"wp:term":[{"taxonomy":"product_brand","embeddable":true,"href":"https:\/\/topholds.com\/sv\/wp-json\/wp\/v2\/product_brand?post=17030"},{"taxonomy":"product_cat","embeddable":true,"href":"https:\/\/topholds.com\/sv\/wp-json\/wp\/v2\/product_cat?post=17030"},{"taxonomy":"product_tag","embeddable":true,"href":"https:\/\/topholds.com\/sv\/wp-json\/wp\/v2\/product_tag?post=17030"}],"curies":[{"name":"wp","href":"https:\/\/api.w.org\/{rel}","templated":true}]}}