{"id":17035,"date":"2021-08-17T18:38:45","date_gmt":"2021-08-17T18:38:45","guid":{"rendered":"https:\/\/topholds.com\/lunas-m15\/"},"modified":"2024-08-26T04:38:25","modified_gmt":"2024-08-26T04:38:25","slug":"lunas-m15","status":"publish","type":"product","link":"https:\/\/topholds.com\/sv\/erbjudande\/klattringrepp\/lunas-m15\/","title":{"rendered":"Kl\u00e4ttergrepp Paket Lunas M15"},"content":{"rendered":"<p><strong>Lunas M15 \u00e4r ett paket med 15 kl\u00e4ttergrepp<\/strong> med en mjuk sandstens-textur.<\/p>\n<p>Dessa grepp l\u00e5ter dig tr\u00e4na kl\u00e4ttring med <strong>olika typer av grepp<\/strong> som: reglar (positiva eller neutrala) och klemgrepp, f\u00f6r att anpassa dig till olika sv\u00e5righetsgrader.<\/p>\n<p>Dessutom har de 2 sm\u00e5 h\u00e5l och ett stort, s\u00e5 att <strong>du kan installera dem med insexskruvar eller med sj\u00e4lvskruvande skruvar<\/strong>. De rekommenderade skruvarna \u00e4r M10x40, men du kan \u00e4ven anv\u00e4nda M8x40.<\/p>\n<p>Greppen kan variera i f\u00e4rg beroende p\u00e5 tillg\u00e5ng. Om du vill v\u00e4lja en specifik f\u00e4rg, kontakta oss.<\/p>\n","protected":false},"excerpt":{"rendered":"<ul>\n<li>Lunas M15 \u00e4r en upps\u00e4ttning med 15 grepp med mjuk sandstensstruktur.<\/li>\n<li>Grepp med reglar (positiva\/neutrala) och klor.<\/li>\n<li>Enkel och s\u00e4ker installation med skruvar eller sj\u00e4lvg\u00e4ngande skruvar.<\/li>\n<\/ul>\n<p>&nbsp;<\/p>\n<p>&nbsp;<\/p>\n","protected":false},"featured_media":20409,"comment_status":"open","ping_status":"closed","template":"","meta":[],"product_brand":[],"product_cat":[425],"product_tag":[],"class_list":{"0":"post-17035","1":"product","2":"type-product","3":"status-publish","4":"has-post-thumbnail","6":"product_cat-klattringrepp","8":"first","9":"instock","10":"taxable","11":"shipping-taxable","12":"purchasable","13":"product-type-simple"},"_links":{"self":[{"href":"https:\/\/topholds.com\/sv\/wp-json\/wp\/v2\/product\/17035","targetHints":{"allow":["GET"]}}],"collection":[{"href":"https:\/\/topholds.com\/sv\/wp-json\/wp\/v2\/product"}],"about":[{"href":"https:\/\/topholds.com\/sv\/wp-json\/wp\/v2\/types\/product"}],"replies":[{"embeddable":true,"href":"https:\/\/topholds.com\/sv\/wp-json\/wp\/v2\/comments?post=17035"}],"wp:featuredmedia":[{"embeddable":true,"href":"https:\/\/topholds.com\/sv\/wp-json\/wp\/v2\/media\/20409"}],"wp:attachment":[{"href":"https:\/\/topholds.com\/sv\/wp-json\/wp\/v2\/media?parent=17035"}],"wp:term":[{"taxonomy":"product_brand","embeddable":true,"href":"https:\/\/topholds.com\/sv\/wp-json\/wp\/v2\/product_brand?post=17035"},{"taxonomy":"product_cat","embeddable":true,"href":"https:\/\/topholds.com\/sv\/wp-json\/wp\/v2\/product_cat?post=17035"},{"taxonomy":"product_tag","embeddable":true,"href":"https:\/\/topholds.com\/sv\/wp-json\/wp\/v2\/product_tag?post=17035"}],"curies":[{"name":"wp","href":"https:\/\/api.w.org\/{rel}","templated":true}]}}