{"id":17040,"date":"2021-08-17T18:46:48","date_gmt":"2021-08-17T18:46:48","guid":{"rendered":"https:\/\/topholds.com\/lunas-s15\/"},"modified":"2024-08-26T04:38:59","modified_gmt":"2024-08-26T04:38:59","slug":"lunas-s15","status":"publish","type":"product","link":"https:\/\/topholds.com\/sv\/erbjudande\/klattringrepp\/lunas-s15\/","title":{"rendered":"Kl\u00e4ttergrepp Paket Lunas S15"},"content":{"rendered":"<p><strong>Lunas S15 \u00e4r ett kl\u00e4ttringsgreppspaket<\/strong> av h\u00f6g kvalitet, utformat f\u00f6r att tillgodose behoven hos kl\u00e4ttrare p\u00e5 alla niv\u00e5er.<\/p>\n<p>Med totalt 15 grepp, inklusive positiva och neutrala reglar, samt kl\u00e4mmor med <strong>mjukt sandstens-m\u00f6nster<\/strong>, erbjuder detta paket ett stort urval av alternativ f\u00f6r att utmana dina f\u00e4rdigheter p\u00e5 v\u00e4ggen.<\/p>\n<p>Varje grepp har ett <strong>anti-rotationsh\u00e5l<\/strong> f\u00f6r \u00f6kad stabilitet under anv\u00e4ndning.<\/p>\n<p>De skruvar som beh\u00f6vs f\u00f6r installation \u00e4r M10x40 (rekommenderat) eller M8x40.<\/p>\n<p>F\u00e4rgerna kan vara annorlunda \u00e4n p\u00e5 bilden. Om du \u00f6nskar en speciell f\u00e4rg, v\u00e4nligen kontakta oss.<\/p>\n","protected":false},"excerpt":{"rendered":"<ul>\n<li>Lunas S15 \u00e4r en upps\u00e4ttning av 15 grepp med mjuk sandstensstruktur.<\/li>\n<li>Grepp med reglar (positiva \/ neutrala) och klippare.<\/li>\n<li>Alla f\u00f6rsedda med anti-rotationsh\u00e5l.<\/li>\n<\/ul>\n<p>&nbsp;<\/p>\n<p>&nbsp;<\/p>\n","protected":false},"featured_media":20434,"comment_status":"open","ping_status":"closed","template":"","meta":[],"product_brand":[],"product_cat":[425],"product_tag":[],"class_list":{"0":"post-17040","1":"product","2":"type-product","3":"status-publish","4":"has-post-thumbnail","6":"product_cat-klattringrepp","8":"first","9":"instock","10":"taxable","11":"shipping-taxable","12":"purchasable","13":"product-type-simple"},"_links":{"self":[{"href":"https:\/\/topholds.com\/sv\/wp-json\/wp\/v2\/product\/17040","targetHints":{"allow":["GET"]}}],"collection":[{"href":"https:\/\/topholds.com\/sv\/wp-json\/wp\/v2\/product"}],"about":[{"href":"https:\/\/topholds.com\/sv\/wp-json\/wp\/v2\/types\/product"}],"replies":[{"embeddable":true,"href":"https:\/\/topholds.com\/sv\/wp-json\/wp\/v2\/comments?post=17040"}],"wp:featuredmedia":[{"embeddable":true,"href":"https:\/\/topholds.com\/sv\/wp-json\/wp\/v2\/media\/20434"}],"wp:attachment":[{"href":"https:\/\/topholds.com\/sv\/wp-json\/wp\/v2\/media?parent=17040"}],"wp:term":[{"taxonomy":"product_brand","embeddable":true,"href":"https:\/\/topholds.com\/sv\/wp-json\/wp\/v2\/product_brand?post=17040"},{"taxonomy":"product_cat","embeddable":true,"href":"https:\/\/topholds.com\/sv\/wp-json\/wp\/v2\/product_cat?post=17040"},{"taxonomy":"product_tag","embeddable":true,"href":"https:\/\/topholds.com\/sv\/wp-json\/wp\/v2\/product_tag?post=17040"}],"curies":[{"name":"wp","href":"https:\/\/api.w.org\/{rel}","templated":true}]}}