{"id":17055,"date":"2021-08-18T15:06:46","date_gmt":"2021-08-18T15:06:46","guid":{"rendered":"https:\/\/topholds.com\/bubble-mg10\/"},"modified":"2024-08-26T04:40:52","modified_gmt":"2024-08-26T04:40:52","slug":"bubble-mg10","status":"publish","type":"product","link":"https:\/\/topholds.com\/sv\/erbjudande\/klattringrepp\/bubble-mg10\/","title":{"rendered":"Kl\u00e4ttergrepp Paket Bubble MG10"},"content":{"rendered":"<p><strong>Bubble MG10 \u00e4r ett paket med 10 kl\u00e4ttringsgrepp<\/strong> med en mjuk sandstensstruktur.<\/p>\n<p>Dessa grepp ger dig olika greppalternativ som: <strong>kanter, skopor och kl\u00e4mgrepp, s\u00e5 att du kan kl\u00e4ttra med olika sv\u00e5righetsgrader<\/strong>. Dessutom har de ett h\u00e5l f\u00f6r att s\u00e4tta en skruv som f\u00e4ster dem och hindrar dem fr\u00e5n att snurra.<\/p>\n<p>F\u00f6r installationen \u00e4r de skruvar som passar b\u00e4st M10x50, men du kan \u00e4ven anv\u00e4nda M8x50.<\/p>\n<p>Greppen kan ha olika f\u00e4rger beroende p\u00e5 lager. Om du f\u00f6redrar en specifik f\u00e4rg, kontakta oss g\u00e4rna.<\/p>\n","protected":false},"excerpt":{"rendered":"<ul>\n<li>Bubble MG10 \u00e4r ett set med 10 grepp med mjuk sandstensliknande textur.<\/li>\n<li>Grepp med kanter, fickor och klor.<\/li>\n<li>Alla f\u00f6rsedda med h\u00e5l f\u00f6r skruv mot rotation.<\/li>\n<\/ul>\n","protected":false},"featured_media":20499,"comment_status":"open","ping_status":"closed","template":"","meta":[],"product_brand":[],"product_cat":[425],"product_tag":[],"class_list":{"0":"post-17055","1":"product","2":"type-product","3":"status-publish","4":"has-post-thumbnail","6":"product_cat-klattringrepp","8":"first","9":"instock","10":"taxable","11":"shipping-taxable","12":"purchasable","13":"product-type-simple"},"_links":{"self":[{"href":"https:\/\/topholds.com\/sv\/wp-json\/wp\/v2\/product\/17055","targetHints":{"allow":["GET"]}}],"collection":[{"href":"https:\/\/topholds.com\/sv\/wp-json\/wp\/v2\/product"}],"about":[{"href":"https:\/\/topholds.com\/sv\/wp-json\/wp\/v2\/types\/product"}],"replies":[{"embeddable":true,"href":"https:\/\/topholds.com\/sv\/wp-json\/wp\/v2\/comments?post=17055"}],"wp:featuredmedia":[{"embeddable":true,"href":"https:\/\/topholds.com\/sv\/wp-json\/wp\/v2\/media\/20499"}],"wp:attachment":[{"href":"https:\/\/topholds.com\/sv\/wp-json\/wp\/v2\/media?parent=17055"}],"wp:term":[{"taxonomy":"product_brand","embeddable":true,"href":"https:\/\/topholds.com\/sv\/wp-json\/wp\/v2\/product_brand?post=17055"},{"taxonomy":"product_cat","embeddable":true,"href":"https:\/\/topholds.com\/sv\/wp-json\/wp\/v2\/product_cat?post=17055"},{"taxonomy":"product_tag","embeddable":true,"href":"https:\/\/topholds.com\/sv\/wp-json\/wp\/v2\/product_tag?post=17055"}],"curies":[{"name":"wp","href":"https:\/\/api.w.org\/{rel}","templated":true}]}}