{"id":17060,"date":"2021-08-18T15:17:47","date_gmt":"2021-08-18T15:17:47","guid":{"rendered":"https:\/\/topholds.com\/bubble-mp10\/"},"modified":"2024-08-26T04:41:30","modified_gmt":"2024-08-26T04:41:30","slug":"bubble-mp10","status":"publish","type":"product","link":"https:\/\/topholds.com\/sv\/erbjudande\/klattringrepp\/bubble-mp10\/","title":{"rendered":"Kl\u00e4ttergrepp Paket Bubble MP10"},"content":{"rendered":"<p><strong>Bubble MP10 \u00e4r ett paket med 10 kl\u00e4ttringsgrepp<\/strong> med en mjuk sandstensyta.<\/p>\n<p>Dessa grepp erbjuder olika typer av grepp s\u00e5som: kanter, skopor och kl\u00e4mmor, f\u00f6r att anpassa sig till olika sv\u00e5righetsgrader. Dessutom har de ett anti-rotationsh\u00e5l som f\u00f6rhindrar att de r\u00f6r sig eller snurrar.<\/p>\n<p>De rekommenderade skruvarna f\u00f6r <strong>installationen av paketet Bubble MP10<\/strong> \u00e4r M10x40, \u00e4ven om M8x40 ocks\u00e5 kan anv\u00e4ndas.<\/p>\n<p>Greppen kan variera i f\u00e4rg beroende p\u00e5 tillg\u00e4nglighet. Om du vill v\u00e4lja en specifik f\u00e4rg, kontakta oss.<\/p>\n","protected":false},"excerpt":{"rendered":"<ul>\n<li>Bubble MP10 \u00e4r en upps\u00e4ttning med 10 grepp med mjuk sandstensyta.<\/li>\n<li>Grepp med kanter, skopor och plock.<\/li>\n<li>Alla f\u00f6rsedda med rotationsskyddande h\u00e5l.<\/li>\n<\/ul>\n","protected":false},"featured_media":20524,"comment_status":"open","ping_status":"closed","template":"","meta":[],"product_brand":[],"product_cat":[425],"product_tag":[],"class_list":{"0":"post-17060","1":"product","2":"type-product","3":"status-publish","4":"has-post-thumbnail","6":"product_cat-klattringrepp","8":"first","9":"instock","10":"featured","11":"taxable","12":"shipping-taxable","13":"purchasable","14":"product-type-simple"},"_links":{"self":[{"href":"https:\/\/topholds.com\/sv\/wp-json\/wp\/v2\/product\/17060","targetHints":{"allow":["GET"]}}],"collection":[{"href":"https:\/\/topholds.com\/sv\/wp-json\/wp\/v2\/product"}],"about":[{"href":"https:\/\/topholds.com\/sv\/wp-json\/wp\/v2\/types\/product"}],"replies":[{"embeddable":true,"href":"https:\/\/topholds.com\/sv\/wp-json\/wp\/v2\/comments?post=17060"}],"wp:featuredmedia":[{"embeddable":true,"href":"https:\/\/topholds.com\/sv\/wp-json\/wp\/v2\/media\/20524"}],"wp:attachment":[{"href":"https:\/\/topholds.com\/sv\/wp-json\/wp\/v2\/media?parent=17060"}],"wp:term":[{"taxonomy":"product_brand","embeddable":true,"href":"https:\/\/topholds.com\/sv\/wp-json\/wp\/v2\/product_brand?post=17060"},{"taxonomy":"product_cat","embeddable":true,"href":"https:\/\/topholds.com\/sv\/wp-json\/wp\/v2\/product_cat?post=17060"},{"taxonomy":"product_tag","embeddable":true,"href":"https:\/\/topholds.com\/sv\/wp-json\/wp\/v2\/product_tag?post=17060"}],"curies":[{"name":"wp","href":"https:\/\/api.w.org\/{rel}","templated":true}]}}