{"id":17065,"date":"2021-08-18T15:18:26","date_gmt":"2021-08-18T15:18:26","guid":{"rendered":"https:\/\/topholds.com\/bubble-s10\/"},"modified":"2024-08-26T04:42:05","modified_gmt":"2024-08-26T04:42:05","slug":"bubble-s10","status":"publish","type":"product","link":"https:\/\/topholds.com\/sv\/erbjudande\/klattringrepp\/bubble-s10\/","title":{"rendered":"Kl\u00e4ttergrepp Set Bubble S10"},"content":{"rendered":"<p><strong>Setet av kl\u00e4ttringgrepp Bubble MG10<\/strong> erbjuder dig 10 grepp med en mjuk sandstensstruktur som f\u00e5r dig att k\u00e4nna dig som om du kl\u00e4ttrar p\u00e5 naturlig sten. De \u00e4r grepp med kanter, sk\u00e5lar och pincett som l\u00e5ter dig variera typen av grepp och tr\u00e4na din balans och koordination.<\/p>\n<p><em>Greppen Bubble MG10<\/em> har ett s\u00e4kert och robust f\u00e4ste: alla har ett h\u00e5l f\u00f6r skruven som f\u00f6rhindrar att de snurrar eller faller av. Dessutom \u00e4r de l\u00e4tta att installera: du beh\u00f6ver bara skruvar M10x40 (rekommenderade) eller M8x40.<\/p>\n<p>F\u00e4rgerna kan skilja sig fr\u00e5n bilden. Om du \u00f6nskar en speciell f\u00e4rg, v\u00e4nligen kontakta oss.<\/p>\n","protected":false},"excerpt":{"rendered":"<ul>\n<li>Bubble MG10 \u00e4r ett set med 10 grepp med mjuk sandstensytan.<\/li>\n<li>Grepp med kanter, skopor och t\u00e5ng.<\/li>\n<li>Alla f\u00f6rsedda med h\u00e5l f\u00f6r skruv f\u00f6r att motverka rotation.<\/li>\n<\/ul>\n","protected":false},"featured_media":20549,"comment_status":"open","ping_status":"closed","template":"","meta":[],"product_brand":[],"product_cat":[425],"product_tag":[],"class_list":{"0":"post-17065","1":"product","2":"type-product","3":"status-publish","4":"has-post-thumbnail","6":"product_cat-klattringrepp","8":"first","9":"instock","10":"taxable","11":"shipping-taxable","12":"purchasable","13":"product-type-simple"},"_links":{"self":[{"href":"https:\/\/topholds.com\/sv\/wp-json\/wp\/v2\/product\/17065","targetHints":{"allow":["GET"]}}],"collection":[{"href":"https:\/\/topholds.com\/sv\/wp-json\/wp\/v2\/product"}],"about":[{"href":"https:\/\/topholds.com\/sv\/wp-json\/wp\/v2\/types\/product"}],"replies":[{"embeddable":true,"href":"https:\/\/topholds.com\/sv\/wp-json\/wp\/v2\/comments?post=17065"}],"wp:featuredmedia":[{"embeddable":true,"href":"https:\/\/topholds.com\/sv\/wp-json\/wp\/v2\/media\/20549"}],"wp:attachment":[{"href":"https:\/\/topholds.com\/sv\/wp-json\/wp\/v2\/media?parent=17065"}],"wp:term":[{"taxonomy":"product_brand","embeddable":true,"href":"https:\/\/topholds.com\/sv\/wp-json\/wp\/v2\/product_brand?post=17065"},{"taxonomy":"product_cat","embeddable":true,"href":"https:\/\/topholds.com\/sv\/wp-json\/wp\/v2\/product_cat?post=17065"},{"taxonomy":"product_tag","embeddable":true,"href":"https:\/\/topholds.com\/sv\/wp-json\/wp\/v2\/product_tag?post=17065"}],"curies":[{"name":"wp","href":"https:\/\/api.w.org\/{rel}","templated":true}]}}