{"id":17070,"date":"2021-08-18T15:53:36","date_gmt":"2021-08-18T15:53:36","guid":{"rendered":"https:\/\/topholds.com\/romos-l10\/"},"modified":"2024-08-26T04:42:37","modified_gmt":"2024-08-26T04:42:37","slug":"romos-l10","status":"publish","type":"product","link":"https:\/\/topholds.com\/sv\/erbjudande\/klattringrepp\/romos-l10\/","title":{"rendered":"Kl\u00e4ttergrepp Set Romos L10"},"content":{"rendered":"<p><strong>Kl\u00e4ttringsgreppupps\u00e4ttningen Romos L10<\/strong> erbjuder dig 10 grepp med en mjuk sandstensyta som f\u00e5r dig att k\u00e4nna som om du kl\u00e4ttrar p\u00e5 naturlig sten. Det \u00e4r rundade grepp som kommer att utmana dig att h\u00e5lla fast med styrka och precision.<\/p>\n<p><em><strong>Grepp Romos L10<\/strong><\/em> har ett m\u00e5ngsidigt och s\u00e4kert f\u00e4stsystem: alla har 2 sm\u00e5 h\u00e5l och ett stort, s\u00e5 att du kan installera dem med insexskruvar eller skruvar. Dessutom kan du s\u00e4tta dem f\u00f6r rombeteckning eller med reglar, beroende p\u00e5 den sv\u00e5righetsgrad du \u00f6nskar.<\/p>\n<p>Greppen Romos L10 har positiva och neutrala reglar som g\u00f6r att du kan tr\u00e4na dina fingrar och underarmar utan att skada dig. De \u00e4r perfekta f\u00f6r att tr\u00e4na din uth\u00e5llighet och teknik.<\/p>\n<p>F\u00f6r att installera greppen beh\u00f6ver du f\u00f6ljande skruvar:<\/p>\n<ul>\n<li>5 stycken M10x40 (rekommenderade) eller M8x40<\/li>\n<li>2 stycken M10x50 (rekommenderade) eller M8x50<\/li>\n<li>3 stycken M10x60 (rekommenderade) eller M8x60<\/li>\n<\/ul>\n<p>F\u00e4rgerna kan skilja sig fr\u00e5n de som visas p\u00e5 bilden. Om du vill ha n\u00e5gon speciell f\u00e4rg, kontakta oss g\u00e4rna.<\/p>\n","protected":false},"excerpt":{"rendered":"<ul>\n<li>Romos L10 \u00e4r ett greppset med mjuk sandstensstruktur.<\/li>\n<li>M\u00f6jlighet att s\u00e4tta dem f\u00f6r romogrip eller med reglet.<\/li>\n<li>Positiva och neutrala reglet.<\/li>\n<li>Installation med hj\u00e4lp av insexskruvar eller skruvf\u00f6rband.<\/li>\n<\/ul>\n","protected":false},"featured_media":20569,"comment_status":"open","ping_status":"closed","template":"","meta":[],"product_brand":[],"product_cat":[425],"product_tag":[],"class_list":{"0":"post-17070","1":"product","2":"type-product","3":"status-publish","4":"has-post-thumbnail","6":"product_cat-klattringrepp","8":"first","9":"instock","10":"taxable","11":"shipping-taxable","12":"purchasable","13":"product-type-simple"},"_links":{"self":[{"href":"https:\/\/topholds.com\/sv\/wp-json\/wp\/v2\/product\/17070","targetHints":{"allow":["GET"]}}],"collection":[{"href":"https:\/\/topholds.com\/sv\/wp-json\/wp\/v2\/product"}],"about":[{"href":"https:\/\/topholds.com\/sv\/wp-json\/wp\/v2\/types\/product"}],"replies":[{"embeddable":true,"href":"https:\/\/topholds.com\/sv\/wp-json\/wp\/v2\/comments?post=17070"}],"wp:featuredmedia":[{"embeddable":true,"href":"https:\/\/topholds.com\/sv\/wp-json\/wp\/v2\/media\/20569"}],"wp:attachment":[{"href":"https:\/\/topholds.com\/sv\/wp-json\/wp\/v2\/media?parent=17070"}],"wp:term":[{"taxonomy":"product_brand","embeddable":true,"href":"https:\/\/topholds.com\/sv\/wp-json\/wp\/v2\/product_brand?post=17070"},{"taxonomy":"product_cat","embeddable":true,"href":"https:\/\/topholds.com\/sv\/wp-json\/wp\/v2\/product_cat?post=17070"},{"taxonomy":"product_tag","embeddable":true,"href":"https:\/\/topholds.com\/sv\/wp-json\/wp\/v2\/product_tag?post=17070"}],"curies":[{"name":"wp","href":"https:\/\/api.w.org\/{rel}","templated":true}]}}