{"id":17080,"date":"2021-08-18T16:41:31","date_gmt":"2021-08-18T16:41:31","guid":{"rendered":"https:\/\/topholds.com\/soft-0\/"},"modified":"2024-08-26T04:43:51","modified_gmt":"2024-08-26T04:43:51","slug":"soft-0","status":"publish","type":"product","link":"https:\/\/topholds.com\/sv\/erbjudande\/klattringrepp\/soft-0\/","title":{"rendered":"Kl\u00e4ttergrepp Soft 0"},"content":{"rendered":"<p>Om du vill njuta av kl\u00e4ttring med mjuka och behagliga grepp kommer du att \u00e4lska <strong>setet med grepp Soft 0<\/strong>. Det best\u00e5r av 10 grepp med <strong>sandstensstruktur<\/strong> som imiterar naturlig sten och erbjuder olika typer av grepp.<\/p>\n<p><em>Greppen Soft 0<\/em> har ett s\u00e4kert och robust f\u00e4ste: alla <strong>har ett h\u00e5l f\u00f6r skruv med anti-rotationsfunktion<\/strong> som f\u00f6rhindrar att de r\u00f6r p\u00e5 sig eller faller av. Dessutom \u00e4r de l\u00e4tta att installera: du beh\u00f6ver bara M10x40 (rekommenderade) eller M8x40 skruvar.<\/p>\n<p>F\u00e4rgerna kan avvika fr\u00e5n bilden. Om du \u00f6nskar n\u00e5gon speciell f\u00e4rg, kontakta oss g\u00e4rna.<\/p>\n","protected":false},"excerpt":{"rendered":"<ul>\n<li>Soft 0 \u00e4r ett parti med 10 enheter med mjuk sandstenstextur.<\/li>\n<li>Alla f\u00f6rsedd med h\u00e5l f\u00f6r skruvdragare med anti-rotation.<\/li>\n<li>L\u00e4tt installation<\/li>\n<\/ul>\n","protected":false},"featured_media":10733,"comment_status":"open","ping_status":"closed","template":"","meta":[],"product_brand":[],"product_cat":[425],"product_tag":[],"class_list":{"0":"post-17080","1":"product","2":"type-product","3":"status-publish","4":"has-post-thumbnail","6":"product_cat-klattringrepp","8":"first","9":"instock","10":"taxable","11":"shipping-taxable","12":"purchasable","13":"product-type-simple"},"_links":{"self":[{"href":"https:\/\/topholds.com\/sv\/wp-json\/wp\/v2\/product\/17080","targetHints":{"allow":["GET"]}}],"collection":[{"href":"https:\/\/topholds.com\/sv\/wp-json\/wp\/v2\/product"}],"about":[{"href":"https:\/\/topholds.com\/sv\/wp-json\/wp\/v2\/types\/product"}],"replies":[{"embeddable":true,"href":"https:\/\/topholds.com\/sv\/wp-json\/wp\/v2\/comments?post=17080"}],"wp:featuredmedia":[{"embeddable":true,"href":"https:\/\/topholds.com\/sv\/wp-json\/wp\/v2\/media\/10733"}],"wp:attachment":[{"href":"https:\/\/topholds.com\/sv\/wp-json\/wp\/v2\/media?parent=17080"}],"wp:term":[{"taxonomy":"product_brand","embeddable":true,"href":"https:\/\/topholds.com\/sv\/wp-json\/wp\/v2\/product_brand?post=17080"},{"taxonomy":"product_cat","embeddable":true,"href":"https:\/\/topholds.com\/sv\/wp-json\/wp\/v2\/product_cat?post=17080"},{"taxonomy":"product_tag","embeddable":true,"href":"https:\/\/topholds.com\/sv\/wp-json\/wp\/v2\/product_tag?post=17080"}],"curies":[{"name":"wp","href":"https:\/\/api.w.org\/{rel}","templated":true}]}}