{"id":17085,"date":"2021-08-22T11:43:41","date_gmt":"2021-08-22T11:43:41","guid":{"rendered":"https:\/\/topholds.com\/tejp-climbskin-tape\/"},"modified":"2024-08-26T04:44:31","modified_gmt":"2024-08-26T04:44:31","slug":"tejp-climbskin-tape","status":"publish","type":"product","link":"https:\/\/topholds.com\/sv\/erbjudande\/tillbehor\/tejp\/tejp-climbskin-tape\/","title":{"rendered":"Tejp Climbskin Tape"},"content":{"rendered":"<p>Om du \u00e4r en kl\u00e4ttringsentusiast vet du hur viktigt det \u00e4r att skydda dina fingrar fr\u00e5n skador och slitage. D\u00e4rf\u00f6r presenterar vi det mest h\u00e5llbara och bekv\u00e4ma kl\u00e4ttringstejpet p\u00e5 marknaden.<\/p>\n<p><strong>Climbskin Tape<\/strong> \u00e4r tillverkat av 100% bomull, \u00e4r andningsbart och hypoallergent. Dess heta sm\u00e4ltlim f\u00e4ster v\u00e4l p\u00e5 huden utan att l\u00e4mna rester eller irritera. Dess textur erbjuder h\u00f6g friktion och bra grepp i sprickor.<\/p>\n<p>Dessutom \u00e4r Climbskin Tape enkelt att anv\u00e4nda: <strong>det g\u00e5r att klippa med handen utan att anv\u00e4nda sax<\/strong> och anpassar sig till alla storlekar av fingrar. Det har en konstant sp\u00e4nning som varken lossnar eller t\u00e5l.<\/p>\n<p>Med <em>Climbskin Tape kan du kl\u00e4ttra med s\u00e4kerhet och sj\u00e4lvf\u00f6rtroende<\/em>, oavsett om du vill <strong>f\u00f6rebygga skador<\/strong> eller \u00e5terh\u00e4mta dig fr\u00e5n dem. Climbskin Tape inkluderar 1 rulle p\u00e5 1,25 cm x 13,7 m och 2 rullar p\u00e5 0,5 cm x 13,7 m, speciellt f\u00f6r fingertoppar.<\/p>\n<p>Tveka inte l\u00e4ngre och prova det tejp som <strong>de b\u00e4sta kl\u00e4ttrarna rekommenderar<\/strong>: Javier Cano s\u00e4ger att \u00abDet \u00e4r den enda tejpen jag kan tr\u00e4na h\u00e4ngande med\u00bb och KraftFactory p\u00e5st\u00e5r att \u00abDet \u00e4r den b\u00e4sta tejpen vi n\u00e5gonsin har testat\u00bb.<\/p>\n","protected":false},"excerpt":{"rendered":"<ul>\n<li>100% Bomull, andningsbar.<\/li>\n<li>Stark varmklister, l\u00e4mnar inga rester p\u00e5 huden.<\/li>\n<li>Hypoallergen och latexfri.<\/li>\n<li>Motst\u00e5ndskraftig med h\u00f6g friktion f\u00f6r grepp.<\/li>\n<\/ul>\n","protected":false},"featured_media":20624,"comment_status":"open","ping_status":"closed","template":"","meta":[],"product_brand":[],"product_cat":[504,422],"product_tag":[],"class_list":{"0":"post-17085","1":"product","2":"type-product","3":"status-publish","4":"has-post-thumbnail","6":"product_cat-tejp","7":"product_cat-tillbehor","8":"product_shipping_class-ekonomifrakt","10":"first","11":"outofstock","12":"sale","13":"taxable","14":"shipping-taxable","15":"purchasable","16":"product-type-simple"},"_links":{"self":[{"href":"https:\/\/topholds.com\/sv\/wp-json\/wp\/v2\/product\/17085","targetHints":{"allow":["GET"]}}],"collection":[{"href":"https:\/\/topholds.com\/sv\/wp-json\/wp\/v2\/product"}],"about":[{"href":"https:\/\/topholds.com\/sv\/wp-json\/wp\/v2\/types\/product"}],"replies":[{"embeddable":true,"href":"https:\/\/topholds.com\/sv\/wp-json\/wp\/v2\/comments?post=17085"}],"wp:featuredmedia":[{"embeddable":true,"href":"https:\/\/topholds.com\/sv\/wp-json\/wp\/v2\/media\/20624"}],"wp:attachment":[{"href":"https:\/\/topholds.com\/sv\/wp-json\/wp\/v2\/media?parent=17085"}],"wp:term":[{"taxonomy":"product_brand","embeddable":true,"href":"https:\/\/topholds.com\/sv\/wp-json\/wp\/v2\/product_brand?post=17085"},{"taxonomy":"product_cat","embeddable":true,"href":"https:\/\/topholds.com\/sv\/wp-json\/wp\/v2\/product_cat?post=17085"},{"taxonomy":"product_tag","embeddable":true,"href":"https:\/\/topholds.com\/sv\/wp-json\/wp\/v2\/product_tag?post=17085"}],"curies":[{"name":"wp","href":"https:\/\/api.w.org\/{rel}","templated":true}]}}