{"id":17090,"date":"2021-09-16T16:43:45","date_gmt":"2021-09-16T16:43:45","guid":{"rendered":"https:\/\/topholds.com\/expresions\/"},"modified":"2024-08-26T04:45:01","modified_gmt":"2024-08-26T04:45:01","slug":"expresions","status":"publish","type":"product","link":"https:\/\/topholds.com\/sv\/erbjudande\/klattringrepp\/barn\/expresions\/","title":{"rendered":"Kl\u00e4ttergrepp Expresions"},"content":{"rendered":"<p><strong>Expresions \u00e4r ett set med 6 kl\u00e4ttergrepp f\u00f6r barn<\/strong> med roliga former och mjuk sandstensstruktur. Dessa grepp \u00e4r designade f\u00f6r att passa barnens h\u00e4nder i alla \u00e5ldrar och erbjuda bra st\u00f6d f\u00f6r f\u00f6tterna.<\/p>\n<p>Med Expresions kan <strong>barn spela och g\u00f6ra olika ansiktsuttryck medan de kl\u00e4ttrar<\/strong> och utvecklar sin koordination och balans.<\/p>\n<p>Alla grepp har ett anti-rotationsh\u00e5l f\u00f6r \u00f6kad s\u00e4kerhet.<\/p>\n<p>F\u00f6r att installera <em>Expresions-greppen<\/em> beh\u00f6vs M10x40 skruvar (rekommenderade) eller M8x40.<\/p>\n<p>Greppen skickas i olika f\u00e4rger. Om du vill ha en specifik f\u00e4rg, ange det i avsnittet &#8221;noteringar&#8221; eller kontakta oss.<\/p>\n","protected":false},"excerpt":{"rendered":"<ul>\n<li>Utformade f\u00f6r att passa barnens h\u00e4nder och f\u00f6tter.<\/li>\n<li>Mjukt sandstensliknande textur.<\/li>\n<li>Hj\u00e4lper till att utveckla koordination och balans.<\/li>\n<li>Anti-rotationsh\u00e5l f\u00f6r \u00f6kad s\u00e4kerhet.<\/li>\n<\/ul>\n","protected":false},"featured_media":20634,"comment_status":"open","ping_status":"closed","template":"","meta":[],"product_brand":[],"product_cat":[479],"product_tag":[],"class_list":{"0":"post-17090","1":"product","2":"type-product","3":"status-publish","4":"has-post-thumbnail","6":"product_cat-barn","8":"first","9":"instock","10":"sale","11":"taxable","12":"shipping-taxable","13":"purchasable","14":"product-type-simple"},"_links":{"self":[{"href":"https:\/\/topholds.com\/sv\/wp-json\/wp\/v2\/product\/17090","targetHints":{"allow":["GET"]}}],"collection":[{"href":"https:\/\/topholds.com\/sv\/wp-json\/wp\/v2\/product"}],"about":[{"href":"https:\/\/topholds.com\/sv\/wp-json\/wp\/v2\/types\/product"}],"replies":[{"embeddable":true,"href":"https:\/\/topholds.com\/sv\/wp-json\/wp\/v2\/comments?post=17090"}],"wp:featuredmedia":[{"embeddable":true,"href":"https:\/\/topholds.com\/sv\/wp-json\/wp\/v2\/media\/20634"}],"wp:attachment":[{"href":"https:\/\/topholds.com\/sv\/wp-json\/wp\/v2\/media?parent=17090"}],"wp:term":[{"taxonomy":"product_brand","embeddable":true,"href":"https:\/\/topholds.com\/sv\/wp-json\/wp\/v2\/product_brand?post=17090"},{"taxonomy":"product_cat","embeddable":true,"href":"https:\/\/topholds.com\/sv\/wp-json\/wp\/v2\/product_cat?post=17090"},{"taxonomy":"product_tag","embeddable":true,"href":"https:\/\/topholds.com\/sv\/wp-json\/wp\/v2\/product_tag?post=17090"}],"curies":[{"name":"wp","href":"https:\/\/api.w.org\/{rel}","templated":true}]}}