{"id":17095,"date":"2021-09-21T13:49:18","date_gmt":"2021-09-21T13:49:18","guid":{"rendered":"https:\/\/topholds.com\/egyptian-grips\/"},"modified":"2024-08-26T04:45:37","modified_gmt":"2024-08-26T04:45:37","slug":"egyptian-grips","status":"publish","type":"product","link":"https:\/\/topholds.com\/sv\/erbjudande\/hinderbana\/traning\/upphangningar\/egyptian-grips\/","title":{"rendered":"Hinderbana Upph\u00e4ngningar Egyptian Grips"},"content":{"rendered":"<p><strong>Egiptian Grips \u00e4r greppdelar<\/strong> f\u00f6r h\u00e4ngande och drag\u00f6vningar som f\u00e5r dig att svettas och njuta samtidigt. Med dem kan du tr\u00e4na styrka, uth\u00e5llighet och koordination p\u00e5 ett varierat och roligt s\u00e4tt.<\/p>\n<p>Du kan h\u00e5lla dem med en hand ovanifr\u00e5n eller med tv\u00e5 h\u00e4nder fr\u00e5n sidorna, beroende p\u00e5 vilken sv\u00e5righetsgrad du vill ha. Deras yta \u00e4r mjuk men \u00e4nd\u00e5 greppv\u00e4nlig, <strong>perfekt f\u00f6r att tr\u00e4na OCR, kl\u00e4ttring, calisthenics eller crossfit<\/strong>. Dessutom \u00e4r de v\u00e4ldigt l\u00e4tta och enkla att h\u00e4nga upp var som helst med en enkel larknuta.<\/p>\n<p>F\u00e4rgerna kan skilja sig fr\u00e5n bilden (kontakta oss om du \u00f6nskar en speciell f\u00e4rg).<\/p>\n","protected":false},"excerpt":{"rendered":"<ul>\n<li>Egiptiska grepp \u00e4r ett element f\u00f6r upph\u00e4ngningar\/dragnings\u00f6vningar.<\/li>\n<li>Idealiska f\u00f6r att tr\u00e4na styrka, uth\u00e5llighet och koordination.<\/li>\n<li>Mjukt men greppv\u00e4nligt material.<\/li>\n<\/ul>\n","protected":false},"featured_media":20644,"comment_status":"open","ping_status":"closed","template":"","meta":[],"product_brand":[],"product_cat":[416,515,517],"product_tag":[],"class_list":{"0":"post-17095","1":"product","2":"type-product","3":"status-publish","4":"has-post-thumbnail","6":"product_cat-hinderbana","7":"product_cat-traning","8":"product_cat-upphangningar","10":"first","11":"instock","12":"taxable","13":"shipping-taxable","14":"purchasable","15":"product-type-simple"},"_links":{"self":[{"href":"https:\/\/topholds.com\/sv\/wp-json\/wp\/v2\/product\/17095","targetHints":{"allow":["GET"]}}],"collection":[{"href":"https:\/\/topholds.com\/sv\/wp-json\/wp\/v2\/product"}],"about":[{"href":"https:\/\/topholds.com\/sv\/wp-json\/wp\/v2\/types\/product"}],"replies":[{"embeddable":true,"href":"https:\/\/topholds.com\/sv\/wp-json\/wp\/v2\/comments?post=17095"}],"wp:featuredmedia":[{"embeddable":true,"href":"https:\/\/topholds.com\/sv\/wp-json\/wp\/v2\/media\/20644"}],"wp:attachment":[{"href":"https:\/\/topholds.com\/sv\/wp-json\/wp\/v2\/media?parent=17095"}],"wp:term":[{"taxonomy":"product_brand","embeddable":true,"href":"https:\/\/topholds.com\/sv\/wp-json\/wp\/v2\/product_brand?post=17095"},{"taxonomy":"product_cat","embeddable":true,"href":"https:\/\/topholds.com\/sv\/wp-json\/wp\/v2\/product_cat?post=17095"},{"taxonomy":"product_tag","embeddable":true,"href":"https:\/\/topholds.com\/sv\/wp-json\/wp\/v2\/product_tag?post=17095"}],"curies":[{"name":"wp","href":"https:\/\/api.w.org\/{rel}","templated":true}]}}