{"id":17100,"date":"2021-09-21T13:49:54","date_gmt":"2021-09-21T13:49:54","guid":{"rendered":"https:\/\/topholds.com\/egyptian\/"},"modified":"2024-08-26T04:46:11","modified_gmt":"2024-08-26T04:46:11","slug":"egyptian","status":"publish","type":"product","link":"https:\/\/topholds.com\/sv\/erbjudande\/hinderbana\/traning\/grepp\/egyptian\/","title":{"rendered":"Hinderbana Grepp Egyptian"},"content":{"rendered":"<p><strong>Egyptian \u00e4r en OCR-grepp<\/strong> inspirerad av kl\u00e4tterv\u00e4ggen i <strong>Egyptian Race-loppet<\/strong>.<\/p>\n<p>Den har en mjuk sandstensliknande textur och en bred sk\u00e5lad yta som g\u00f6r det m\u00f6jligt att greppa den med en eller tv\u00e5 h\u00e4nder. Den \u00e4r idealisk f\u00f6r alla taklutningar och f\u00e4sts med 4 skruvar.<\/p>\n<p>F\u00e4rgerna kan variera fr\u00e5n bilden, men om du \u00f6nskar en specifik kan du kontakta oss eller specificera det i anteckningarna.<\/p>\n","protected":false},"excerpt":{"rendered":"<ul>\n<li>Har en stor kastrull f\u00f6r en eller tv\u00e5 h\u00e4nder.<\/li>\n<li>Mjukt arsenik-textur.<\/li>\n<li>Idealisk f\u00f6r alla \u00f6verh\u00e4ng.<\/li>\n<\/ul>\n","protected":false},"featured_media":20654,"comment_status":"open","ping_status":"closed","template":"","meta":[],"product_brand":[],"product_cat":[416,518,515,425],"product_tag":[],"class_list":{"0":"post-17100","1":"product","2":"type-product","3":"status-publish","4":"has-post-thumbnail","6":"product_cat-hinderbana","7":"product_cat-grepp","8":"product_cat-traning","9":"product_cat-klattringrepp","11":"first","12":"instock","13":"sale","14":"taxable","15":"shipping-taxable","16":"purchasable","17":"product-type-simple"},"_links":{"self":[{"href":"https:\/\/topholds.com\/sv\/wp-json\/wp\/v2\/product\/17100","targetHints":{"allow":["GET"]}}],"collection":[{"href":"https:\/\/topholds.com\/sv\/wp-json\/wp\/v2\/product"}],"about":[{"href":"https:\/\/topholds.com\/sv\/wp-json\/wp\/v2\/types\/product"}],"replies":[{"embeddable":true,"href":"https:\/\/topholds.com\/sv\/wp-json\/wp\/v2\/comments?post=17100"}],"wp:featuredmedia":[{"embeddable":true,"href":"https:\/\/topholds.com\/sv\/wp-json\/wp\/v2\/media\/20654"}],"wp:attachment":[{"href":"https:\/\/topholds.com\/sv\/wp-json\/wp\/v2\/media?parent=17100"}],"wp:term":[{"taxonomy":"product_brand","embeddable":true,"href":"https:\/\/topholds.com\/sv\/wp-json\/wp\/v2\/product_brand?post=17100"},{"taxonomy":"product_cat","embeddable":true,"href":"https:\/\/topholds.com\/sv\/wp-json\/wp\/v2\/product_cat?post=17100"},{"taxonomy":"product_tag","embeddable":true,"href":"https:\/\/topholds.com\/sv\/wp-json\/wp\/v2\/product_tag?post=17100"}],"curies":[{"name":"wp","href":"https:\/\/api.w.org\/{rel}","templated":true}]}}