{"id":17105,"date":"2021-10-01T18:25:50","date_gmt":"2021-10-01T18:25:50","guid":{"rendered":"https:\/\/topholds.com\/top-dry\/"},"modified":"2024-08-26T04:46:50","modified_gmt":"2024-08-26T04:46:50","slug":"top-dry","status":"publish","type":"product","link":"https:\/\/topholds.com\/sv\/erbjudande\/klattringrepp\/tranings\/top-dry\/","title":{"rendered":"Kl\u00e4ttergrepp Top-Dry"},"content":{"rendered":"<p>Las <strong>Top-Dry \u00e4r verktyg som \u00e4r utformade f\u00f6r att simulera aktiviteter som involverar anv\u00e4ndning av isskruvar<\/strong> som; iskl\u00e4ttring och Dry-Tooling.<\/p>\n<p>De \u00e4r tillverkade i rostfritt st\u00e5l och har ett <strong>ergonomiskt handtag i polyuretan<\/strong> som anpassar sig efter din hand. Dessutom har de en st\u00e5l\u00e4nde i den nedre delen f\u00f6r att skydda din hand mot v\u00e4ggen och ett h\u00e5l f\u00f6r att f\u00e4sta b\u00e4rremmar eller rep.<\/p>\n<p>De <strong>Dry-Tooling grepp \u00e4r 10 grepp med<\/strong> <strong>mjukt sandstensstruktur<\/strong> som enkelt f\u00e4ster med Top-Dry. De finns i storlekarna M och L med bra grepp och \u00e4r idealiska f\u00f6r platt eller l\u00e4tt lutande ytor. De har ocks\u00e5 ett h\u00e5l f\u00f6r en rotationshindrande skruv som f\u00f6rhindrar att de r\u00f6r sig.<\/p>\n<p>F\u00f6r att installera dessa grepp beh\u00f6ver du skruvar M10x50 (rekommenderas) eller M8x50.<\/p>\n<p>Tveka inte l\u00e4ngre och skaffa detta paket med Top-Dry och Dry-Tooling grepp, det perfekta paketet f\u00f6r att tr\u00e4na vinterkl\u00e4ttring p\u00e5 din v\u00e4gg.<\/p>\n<p>F\u00e4rgerna kan variera fr\u00e5n bilden, men om du vill ha en specifik f\u00e4rg kan du kontakta oss eller ange det i anteckningarna.<\/p>\n","protected":false},"excerpt":{"rendered":"<ul>\n<li>Simulator f\u00f6r iskl\u00e4ttring och Dry-Tooling.<\/li>\n<li>Har ett ergonomiskt handtag och ett skyddsstopp.<\/li>\n<li>Kopplas enkelt med greppen.<\/li>\n<li>Har grepp med olika storlekar och texturer.<\/li>\n<\/ul>\n","protected":false},"featured_media":20679,"comment_status":"open","ping_status":"closed","template":"","meta":[],"product_brand":[],"product_cat":[425,478],"product_tag":[],"class_list":{"0":"post-17105","1":"product","2":"type-product","3":"status-publish","4":"has-post-thumbnail","6":"product_cat-klattringrepp","7":"product_cat-tranings","9":"first","10":"instock","11":"sale","12":"taxable","13":"shipping-taxable","14":"purchasable","15":"product-type-variable"},"_links":{"self":[{"href":"https:\/\/topholds.com\/sv\/wp-json\/wp\/v2\/product\/17105","targetHints":{"allow":["GET"]}}],"collection":[{"href":"https:\/\/topholds.com\/sv\/wp-json\/wp\/v2\/product"}],"about":[{"href":"https:\/\/topholds.com\/sv\/wp-json\/wp\/v2\/types\/product"}],"replies":[{"embeddable":true,"href":"https:\/\/topholds.com\/sv\/wp-json\/wp\/v2\/comments?post=17105"}],"wp:featuredmedia":[{"embeddable":true,"href":"https:\/\/topholds.com\/sv\/wp-json\/wp\/v2\/media\/20679"}],"wp:attachment":[{"href":"https:\/\/topholds.com\/sv\/wp-json\/wp\/v2\/media?parent=17105"}],"wp:term":[{"taxonomy":"product_brand","embeddable":true,"href":"https:\/\/topholds.com\/sv\/wp-json\/wp\/v2\/product_brand?post=17105"},{"taxonomy":"product_cat","embeddable":true,"href":"https:\/\/topholds.com\/sv\/wp-json\/wp\/v2\/product_cat?post=17105"},{"taxonomy":"product_tag","embeddable":true,"href":"https:\/\/topholds.com\/sv\/wp-json\/wp\/v2\/product_tag?post=17105"}],"curies":[{"name":"wp","href":"https:\/\/api.w.org\/{rel}","templated":true}]}}