{"id":17110,"date":"2021-10-11T17:00:11","date_gmt":"2021-10-11T17:00:11","guid":{"rendered":"https:\/\/topholds.com\/educa\/"},"modified":"2024-08-26T04:47:23","modified_gmt":"2024-08-26T04:47:23","slug":"educa","status":"publish","type":"product","link":"https:\/\/topholds.com\/sv\/erbjudande\/klattringrepp\/barn\/educa\/","title":{"rendered":"Educa Kl\u00e4ttergrepp Paket"},"content":{"rendered":"<p>El <strong>Pack Educa \u00e4r en upps\u00e4ttning av 50 kl\u00e4ttringgrepp<\/strong> designade f\u00f6r barn och nyb\u00f6rjare. Dessa grepp har en mjuk textur och ett l\u00e4tt och bekv\u00e4mt grepp, \u00e4ven de minsta. Dessutom har de en tillr\u00e4cklig h\u00f6jd f\u00f6r att st\u00f6dja foten bra, vilket underl\u00e4ttar kl\u00e4ttringen med skor.<\/p>\n<p>Men det roligaste med detta pack \u00e4r att greppen har former av siffror, matematiska tecken, vokaler och ansiktsuttryck. S\u00e5 du kan <strong>skapa pedagogiska spel<\/strong> s\u00e5 att de sm\u00e5 kan l\u00e4ra sig medan de kl\u00e4ttrar.<\/p>\n<p>Med dessa spel <strong>stimuleras probleml\u00f6sande motorik, snabba beslutsfattanden<\/strong>, mental ber\u00e4kning och kreativitet.<\/p>\n<p>Dessa <em>barnv\u00e4nliga grepp<\/em> kommer att fylla din v\u00e4gg med f\u00e4rg och n\u00f6je, vilket g\u00f6r den mer attraktiv f\u00f6r de sm\u00e5 kl\u00e4ttrarna.<\/p>\n<p>F\u00f6r att installera dessa grepp p\u00e5 en platta upp till 19 mm beh\u00f6ver du 50 M10x40 insexskruvar och 50 M10 spindeln\u00f6tter (du kan ocks\u00e5 anv\u00e4nda M8 skruvar och muttrar). Om du vill s\u00e4tta dem p\u00e5 en annan yta (tegel, betong, sten \u2026), kontakta oss.<\/p>\n<p>F\u00e4rgerna kan variera fr\u00e5n bilden, men de kommer alltid att vara s\u00e5 varierade som m\u00f6jligt.<\/p>\n<p>De partier som ing\u00e5r i detta pack \u00e4r: siffror, matematiska tecken, vokaler, uttryck, polyeder 01 och polyeder 02.<\/p>\n","protected":false},"excerpt":{"rendered":"<ul>\n<li>Paketet Educa best\u00e5r av 50 grepp som \u00e4r perfekta f\u00f6r barn och nyb\u00f6rjare.<\/li>\n<li>Mjukt material och bekv\u00e4mt grepp<\/li>\n<li>Utbildningsspel med siffror, bokst\u00e4ver och ansikten<\/li>\n<li>Stimulering av kognitiva och motoriska f\u00e4rdigheter<\/li>\n<\/ul>\n","protected":false},"featured_media":20694,"comment_status":"open","ping_status":"closed","template":"","meta":[],"product_brand":[],"product_cat":[479],"product_tag":[],"class_list":{"0":"post-17110","1":"product","2":"type-product","3":"status-publish","4":"has-post-thumbnail","6":"product_cat-barn","8":"first","9":"instock","10":"sale","11":"taxable","12":"shipping-taxable","13":"purchasable","14":"product-type-simple"},"_links":{"self":[{"href":"https:\/\/topholds.com\/sv\/wp-json\/wp\/v2\/product\/17110","targetHints":{"allow":["GET"]}}],"collection":[{"href":"https:\/\/topholds.com\/sv\/wp-json\/wp\/v2\/product"}],"about":[{"href":"https:\/\/topholds.com\/sv\/wp-json\/wp\/v2\/types\/product"}],"replies":[{"embeddable":true,"href":"https:\/\/topholds.com\/sv\/wp-json\/wp\/v2\/comments?post=17110"}],"wp:featuredmedia":[{"embeddable":true,"href":"https:\/\/topholds.com\/sv\/wp-json\/wp\/v2\/media\/20694"}],"wp:attachment":[{"href":"https:\/\/topholds.com\/sv\/wp-json\/wp\/v2\/media?parent=17110"}],"wp:term":[{"taxonomy":"product_brand","embeddable":true,"href":"https:\/\/topholds.com\/sv\/wp-json\/wp\/v2\/product_brand?post=17110"},{"taxonomy":"product_cat","embeddable":true,"href":"https:\/\/topholds.com\/sv\/wp-json\/wp\/v2\/product_cat?post=17110"},{"taxonomy":"product_tag","embeddable":true,"href":"https:\/\/topholds.com\/sv\/wp-json\/wp\/v2\/product_tag?post=17110"}],"curies":[{"name":"wp","href":"https:\/\/api.w.org\/{rel}","templated":true}]}}