{"id":17115,"date":"2021-10-11T17:00:50","date_gmt":"2021-10-11T17:00:50","guid":{"rendered":"https:\/\/topholds.com\/diverti\/"},"modified":"2025-05-21T08:44:38","modified_gmt":"2025-05-21T08:44:38","slug":"diverti","status":"publish","type":"product","link":"https:\/\/topholds.com\/sv\/erbjudande\/klattringrepp\/barn\/diverti\/","title":{"rendered":"Diverti Kl\u00e4ttergrepp Paket"},"content":{"rendered":"<p>Det <strong>roliga paketet Pack Diverti \u00e4r en upps\u00e4ttning av 54 kl\u00e4ttringshandtag f\u00f6r barn<\/strong> i olika f\u00e4rger och former, designade f\u00f6r att barn och nyb\u00f6rjare ska kunna njuta av kl\u00e4ttring.<\/p>\n<p>Handtagen <em>\u00e4r mjuka att ta p\u00e5, l\u00e4tta att greppa och st\u00f6dja foten<\/em>. \u00c4ven de minsta handtagen har tillr\u00e4cklig h\u00f6jd f\u00f6r att s\u00e4kerst\u00e4lla komfort och s\u00e4kerhet f\u00f6r de sm\u00e5. Dessutom m\u00f6jligg\u00f6r handtagen <strong>utveckling av spel och aktiviteter som stimulerar lekfullt l\u00e4rande<\/strong> samt den fysiska, mentala och emotionella utvecklingen av barn.<\/p>\n<p>Buntar som ing\u00e5r i detta paket inkluderar: Djungel, Akvarium, Glad, Uttryck, Spelet, Bubbel S10, F\u00f6rhistorisk S och Iris.<\/p>\n<p>Dessa handtag <strong>kan installeras p\u00e5 olika ytor med l\u00e4mpliga f\u00f6rankringar<\/strong> (konsultera enligt den specifika situationen).<\/p>\n<p>De rekommenderade f\u00f6rankringarna f\u00f6r att installera dem p\u00e5 en br\u00e4da p\u00e5 upp till 19 mm skulle vara 54 M10x40 skruvar, 12 M10x50 skruvar och 54 M10 spindelmutter (det g\u00e5r \u00e4ven att anv\u00e4nda M8 skruvar och muttrar). Om du vill installera dem p\u00e5 en annan yta som tegel, betong eller sten, v\u00e4nligen kontakta oss f\u00f6r specifika rekommendationer.<\/p>\n<p>F\u00e4rgerna kan skilja sig fr\u00e5n bilden, men de kommer alltid att vara s\u00e5 varierade som m\u00f6jligt i nyanser.<\/p>\n","protected":false},"excerpt":{"rendered":"<ul>\n<li>El Pack Diverti best\u00e5r av 54 kl\u00e4ttergrepp f\u00f6r barn i olika f\u00e4rger och former.<\/li>\n<li>Designade s\u00e5 att barn och nyb\u00f6rjare kan njuta av kl\u00e4ttring.<\/li>\n<li>Mjuka vid ber\u00f6ring, l\u00e4tta att greppa och s\u00e4tta foten p\u00e5.<\/li>\n<li>Fr\u00e4mjar den fysiska, mentala och k\u00e4nslom\u00e4ssiga utvecklingen hos barn.<\/li>\n<\/ul>\n","protected":false},"featured_media":20704,"comment_status":"open","ping_status":"closed","template":"","meta":[],"product_brand":[],"product_cat":[479],"product_tag":[],"class_list":{"0":"post-17115","1":"product","2":"type-product","3":"status-publish","4":"has-post-thumbnail","6":"product_cat-barn","8":"first","9":"instock","10":"sale","11":"taxable","12":"shipping-taxable","13":"purchasable","14":"product-type-simple"},"_links":{"self":[{"href":"https:\/\/topholds.com\/sv\/wp-json\/wp\/v2\/product\/17115","targetHints":{"allow":["GET"]}}],"collection":[{"href":"https:\/\/topholds.com\/sv\/wp-json\/wp\/v2\/product"}],"about":[{"href":"https:\/\/topholds.com\/sv\/wp-json\/wp\/v2\/types\/product"}],"replies":[{"embeddable":true,"href":"https:\/\/topholds.com\/sv\/wp-json\/wp\/v2\/comments?post=17115"}],"wp:featuredmedia":[{"embeddable":true,"href":"https:\/\/topholds.com\/sv\/wp-json\/wp\/v2\/media\/20704"}],"wp:attachment":[{"href":"https:\/\/topholds.com\/sv\/wp-json\/wp\/v2\/media?parent=17115"}],"wp:term":[{"taxonomy":"product_brand","embeddable":true,"href":"https:\/\/topholds.com\/sv\/wp-json\/wp\/v2\/product_brand?post=17115"},{"taxonomy":"product_cat","embeddable":true,"href":"https:\/\/topholds.com\/sv\/wp-json\/wp\/v2\/product_cat?post=17115"},{"taxonomy":"product_tag","embeddable":true,"href":"https:\/\/topholds.com\/sv\/wp-json\/wp\/v2\/product_tag?post=17115"}],"curies":[{"name":"wp","href":"https:\/\/api.w.org\/{rel}","templated":true}]}}