{"id":17120,"date":"2021-10-11T17:15:40","date_gmt":"2021-10-11T17:15:40","guid":{"rendered":"https:\/\/topholds.com\/klattergrepp-paket-psikomotorik\/"},"modified":"2024-08-26T04:48:34","modified_gmt":"2024-08-26T04:48:34","slug":"klattergrepp-paket-psikomotorik","status":"publish","type":"product","link":"https:\/\/topholds.com\/sv\/erbjudande\/klattringrepp\/barn\/klattergrepp-paket-psikomotorik\/","title":{"rendered":"Kl\u00e4ttergrepp Paket Psikomotorik"},"content":{"rendered":"<p><strong>Pack Psicomotricitet \u00e4r ett set med 85 f\u00e4rgglada kl\u00e4ttergrepp f\u00f6r barn<\/strong> i roliga former, designade f\u00f6r att barn och nyb\u00f6rjare ska njuta av kl\u00e4ttring.<\/p>\n<p>De <strong>grepp \u00e4r mjuka vid ber\u00f6ring och l\u00e4tta att greppa och st\u00e4lla foten p\u00e5<\/strong>. Vissa grepp har h\u00e5l f\u00f6r att placera pinnar, r\u00f6r eller flytande f\u00f6rem\u00e5l och skapa lekar och hinder som <strong>st\u00e4rker kreativiteten<\/strong>, problembaserat t\u00e4nkande och motorisk koordinering.<\/p>\n<p>Paketen som ing\u00e5r i detta set inkluderar: 1 Tiky, 2 Haku, 1 Niko, 1 Tubis, 1 Tubis Dog, 1 Tubis Frog, 1 Tubis Ball, 1 Tubis Rabbit, 1 Tubis Duck, 5 Tubis Basic, Bubble MP10, Bubble S10, Prehistoric M, Soft 1, Lunas S15 och S1.<\/p>\n<p>Dessa grepp kan installeras p\u00e5 olika ytor med l\u00e4mpliga inf\u00e4stningar (kontakta oss f\u00f6r specifika rekommendationer).<\/p>\n<p>De rekommenderade inf\u00e4stningarna f\u00f6r <strong>installation p\u00e5 en platta upp till 19 mm<\/strong> skulle vara 78 M10x40 insexskruvar, 78 M10 spindeln\u00f6tter och flera pluggskruvar (man kan \u00e4ven anv\u00e4nda M8 skruvar och muttrar). Om du vill installera dem p\u00e5 en annan yta som tegel, betong eller sten, kontakta oss f\u00f6r specifika rekommendationer.<\/p>\n<p>F\u00e4rgerna kan skilja sig fr\u00e5n fotot, men de kommer alltid att vara s\u00e5 varierande som m\u00f6jligt i nyanser.<\/p>\n","protected":false},"excerpt":{"rendered":"<ul>\n<li>Best\u00e5r av 85 klossar, perfekta f\u00f6r barn och nyb\u00f6rjare.<\/li>\n<li>Mjuk textur samt l\u00e4tt att greppa f\u00f6r barnen.<\/li>\n<li>Perfekta f\u00f6r att skapa motorikbanor.<\/li>\n<li>Stimulerar det fysiska, mentala och emotionella utvecklingen hos de sm\u00e5 genom kl\u00e4ttring.<\/li>\n<\/ul>\n","protected":false},"featured_media":20724,"comment_status":"open","ping_status":"closed","template":"","meta":[],"product_brand":[],"product_cat":[479],"product_tag":[],"class_list":{"0":"post-17120","1":"product","2":"type-product","3":"status-publish","4":"has-post-thumbnail","6":"product_cat-barn","8":"first","9":"instock","10":"sale","11":"taxable","12":"shipping-taxable","13":"purchasable","14":"product-type-simple"},"_links":{"self":[{"href":"https:\/\/topholds.com\/sv\/wp-json\/wp\/v2\/product\/17120","targetHints":{"allow":["GET"]}}],"collection":[{"href":"https:\/\/topholds.com\/sv\/wp-json\/wp\/v2\/product"}],"about":[{"href":"https:\/\/topholds.com\/sv\/wp-json\/wp\/v2\/types\/product"}],"replies":[{"embeddable":true,"href":"https:\/\/topholds.com\/sv\/wp-json\/wp\/v2\/comments?post=17120"}],"wp:featuredmedia":[{"embeddable":true,"href":"https:\/\/topholds.com\/sv\/wp-json\/wp\/v2\/media\/20724"}],"wp:attachment":[{"href":"https:\/\/topholds.com\/sv\/wp-json\/wp\/v2\/media?parent=17120"}],"wp:term":[{"taxonomy":"product_brand","embeddable":true,"href":"https:\/\/topholds.com\/sv\/wp-json\/wp\/v2\/product_brand?post=17120"},{"taxonomy":"product_cat","embeddable":true,"href":"https:\/\/topholds.com\/sv\/wp-json\/wp\/v2\/product_cat?post=17120"},{"taxonomy":"product_tag","embeddable":true,"href":"https:\/\/topholds.com\/sv\/wp-json\/wp\/v2\/product_tag?post=17120"}],"curies":[{"name":"wp","href":"https:\/\/api.w.org\/{rel}","templated":true}]}}