{"id":17125,"date":"2021-10-12T09:29:50","date_gmt":"2021-10-12T09:29:50","guid":{"rendered":"https:\/\/topholds.com\/campus\/"},"modified":"2024-08-26T04:49:15","modified_gmt":"2024-08-26T04:49:15","slug":"campus","status":"publish","type":"product","link":"https:\/\/topholds.com\/sv\/erbjudande\/hinderbana\/traning\/grepp\/campus\/","title":{"rendered":"Campus Greppbr\u00e4da"},"content":{"rendered":"<p>La <strong>Regleta de escalada Campus<\/strong> \u00e4r ett m\u00e5ngsidigt tillbeh\u00f6r f\u00f6r att tr\u00e4na styrka och uth\u00e5llighet i fingrarna. Den kan <strong>anv\u00e4ndas p\u00e5 Campus Board<\/strong>, p\u00e5 <strong>Multigrip-plattan<\/strong> eller <strong>som grepp f\u00f6r kl\u00e4tterv\u00e4gg<\/strong>.<\/p>\n<p>Dess mjuka sandstensstruktur skyddar huden och underl\u00e4ttar greppet. Regletan har tv\u00e5 sidor med olika vinklar: en positiv vinkel p\u00e5 105\u00ba och en neutral vinkel p\u00e5 90\u00ba. P\u00e5 s\u00e5 s\u00e4tt kan du variera sv\u00e5righetsgraden och typen av tr\u00e4ning efter dina behov.<\/p>\n<p>Djupet p\u00e5 regletan anges med ett nummer: till exempel har <strong>Regleta Campus<\/strong> 40 ett st\u00f6d p\u00e5 40 millimeter.<\/p>\n<p>F\u00f6r att f\u00e4sta regletan kan du anv\u00e4nda skruvar M10x40 (rekommenderat) eller M8x40, eller s\u00e5 kallade skruvf\u00f6rband. Regleta p\u00e5 15 till\u00e5ter endast skruvf\u00f6rband.<\/p>\n<p>F\u00e4rgerna kan variera beroende p\u00e5 tillg\u00e4nglighet. Om du vill ha en specifik f\u00e4rg, kontakta oss eller ange det i best\u00e4llningsnoterna.<\/p>\n","protected":false},"excerpt":{"rendered":"<ul>\n<li>Allsidig tillbeh\u00f6r f\u00f6r att tr\u00e4na styrka och uth\u00e5llighet i fingrarna.<\/li>\n<li>Mjukt sandigt ytskikt f\u00f6r att skydda huden och underl\u00e4tta greppet.<\/li>\n<li>Tv\u00e5 sidor med olika vinklar f\u00f6r att variera sv\u00e5righetsgraden och typ av arbete.<\/li>\n<li>Kan anv\u00e4ndas p\u00e5 Campus Board, Multigrip-br\u00e4da eller som grepp f\u00f6r kl\u00e4tterv\u00e4ggar.<\/li>\n<\/ul>\n","protected":false},"featured_media":10954,"comment_status":"open","ping_status":"closed","template":"","meta":[],"product_brand":[],"product_cat":[416,518,515,478],"product_tag":[],"class_list":{"0":"post-17125","1":"product","2":"type-product","3":"status-publish","4":"has-post-thumbnail","6":"product_cat-hinderbana","7":"product_cat-grepp","8":"product_cat-traning","9":"product_cat-tranings","11":"first","12":"instock","13":"taxable","14":"shipping-taxable","15":"purchasable","16":"product-type-variable"},"_links":{"self":[{"href":"https:\/\/topholds.com\/sv\/wp-json\/wp\/v2\/product\/17125","targetHints":{"allow":["GET"]}}],"collection":[{"href":"https:\/\/topholds.com\/sv\/wp-json\/wp\/v2\/product"}],"about":[{"href":"https:\/\/topholds.com\/sv\/wp-json\/wp\/v2\/types\/product"}],"replies":[{"embeddable":true,"href":"https:\/\/topholds.com\/sv\/wp-json\/wp\/v2\/comments?post=17125"}],"wp:featuredmedia":[{"embeddable":true,"href":"https:\/\/topholds.com\/sv\/wp-json\/wp\/v2\/media\/10954"}],"wp:attachment":[{"href":"https:\/\/topholds.com\/sv\/wp-json\/wp\/v2\/media?parent=17125"}],"wp:term":[{"taxonomy":"product_brand","embeddable":true,"href":"https:\/\/topholds.com\/sv\/wp-json\/wp\/v2\/product_brand?post=17125"},{"taxonomy":"product_cat","embeddable":true,"href":"https:\/\/topholds.com\/sv\/wp-json\/wp\/v2\/product_cat?post=17125"},{"taxonomy":"product_tag","embeddable":true,"href":"https:\/\/topholds.com\/sv\/wp-json\/wp\/v2\/product_tag?post=17125"}],"curies":[{"name":"wp","href":"https:\/\/api.w.org\/{rel}","templated":true}]}}